{"id":38318,"date":"2023-12-22T21:23:30","date_gmt":"2023-12-22T21:23:30","guid":{"rendered":"https:\/\/e.kosmolat.eu\/product\/elitan-sampuns-platina-efekts-500-ml\/"},"modified":"2026-04-17T07:53:12","modified_gmt":"2026-04-17T07:53:12","slug":"elitan-sampuns-platina-efekts-500-ml","status":"publish","type":"product","link":"https:\/\/e.kosmolat.eu\/lt\/produktas\/elitan-sampuns-platina-efekts-500-ml\/","title":{"rendered":"ELITAN \u0160amp\u016bnas Platinos efektas, 500 ml"},"content":{"rendered":"<p>ELITAN &Scaron;amp\u016bnas Platinos efektas&nbsp;<br \/>\nPrie\u0161 gelton\u012f<br \/>\nTaurioji platina<br \/>\nGervuogi\u0173 ekstraktas<br \/>\n&Scaron;amp\u016bnas \u0161viesintiems plaukams.<br \/>\nNaudojimas: paskirstykite ant dr\u0117gn\u0173 plauk\u0173, suputokite, nuplaukite vandeniu. Atsargumo priemon\u0117s: Patekus \u012f akis, praplauti vandeniu.<br \/>\n&nbsp;<\/p>\n","protected":false},"excerpt":{"rendered":"<p>ELITAN &Scaron;amp\u016bnas Platinos efektas&nbsp; Prie\u0161 gelton\u012f Taurioji platina Gervuogi\u0173 ekstraktas &Scaron;amp\u016bnas \u0161viesintiems plaukams. Naudojimas: paskirstykite ant dr\u0117gn\u0173 plauk\u0173, suputokite, nuplaukite vandeniu. Atsargumo priemon\u0117s: Patekus \u012f akis, praplauti vandeniu. &nbsp;<\/p>\n","protected":false},"featured_media":98151,"template":"","meta":[],"product_cat":[2181],"product_tag":[],"class_list":{"0":"post-38318","1":"product","2":"type-product","3":"status-publish","4":"has-post-thumbnail","6":"product_brand-kombi_ua-lt","7":"product_cat-bez-kategorijas-lt","9":"first","10":"instock","11":"taxable","12":"shipping-taxable","13":"product-type-simple"},"_links":{"self":[{"href":"https:\/\/e.kosmolat.eu\/lt\/wp-json\/wp\/v2\/product\/38318","targetHints":{"allow":["GET"]}}],"collection":[{"href":"https:\/\/e.kosmolat.eu\/lt\/wp-json\/wp\/v2\/product"}],"about":[{"href":"https:\/\/e.kosmolat.eu\/lt\/wp-json\/wp\/v2\/types\/product"}],"wp:featuredmedia":[{"embeddable":true,"href":"https:\/\/e.kosmolat.eu\/lt\/wp-json\/wp\/v2\/media\/98151"}],"wp:attachment":[{"href":"https:\/\/e.kosmolat.eu\/lt\/wp-json\/wp\/v2\/media?parent=38318"}],"wp:term":[{"taxonomy":"product_cat","embeddable":true,"href":"https:\/\/e.kosmolat.eu\/lt\/wp-json\/wp\/v2\/product_cat?post=38318"},{"taxonomy":"product_tag","embeddable":true,"href":"https:\/\/e.kosmolat.eu\/lt\/wp-json\/wp\/v2\/product_tag?post=38318"}],"curies":[{"name":"wp","href":"https:\/\/api.w.org\/{rel}","templated":true}]}}