{"id":38314,"date":"2023-12-22T21:23:11","date_gmt":"2023-12-22T21:23:11","guid":{"rendered":"https:\/\/e.kosmolat.eu\/product\/elitan-sampuns-dumakains-sudrabs-500-ml\/"},"modified":"2026-04-15T10:35:39","modified_gmt":"2026-04-15T10:35:39","slug":"elitan-sampuns-dumakains-sudrabs-500-ml","status":"publish","type":"product","link":"https:\/\/e.kosmolat.eu\/lt\/produktas\/elitan-sampuns-dumakains-sudrabs-500-ml\/","title":{"rendered":"ELITAN \u0160amp\u016bnas D\u016bminis sidabras, 500 ml"},"content":{"rendered":"<p>ELITAN &Scaron;amp\u016bnas D\u016bminis sidabras&nbsp;<br \/>\nPrie\u0161 gelton\u012f<br \/>\n&Scaron;altas sidabras<br \/>\nVynuogi\u0173 s\u0117kl\u0173 aliejus.<br \/>\n&Scaron;amp\u016bnas \u0161viesintiems plaukams.<\/p>\n<p>Naudojimas: paskirstykite ant dr\u0117gn\u0173 plauk\u0173, suputokite, nuplaukite vandeniu. Atsargumo priemon\u0117s: Patekus \u012f akis, praplauti vandeniu.<br \/>\n&nbsp;<\/p>\n","protected":false},"excerpt":{"rendered":"<p>ELITAN &Scaron;amp\u016bnas D\u016bminis sidabras&nbsp; Prie\u0161 gelton\u012f &Scaron;altas sidabras Vynuogi\u0173 s\u0117kl\u0173 aliejus. &Scaron;amp\u016bnas \u0161viesintiems plaukams. Naudojimas: paskirstykite ant dr\u0117gn\u0173 plauk\u0173, suputokite, nuplaukite vandeniu. Atsargumo priemon\u0117s: Patekus \u012f akis, praplauti vandeniu. &nbsp;<\/p>\n","protected":false},"featured_media":98147,"template":"","meta":[],"product_cat":[1251],"product_tag":[],"class_list":{"0":"post-38314","1":"product","2":"type-product","3":"status-publish","4":"has-post-thumbnail","6":"product_brand-kombi_ua-lt","7":"product_cat-sampunai","9":"first","10":"instock","11":"taxable","12":"shipping-taxable","13":"product-type-simple"},"_links":{"self":[{"href":"https:\/\/e.kosmolat.eu\/lt\/wp-json\/wp\/v2\/product\/38314","targetHints":{"allow":["GET"]}}],"collection":[{"href":"https:\/\/e.kosmolat.eu\/lt\/wp-json\/wp\/v2\/product"}],"about":[{"href":"https:\/\/e.kosmolat.eu\/lt\/wp-json\/wp\/v2\/types\/product"}],"wp:featuredmedia":[{"embeddable":true,"href":"https:\/\/e.kosmolat.eu\/lt\/wp-json\/wp\/v2\/media\/98147"}],"wp:attachment":[{"href":"https:\/\/e.kosmolat.eu\/lt\/wp-json\/wp\/v2\/media?parent=38314"}],"wp:term":[{"taxonomy":"product_cat","embeddable":true,"href":"https:\/\/e.kosmolat.eu\/lt\/wp-json\/wp\/v2\/product_cat?post=38314"},{"taxonomy":"product_tag","embeddable":true,"href":"https:\/\/e.kosmolat.eu\/lt\/wp-json\/wp\/v2\/product_tag?post=38314"}],"curies":[{"name":"wp","href":"https:\/\/api.w.org\/{rel}","templated":true}]}}