{"id":38246,"date":"2023-12-22T21:15:45","date_gmt":"2023-12-22T21:15:45","guid":{"rendered":"https:\/\/e.kosmolat.eu\/product\/i_jc-tonejoss-balzams-557-savvalas-kirsi-100-ml\/"},"modified":"2026-01-13T10:03:14","modified_gmt":"2026-01-13T10:03:14","slug":"i_jc-tonejoss-balzams-557-savvalas-kirsi-100-ml","status":"publish","type":"product","link":"https:\/\/e.kosmolat.eu\/lt\/produktas\/i_jc-tonejoss-balzams-557-savvalas-kirsi-100-ml\/","title":{"rendered":"JEE COSMETICS Tonuojantis balzamas 557 Laukin\u0117 vy\u0161nia, 100 ml"},"content":{"rendered":"<p>Jee cosmetics Perfect Pro Color toner&nbsp;Tonuojantis balzamas laikinam plauk\u0173 da\u017eymui.<br \/>\nArgano aliejus skatina plauk\u0173 augim\u0105, gr\u0105\u017eina jiems nat\u016bral\u0173 blizges\u012f. Plaukai atrodo gra\u017e\u016bs ir sveiki.<br \/>\nKeratinas stiprina plauk\u0173 strukt\u016br\u0105, giliai maitina ir dr\u0117kina. Sruogos tampa stipresn\u0117s ir elastingesn\u0117s.<br \/>\nDa\u017eymo rezultatas priklauso nuo plauk\u0173 strukt\u016bros ir pradin\u0117s spalvos, ekspozicijos laiko. Reguliarus naudojimas (1 kart\u0105 per 7-10 dien\u0173) suteikia ilgalaik\u0119, sodri\u0105 spalv\u0105, pakei\u010diant amoniako da\u017e\u0173 naudojim\u0105.<br \/>\n<strong>Pakuot\u0117s turinys:<\/strong> 1 t\u016bbel\u0117 tonuojan\u010dio balzamo 100 ml, 1 pora polietilenini\u0173 pir\u0161tini\u0173, instrukcija.<br \/>\n<strong>Naudojimas:<\/strong> tolygiai paskirstykite ant \u0161vari\u0173, dr\u0117gn\u0173 plauk\u0173. Ekspozicijos laikas parenkamas individualiai nuo 5 iki 30 minu\u010di\u0173. Tada kruop\u0161\u010diai i\u0161skalaukite plaukus vandeniu. Nuplaunamas apytikriai per &nbsp;7 plovimus naudojant \u0161amp\u016bn\u0105.<\/p>\n<p><strong>Atsargumo priemon\u0117s:<\/strong><br \/>\nGali sukelti sunki\u0105 alergin\u0119 reakcij\u0105.<br \/>\n48 valandas prie\u0161 naudojim\u0105 atlikite jautrumo test\u0105. Perskaitykite ir vykdykite instrukcijose pateiktas instrukcijas. Nenaudoti jaunesniems nei 16 met\u0173 asmenims. Laikinos juodosios chna tatuiruot\u0117s padidina alergijos rizik\u0105. Nenaudoti, jei: b\u0117rimas ant veido, jautri, pa\u017eeista ar sudirgusi oda, jei pasirei\u0161k\u0117 alergini\u0173 reakcij\u0173 po plauk\u0173 da\u017eymo ar laikinos juodos chna tatuiruot\u0117s. Patekus \u012f akis, nedelsiant gausiai praplauti vandeniu. M\u016bv\u0117kite apsaugines pir\u0161tines. Laikyti vaikams nepasiekiamoje vietoje.<br \/>\n&nbsp;<\/p>\n","protected":false},"excerpt":{"rendered":"<p>Jee cosmetics Perfect Pro Color toner&nbsp;Tonuojantis balzamas laikinam plauk\u0173 da\u017eymui. Argano aliejus skatina plauk\u0173 augim\u0105, gr\u0105\u017eina jiems nat\u016bral\u0173 blizges\u012f. Plaukai atrodo gra\u017e\u016bs ir sveiki. Keratinas stiprina plauk\u0173 strukt\u016br\u0105, giliai maitina ir dr\u0117kina. Sruogos tampa stipresn\u0117s ir elastingesn\u0117s. Da\u017eymo rezultatas priklauso nuo plauk\u0173 strukt\u016bros ir pradin\u0117s spalvos, ekspozicijos laiko. Reguliarus naudojimas (1 kart\u0105 per 7-10 dien\u0173) [&#8230;]\n","protected":false},"featured_media":103703,"template":"","meta":[],"product_cat":[2181],"product_tag":[],"class_list":{"0":"post-38246","1":"product","2":"type-product","3":"status-publish","4":"has-post-thumbnail","6":"product_brand-kombi_ua-lt","7":"product_cat-bez-kategorijas-lt","9":"first","10":"instock","11":"taxable","12":"shipping-taxable","13":"product-type-simple"},"_links":{"self":[{"href":"https:\/\/e.kosmolat.eu\/lt\/wp-json\/wp\/v2\/product\/38246","targetHints":{"allow":["GET"]}}],"collection":[{"href":"https:\/\/e.kosmolat.eu\/lt\/wp-json\/wp\/v2\/product"}],"about":[{"href":"https:\/\/e.kosmolat.eu\/lt\/wp-json\/wp\/v2\/types\/product"}],"wp:featuredmedia":[{"embeddable":true,"href":"https:\/\/e.kosmolat.eu\/lt\/wp-json\/wp\/v2\/media\/103703"}],"wp:attachment":[{"href":"https:\/\/e.kosmolat.eu\/lt\/wp-json\/wp\/v2\/media?parent=38246"}],"wp:term":[{"taxonomy":"product_cat","embeddable":true,"href":"https:\/\/e.kosmolat.eu\/lt\/wp-json\/wp\/v2\/product_cat?post=38246"},{"taxonomy":"product_tag","embeddable":true,"href":"https:\/\/e.kosmolat.eu\/lt\/wp-json\/wp\/v2\/product_tag?post=38246"}],"curies":[{"name":"wp","href":"https:\/\/api.w.org\/{rel}","templated":true}]}}