{"id":38182,"date":"2023-12-22T21:08:13","date_gmt":"2023-12-22T21:08:13","guid":{"rendered":"https:\/\/e.kosmolat.eu\/product\/bio-naturell-argan-oil-of-morocco-collagen-samp-visiem-matu-tip-946-ml\/"},"modified":"2026-04-23T07:43:15","modified_gmt":"2026-04-23T07:43:15","slug":"bio-naturell-argan-oil-of-morocco-collagen-samp-visiem-matu-tip-946-ml","status":"publish","type":"product","link":"https:\/\/e.kosmolat.eu\/lt\/produktas\/bio-naturell-argan-oil-of-morocco-collagen-samp-visiem-matu-tip-946-ml\/","title":{"rendered":"BIO NATURELL Argan Oil of Morocco &#038; Collagen \u0161amp\u016bnas vis\u0173 tip\u0173 plaukams, 946 ml"},"content":{"rendered":"<p>Ultra energija. 97% ingredient\u0173 yra nat\u016bralios kilm\u0117s. Sud\u0117tyje yra 100% nat\u016brali\u0173 aliej\u0173. Vegani&scaron;kas produktas.<\/p>\n<p><strong>Naudojimas: <\/strong>paskirstykite ant dr\u0117gn\u0173 plauk\u0173, suputokite, nuplaukite vandeniu.<\/p>\n<p><strong>Atsargumo priemon\u0117s:<\/strong> patekus \u012f akis, praplauti vandeniu. Galimas padid\u0117j\u0119s individualus jautrumas atskiriems komponentams.<\/p>\n<p>Laikyti nuo +5 &deg;C iki +25 &deg;C temperat\u016broje.<br \/>\n&nbsp;<\/p>\n","protected":false},"excerpt":{"rendered":"<p>Ultra energija. 97% ingredient\u0173 yra nat\u016bralios kilm\u0117s. Sud\u0117tyje yra 100% nat\u016brali\u0173 aliej\u0173. Vegani&scaron;kas produktas. Naudojimas: paskirstykite ant dr\u0117gn\u0173 plauk\u0173, suputokite, nuplaukite vandeniu. Atsargumo priemon\u0117s: patekus \u012f akis, praplauti vandeniu. Galimas padid\u0117j\u0119s individualus jautrumas atskiriems komponentams. Laikyti nuo +5 &deg;C iki +25 &deg;C temperat\u016broje. &nbsp;<\/p>\n","protected":false},"featured_media":98559,"template":"","meta":[],"product_cat":[1251],"product_tag":[],"class_list":{"0":"post-38182","1":"product","2":"type-product","3":"status-publish","4":"has-post-thumbnail","6":"product_brand-elfa_ua-lt","7":"product_cat-sampunai","9":"first","10":"instock","11":"taxable","12":"shipping-taxable","13":"product-type-simple"},"_links":{"self":[{"href":"https:\/\/e.kosmolat.eu\/lt\/wp-json\/wp\/v2\/product\/38182","targetHints":{"allow":["GET"]}}],"collection":[{"href":"https:\/\/e.kosmolat.eu\/lt\/wp-json\/wp\/v2\/product"}],"about":[{"href":"https:\/\/e.kosmolat.eu\/lt\/wp-json\/wp\/v2\/types\/product"}],"wp:featuredmedia":[{"embeddable":true,"href":"https:\/\/e.kosmolat.eu\/lt\/wp-json\/wp\/v2\/media\/98559"}],"wp:attachment":[{"href":"https:\/\/e.kosmolat.eu\/lt\/wp-json\/wp\/v2\/media?parent=38182"}],"wp:term":[{"taxonomy":"product_cat","embeddable":true,"href":"https:\/\/e.kosmolat.eu\/lt\/wp-json\/wp\/v2\/product_cat?post=38182"},{"taxonomy":"product_tag","embeddable":true,"href":"https:\/\/e.kosmolat.eu\/lt\/wp-json\/wp\/v2\/product_tag?post=38182"}],"curies":[{"name":"wp","href":"https:\/\/api.w.org\/{rel}","templated":true}]}}