{"id":38170,"date":"2023-12-22T21:06:54","date_gmt":"2023-12-22T21:06:54","guid":{"rendered":"https:\/\/e.kosmolat.eu\/product\/elitan-matu-kremkrasa-9-61-perlu-gaisi-gaisi-bruns-50-50-30-ml\/"},"modified":"2026-04-02T06:15:43","modified_gmt":"2026-04-02T06:15:43","slug":"elitan-matu-kremkrasa-9-61-perlu-gaisi-gaisi-bruns-50-50-30-ml","status":"publish","type":"product","link":"https:\/\/e.kosmolat.eu\/lt\/produktas\/elitan-matu-kremkrasa-9-61-perlu-gaisi-gaisi-bruns-50-50-30-ml\/","title":{"rendered":"ELITAN Permanent Hair Color Cream Kremas-da\u017eai plaukams 9.61 Perlas \u0161viesiai ruda, 50\/50\/30 ml"},"content":{"rendered":"<p>Kreminiai plauk\u0173 da\u017eai. Deimantinio blizgesio technologija. Plaukai yra kaip geriausias deimantinis si\u016blas. Plauk\u0173 blizgesio laipsnis priklauso nuo vis\u0173 jo mikrodaleli\u0173 optini\u0173 savybi\u0173, kuriose, kaip ir deimantuose, atsispindi \u0161viesos bangos (fotonai). Ylang-ylang aliejus ir keratinas maitina, atkuria plaukus; prisideda prie stabilios pigmento fiksacijos visame plauko gylyje; \u0161alina i\u0161si\u0161akojusius plauk\u0173 galiukus ir \u0161iurk\u0161tum\u0105, taip pagerina j\u0173 optines savybes (blizges\u012f). Prie\u0161: \u0161viesos bangos (fotonai) silpnai i\u0161sisklaido pa\u017eeisto plauko pavir\u0161iuje. Po: Brilliant Shine technologija. Nuo kiekvienos pigmento mikrodalel\u0117s intensyviai atsispindi fotonai, suformuojant spindint\u012f blizges\u012f ir ry\u0161ki\u0173 spalv\u0173 atk\u016brim\u0105.<\/p>\n<p><strong>Pakuot\u0117je:<\/strong> kreminiai plauk\u0173 da\u017eai 50 ml, oksidacin\u0117 emulsija 50 ml, kauk\u0117-balzamas 30 ml, polietilenin\u0117s pir\u0161tin\u0117s &#8211; 1 pora, instrukcija 2 vnt.<\/p>\n<p><strong>Naudojimas:<\/strong> vadovaukit\u0117s instrukcijomis.<br \/>\n<strong>Atsargumo priemon\u0117s:<\/strong> Sud\u0117tyje yra amoniako, vandenilio peroksido, rezorcinolio, fenilendiamin\u0173 (toluendiamin\u0173). Gali sukelti sunki\u0105 alergin\u0119 reakcij\u0105. 48 valandas prie\u0161 naudojim\u0105 atlikite alergijos test\u0105. Perskaitykite ir vykdykite instrukcijas. Nenaudoti jaunesniems nei 16 met\u0173 asmenims. Laikinos juodosios chna tatuiruot\u0117s padidina alergin\u0117s reakcijos rizik\u0105. Nenaudoti, jei: i\u0161b\u0117r\u0117 veid\u0105, jautri, pa\u017eeista, sudirgusi galvos oda, pasirei\u0161k\u0117 alergin\u0117 reakcija \u012f juodos chna da\u017eus ar laikin\u0105 tatuiruot\u0119. Vengti patekimo \u012f akis. Patekus \u012f akis, nedelsiant gausiai praplauti vandeniu. Nenaudoti antakiams ir blakstienoms da\u017eyti. &nbsp;Naudokite apsaugines pir\u0161tines. Pasibaigus ekspozicijos laikui, mi\u0161in\u012f gerai nuplaukite. Laikyti vaikams nepasiekiamoje vietoje.<br \/>\n&nbsp;<\/p>\n","protected":false},"excerpt":{"rendered":"<p>Kreminiai plauk\u0173 da\u017eai. Deimantinio blizgesio technologija. Plaukai yra kaip geriausias deimantinis si\u016blas. Plauk\u0173 blizgesio laipsnis priklauso nuo vis\u0173 jo mikrodaleli\u0173 optini\u0173 savybi\u0173, kuriose, kaip ir deimantuose, atsispindi \u0161viesos bangos (fotonai). Ylang-ylang aliejus ir keratinas maitina, atkuria plaukus; prisideda prie stabilios pigmento fiksacijos visame plauko gylyje; \u0161alina i\u0161si\u0161akojusius plauk\u0173 galiukus ir \u0161iurk\u0161tum\u0105, taip pagerina j\u0173 optines [&#8230;]\n","protected":false},"featured_media":98139,"template":"","meta":[],"product_cat":[1442],"product_tag":[],"class_list":{"0":"post-38170","1":"product","2":"type-product","3":"status-publish","4":"has-post-thumbnail","6":"product_brand-kombi_ua-lt","7":"product_cat-plauku-dazai-plauku-dazai","9":"first","10":"instock","11":"taxable","12":"shipping-taxable","13":"product-type-simple"},"_links":{"self":[{"href":"https:\/\/e.kosmolat.eu\/lt\/wp-json\/wp\/v2\/product\/38170","targetHints":{"allow":["GET"]}}],"collection":[{"href":"https:\/\/e.kosmolat.eu\/lt\/wp-json\/wp\/v2\/product"}],"about":[{"href":"https:\/\/e.kosmolat.eu\/lt\/wp-json\/wp\/v2\/types\/product"}],"wp:featuredmedia":[{"embeddable":true,"href":"https:\/\/e.kosmolat.eu\/lt\/wp-json\/wp\/v2\/media\/98139"}],"wp:attachment":[{"href":"https:\/\/e.kosmolat.eu\/lt\/wp-json\/wp\/v2\/media?parent=38170"}],"wp:term":[{"taxonomy":"product_cat","embeddable":true,"href":"https:\/\/e.kosmolat.eu\/lt\/wp-json\/wp\/v2\/product_cat?post=38170"},{"taxonomy":"product_tag","embeddable":true,"href":"https:\/\/e.kosmolat.eu\/lt\/wp-json\/wp\/v2\/product_tag?post=38170"}],"curies":[{"name":"wp","href":"https:\/\/api.w.org\/{rel}","templated":true}]}}