{"id":38154,"date":"2023-12-22T21:05:39","date_gmt":"2023-12-22T21:05:39","guid":{"rendered":"https:\/\/e.kosmolat.eu\/product\/bespoke-men-fresh-citrus-and-vetiver-parfimerijas-udens-100-ml\/"},"modified":"2026-04-15T10:33:29","modified_gmt":"2026-04-15T10:33:29","slug":"bespoke-men-fresh-citrus-and-vetiver-parfimerijas-udens-100-ml","status":"publish","type":"product","link":"https:\/\/e.kosmolat.eu\/lt\/produktas\/bespoke-men-fresh-citrus-and-vetiver-parfimerijas-udens-100-ml\/","title":{"rendered":"BESPOKE LONDON Fresh Citrus and Vetiver kvapusis vanduo 100 ml"},"content":{"rendered":"<p>BESPOKE LONDON Fresh Citrus and Vetiver kvapusis vanduo 100 ml<\/p>\n<p>\u012eSP\u0116JIMAS: Degi, kol i\u0161garuoja. Nenaudokite \u0161alia ugnies, liepsnos ar \u0161ildymo element\u0173.<\/p>\n<p>DEGUS Skystis ir garai,&nbsp;<br \/>\n75 % t\u016brio.<br \/>\n&nbsp;<\/p>\n","protected":false},"excerpt":{"rendered":"<p>BESPOKE LONDON Fresh Citrus and Vetiver kvapusis vanduo 100 ml \u012eSP\u0116JIMAS: Degi, kol i\u0161garuoja. Nenaudokite \u0161alia ugnies, liepsnos ar \u0161ildymo element\u0173. DEGUS Skystis ir garai,&nbsp; 75 % t\u016brio. &nbsp;<\/p>\n","protected":false},"featured_media":105144,"template":"","meta":[],"product_cat":[1447],"product_tag":[],"class_list":{"0":"post-38154","1":"product","2":"type-product","3":"status-publish","4":"has-post-thumbnail","6":"product_brand-incos_gb-lt","7":"product_cat-kvepalai-ir-tualetinis-vanduo-moterims","9":"first","10":"instock","11":"taxable","12":"shipping-taxable","13":"product-type-simple"},"_links":{"self":[{"href":"https:\/\/e.kosmolat.eu\/lt\/wp-json\/wp\/v2\/product\/38154","targetHints":{"allow":["GET"]}}],"collection":[{"href":"https:\/\/e.kosmolat.eu\/lt\/wp-json\/wp\/v2\/product"}],"about":[{"href":"https:\/\/e.kosmolat.eu\/lt\/wp-json\/wp\/v2\/types\/product"}],"wp:featuredmedia":[{"embeddable":true,"href":"https:\/\/e.kosmolat.eu\/lt\/wp-json\/wp\/v2\/media\/105144"}],"wp:attachment":[{"href":"https:\/\/e.kosmolat.eu\/lt\/wp-json\/wp\/v2\/media?parent=38154"}],"wp:term":[{"taxonomy":"product_cat","embeddable":true,"href":"https:\/\/e.kosmolat.eu\/lt\/wp-json\/wp\/v2\/product_cat?post=38154"},{"taxonomy":"product_tag","embeddable":true,"href":"https:\/\/e.kosmolat.eu\/lt\/wp-json\/wp\/v2\/product_tag?post=38154"}],"curies":[{"name":"wp","href":"https:\/\/api.w.org\/{rel}","templated":true}]}}