{"id":38138,"date":"2023-12-22T21:04:19","date_gmt":"2023-12-22T21:04:19","guid":{"rendered":"https:\/\/e.kosmolat.eu\/product\/smarzudens-viriesiem-solar-gold-100-ml\/"},"modified":"2025-08-25T04:13:13","modified_gmt":"2025-08-25T04:13:13","slug":"smarzudens-viriesiem-solar-gold-100-ml","status":"publish","type":"product","link":"https:\/\/e.kosmolat.eu\/lt\/produktas\/smarzudens-viriesiem-solar-gold-100-ml\/","title":{"rendered":"FLAVIO NERI Parfumuotas vanduo vyrams SOLAR GOLD, 100 ml"},"content":{"rendered":"<p>FLAVIO NERI Parfumuotas vanduo vyrams SOLAR GOLD.<br \/>\n<strong>Kvap\u0173 \u0161eima:<\/strong> medienos gintaras.<br \/>\n<strong>Vir\u0161utin\u0117s natos:<\/strong> greipfrutas, ananasas, mandarinas, druska.<br \/>\n<strong>Pagrindin\u0117s natos:<\/strong> lamdanumas, \u0105\u017euolo samanos, oda, tuberoza.<\/p>\n<p><strong>Laikyti nuo +5&deg;C iki +25&deg;C temperat\u016broje. Parfumerijos gaminius grie\u017etai draud\u017eiama laikyti tiesioginiuose saul\u0117s spinduliuose ir veikiant \u0161ildymo \u012frangai. Tik i\u0161oriniam naudojimui. Vengti patekimo \u012f akis. Nepurk\u0161kite \u0161alia atviros liepsnos. Naudojimas maistui pavojingas gyvybei ir sveikatai.<\/strong><br \/>\n&nbsp;<\/p>\n","protected":false},"excerpt":{"rendered":"<p>FLAVIO NERI Parfumuotas vanduo vyrams SOLAR GOLD. Kvap\u0173 \u0161eima: medienos gintaras. Vir\u0161utin\u0117s natos: greipfrutas, ananasas, mandarinas, druska. Pagrindin\u0117s natos: lamdanumas, \u0105\u017euolo samanos, oda, tuberoza. Laikyti nuo +5&deg;C iki +25&deg;C temperat\u016broje. Parfumerijos gaminius grie\u017etai draud\u017eiama laikyti tiesioginiuose saul\u0117s spinduliuose ir veikiant \u0161ildymo \u012frangai. Tik i\u0161oriniam naudojimui. Vengti patekimo \u012f akis. Nepurk\u0161kite \u0161alia atviros liepsnos. Naudojimas maistui [&#8230;]\n","protected":false},"featured_media":15489,"template":"","meta":[],"product_cat":[1438],"product_tag":[],"class_list":{"0":"post-38138","1":"product","2":"type-product","3":"status-publish","4":"has-post-thumbnail","6":"product_brand-parfum-by-lt","7":"product_cat-kvepalai-ir-tualetinis-vanduo-vyrams","9":"first","10":"outofstock","11":"taxable","12":"shipping-taxable","13":"product-type-simple"},"_links":{"self":[{"href":"https:\/\/e.kosmolat.eu\/lt\/wp-json\/wp\/v2\/product\/38138","targetHints":{"allow":["GET"]}}],"collection":[{"href":"https:\/\/e.kosmolat.eu\/lt\/wp-json\/wp\/v2\/product"}],"about":[{"href":"https:\/\/e.kosmolat.eu\/lt\/wp-json\/wp\/v2\/types\/product"}],"wp:featuredmedia":[{"embeddable":true,"href":"https:\/\/e.kosmolat.eu\/lt\/wp-json\/wp\/v2\/media\/15489"}],"wp:attachment":[{"href":"https:\/\/e.kosmolat.eu\/lt\/wp-json\/wp\/v2\/media?parent=38138"}],"wp:term":[{"taxonomy":"product_cat","embeddable":true,"href":"https:\/\/e.kosmolat.eu\/lt\/wp-json\/wp\/v2\/product_cat?post=38138"},{"taxonomy":"product_tag","embeddable":true,"href":"https:\/\/e.kosmolat.eu\/lt\/wp-json\/wp\/v2\/product_tag?post=38138"}],"curies":[{"name":"wp","href":"https:\/\/api.w.org\/{rel}","templated":true}]}}