{"id":38134,"date":"2023-12-22T21:04:01","date_gmt":"2023-12-22T21:04:01","guid":{"rendered":"https:\/\/e.kosmolat.eu\/product\/smarzudens-viriesiem-neri-nobile-100-ml\/"},"modified":"2025-05-07T17:20:48","modified_gmt":"2025-05-07T17:20:48","slug":"smarzudens-viriesiem-neri-nobile-100-ml","status":"publish","type":"product","link":"https:\/\/e.kosmolat.eu\/lt\/produktas\/smarzudens-viriesiem-neri-nobile-100-ml\/","title":{"rendered":"FLAVIO NERI PARFUMS Kvepalai vyrams NERI NOBILE, 100 ml"},"content":{"rendered":"<p>FLAVIO NERI Parfumuotas vanduo vyrams NERI NOBILE.<br \/>\n<strong>Kvap\u0173 \u0161eima:<\/strong> medienos aromatas.<br \/>\n<strong>Vir\u0161utin\u0117s natos:<\/strong> raudonas apelsinas, citrina, kadagys.<br \/>\n<strong>Pagrindin\u0117s natos:<\/strong> kedras, vetiverijos, pa\u010diuliai.<\/p>\n<p><strong>Laikyti nuo +5&deg;C iki +25&deg;C temperat\u016broje. Parfumerijos gaminius grie\u017etai draud\u017eiama laikyti tiesioginiuose saul\u0117s spinduliuose ir veikiant \u0161ildymo \u012frangai. Tik i\u0161oriniam naudojimui. Vengti patekimo \u012f akis. Nepurk\u0161kite \u0161alia atviros liepsnos. Naudojimas maistui pavojingas gyvybei ir sveikatai.<\/strong><br \/>\n&nbsp;<\/p>\n","protected":false},"excerpt":{"rendered":"<p>FLAVIO NERI Parfumuotas vanduo vyrams NERI NOBILE. Kvap\u0173 \u0161eima: medienos aromatas. Vir\u0161utin\u0117s natos: raudonas apelsinas, citrina, kadagys. Pagrindin\u0117s natos: kedras, vetiverijos, pa\u010diuliai. Laikyti nuo +5&deg;C iki +25&deg;C temperat\u016broje. Parfumerijos gaminius grie\u017etai draud\u017eiama laikyti tiesioginiuose saul\u0117s spinduliuose ir veikiant \u0161ildymo \u012frangai. Tik i\u0161oriniam naudojimui. Vengti patekimo \u012f akis. Nepurk\u0161kite \u0161alia atviros liepsnos. Naudojimas maistui pavojingas gyvybei [&#8230;]\n","protected":false},"featured_media":2566,"template":"","meta":[],"product_cat":[2181],"product_tag":[],"class_list":{"0":"post-38134","1":"product","2":"type-product","3":"status-publish","4":"has-post-thumbnail","6":"product_brand-parfum-by-lt","7":"product_cat-bez-kategorijas-lt","9":"first","10":"outofstock","11":"taxable","12":"shipping-taxable","13":"product-type-simple"},"_links":{"self":[{"href":"https:\/\/e.kosmolat.eu\/lt\/wp-json\/wp\/v2\/product\/38134","targetHints":{"allow":["GET"]}}],"collection":[{"href":"https:\/\/e.kosmolat.eu\/lt\/wp-json\/wp\/v2\/product"}],"about":[{"href":"https:\/\/e.kosmolat.eu\/lt\/wp-json\/wp\/v2\/types\/product"}],"wp:featuredmedia":[{"embeddable":true,"href":"https:\/\/e.kosmolat.eu\/lt\/wp-json\/wp\/v2\/media\/2566"}],"wp:attachment":[{"href":"https:\/\/e.kosmolat.eu\/lt\/wp-json\/wp\/v2\/media?parent=38134"}],"wp:term":[{"taxonomy":"product_cat","embeddable":true,"href":"https:\/\/e.kosmolat.eu\/lt\/wp-json\/wp\/v2\/product_cat?post=38134"},{"taxonomy":"product_tag","embeddable":true,"href":"https:\/\/e.kosmolat.eu\/lt\/wp-json\/wp\/v2\/product_tag?post=38134"}],"curies":[{"name":"wp","href":"https:\/\/api.w.org\/{rel}","templated":true}]}}