{"id":38122,"date":"2023-12-22T21:00:54","date_gmt":"2023-12-22T21:00:54","guid":{"rendered":"https:\/\/e.kosmolat.eu\/product\/donegal-birste-sausajai-masazai\/"},"modified":"2025-06-12T07:16:46","modified_gmt":"2025-06-12T07:16:46","slug":"donegal-birste-sausajai-masazai","status":"publish","type":"product","link":"https:\/\/e.kosmolat.eu\/lt\/produktas\/donegal-birste-sausajai-masazai\/","title":{"rendered":"DONEGAL \u0160epet\u0117lis sausam masa\u017eui"},"content":{"rendered":"<p>&Scaron;epet\u0117lis sausam k\u016bno masa\u017eui. Sistemingai naudojant, jis skatina kraujotak\u0105 ir odos atsinaujinim\u0105.<br \/>\n<strong>Naudojimas:<\/strong> masa\u017euokite k\u016bn\u0105 \u0161epet\u0117liu, pradedant nuo p\u0117d\u0173 ir judant link vir\u0161utin\u0117s k\u016bno dalies. Sukamaisiais judesiais masa\u017euokite od\u0105. Masa\u017eui skirkite 5-10 minu\u010di\u0173.<br \/>\n&nbsp;<\/p>\n","protected":false},"excerpt":{"rendered":"<p>&Scaron;epet\u0117lis sausam k\u016bno masa\u017eui. Sistemingai naudojant, jis skatina kraujotak\u0105 ir odos atsinaujinim\u0105. Naudojimas: masa\u017euokite k\u016bn\u0105 \u0161epet\u0117liu, pradedant nuo p\u0117d\u0173 ir judant link vir\u0161utin\u0117s k\u016bno dalies. Sukamaisiais judesiais masa\u017euokite od\u0105. Masa\u017eui skirkite 5-10 minu\u010di\u0173. &nbsp;<\/p>\n","protected":false},"featured_media":2476,"template":"","meta":[],"product_cat":[1829],"product_tag":[],"class_list":{"0":"post-38122","1":"product","2":"type-product","3":"status-publish","4":"has-post-thumbnail","6":"product_brand-donegal-sp-zo-o-_pl-lt","7":"product_cat-kuno-prieziuros-priemones","9":"first","10":"outofstock","11":"taxable","12":"shipping-taxable","13":"product-type-simple"},"_links":{"self":[{"href":"https:\/\/e.kosmolat.eu\/lt\/wp-json\/wp\/v2\/product\/38122","targetHints":{"allow":["GET"]}}],"collection":[{"href":"https:\/\/e.kosmolat.eu\/lt\/wp-json\/wp\/v2\/product"}],"about":[{"href":"https:\/\/e.kosmolat.eu\/lt\/wp-json\/wp\/v2\/types\/product"}],"wp:featuredmedia":[{"embeddable":true,"href":"https:\/\/e.kosmolat.eu\/lt\/wp-json\/wp\/v2\/media\/2476"}],"wp:attachment":[{"href":"https:\/\/e.kosmolat.eu\/lt\/wp-json\/wp\/v2\/media?parent=38122"}],"wp:term":[{"taxonomy":"product_cat","embeddable":true,"href":"https:\/\/e.kosmolat.eu\/lt\/wp-json\/wp\/v2\/product_cat?post=38122"},{"taxonomy":"product_tag","embeddable":true,"href":"https:\/\/e.kosmolat.eu\/lt\/wp-json\/wp\/v2\/product_tag?post=38122"}],"curies":[{"name":"wp","href":"https:\/\/api.w.org\/{rel}","templated":true}]}}