{"id":38118,"date":"2023-12-22T21:00:40","date_gmt":"2023-12-22T21:00:40","guid":{"rendered":"https:\/\/e.kosmolat.eu\/product\/donegal-kutikulas-trimmeris\/"},"modified":"2026-04-09T16:37:35","modified_gmt":"2026-04-09T16:37:35","slug":"kutikulas-trimmeris","status":"publish","type":"product","link":"https:\/\/e.kosmolat.eu\/lt\/produktas\/kutikulas-trimmeris\/","title":{"rendered":"DONEGAL Kutikulos trimeris"},"content":{"rendered":"<p>Metalin\u0117 odeli\u0173 kirpykl\u0117 \u0161velniai pa\u0161alina nepageidaujamas odeles. Ideali priemon\u0117 kasdienei prie\u017ei\u016brai.<\/p>\n","protected":false},"excerpt":{"rendered":"<p>Metalin\u0117 odeli\u0173 kirpykl\u0117 \u0161velniai pa\u0161alina nepageidaujamas odeles. Ideali priemon\u0117 kasdienei prie\u017ei\u016brai.<\/p>\n","protected":false},"featured_media":105548,"template":"","meta":[],"product_cat":[1767],"product_tag":[],"class_list":{"0":"post-38118","1":"product","2":"type-product","3":"status-publish","4":"has-post-thumbnail","6":"product_brand-donegal-sp-zo-o-_pl-lt","7":"product_cat-koju-prieziuros-priedai","9":"first","10":"instock","11":"taxable","12":"shipping-taxable","13":"product-type-simple"},"_links":{"self":[{"href":"https:\/\/e.kosmolat.eu\/lt\/wp-json\/wp\/v2\/product\/38118","targetHints":{"allow":["GET"]}}],"collection":[{"href":"https:\/\/e.kosmolat.eu\/lt\/wp-json\/wp\/v2\/product"}],"about":[{"href":"https:\/\/e.kosmolat.eu\/lt\/wp-json\/wp\/v2\/types\/product"}],"wp:featuredmedia":[{"embeddable":true,"href":"https:\/\/e.kosmolat.eu\/lt\/wp-json\/wp\/v2\/media\/105548"}],"wp:attachment":[{"href":"https:\/\/e.kosmolat.eu\/lt\/wp-json\/wp\/v2\/media?parent=38118"}],"wp:term":[{"taxonomy":"product_cat","embeddable":true,"href":"https:\/\/e.kosmolat.eu\/lt\/wp-json\/wp\/v2\/product_cat?post=38118"},{"taxonomy":"product_tag","embeddable":true,"href":"https:\/\/e.kosmolat.eu\/lt\/wp-json\/wp\/v2\/product_tag?post=38118"}],"curies":[{"name":"wp","href":"https:\/\/api.w.org\/{rel}","templated":true}]}}