{"id":38110,"date":"2023-12-22T21:00:04","date_gmt":"2023-12-22T21:00:04","guid":{"rendered":"https:\/\/e.kosmolat.eu\/product\/donegal-instruments-melno-punktu-tirisanai\/"},"modified":"2026-04-09T16:37:17","modified_gmt":"2026-04-09T16:37:17","slug":"instruments-melno-punktu-tirisanai","status":"publish","type":"product","link":"https:\/\/e.kosmolat.eu\/lt\/produktas\/instruments-melno-punktu-tirisanai\/","title":{"rendered":"DONEGAL Instruments juodiems ta\u0161keliams \u0161alinti"},"content":{"rendered":"<p>Rinkinys skirtas odos tr\u016bkumams pa\u0161alinti. &Scaron;auk\u0161teliai leid\u017eia higieni\u0161kai panaikinti veido odos tr\u016bkumus.<\/p>\n","protected":false},"excerpt":{"rendered":"<p>Rinkinys skirtas odos tr\u016bkumams pa\u0161alinti. &Scaron;auk\u0161teliai leid\u017eia higieni\u0161kai panaikinti veido odos tr\u016bkumus.<\/p>\n","protected":false},"featured_media":105544,"template":"","meta":[],"product_cat":[1554],"product_tag":[],"class_list":{"0":"post-38110","1":"product","2":"type-product","3":"status-publish","4":"has-post-thumbnail","6":"product_brand-donegal-sp-zo-o-_pl-lt","7":"product_cat-irankiai-ir-smulkmenos","9":"first","10":"instock","11":"taxable","12":"shipping-taxable","13":"product-type-simple"},"_links":{"self":[{"href":"https:\/\/e.kosmolat.eu\/lt\/wp-json\/wp\/v2\/product\/38110","targetHints":{"allow":["GET"]}}],"collection":[{"href":"https:\/\/e.kosmolat.eu\/lt\/wp-json\/wp\/v2\/product"}],"about":[{"href":"https:\/\/e.kosmolat.eu\/lt\/wp-json\/wp\/v2\/types\/product"}],"wp:featuredmedia":[{"embeddable":true,"href":"https:\/\/e.kosmolat.eu\/lt\/wp-json\/wp\/v2\/media\/105544"}],"wp:attachment":[{"href":"https:\/\/e.kosmolat.eu\/lt\/wp-json\/wp\/v2\/media?parent=38110"}],"wp:term":[{"taxonomy":"product_cat","embeddable":true,"href":"https:\/\/e.kosmolat.eu\/lt\/wp-json\/wp\/v2\/product_cat?post=38110"},{"taxonomy":"product_tag","embeddable":true,"href":"https:\/\/e.kosmolat.eu\/lt\/wp-json\/wp\/v2\/product_tag?post=38110"}],"curies":[{"name":"wp","href":"https:\/\/api.w.org\/{rel}","templated":true}]}}