{"id":38102,"date":"2023-12-22T20:59:32","date_gmt":"2023-12-22T20:59:32","guid":{"rendered":"https:\/\/e.kosmolat.eu\/product\/donegal-papezu-rive\/"},"modified":"2026-04-09T16:36:57","modified_gmt":"2026-04-09T16:36:57","slug":"papezu-rive","status":"publish","type":"product","link":"https:\/\/e.kosmolat.eu\/lt\/produktas\/papezu-rive\/","title":{"rendered":"DONEGAL P\u0117d\u0173 tarka"},"content":{"rendered":"<p>Medin\u0117 kuln\u0173 tarka neskausmingai pa\u0161alina negyvas l\u0105steles ir i\u0161lygina kuln\u0173 od\u0105. Sukurta kasdienei odos prie\u017ei\u016brai.<\/p>\n","protected":false},"excerpt":{"rendered":"<p>Medin\u0117 kuln\u0173 tarka neskausmingai pa\u0161alina negyvas l\u0105steles ir i\u0161lygina kuln\u0173 od\u0105. Sukurta kasdienei odos prie\u017ei\u016brai.<\/p>\n","protected":false},"featured_media":105540,"template":"","meta":[],"product_cat":[1767],"product_tag":[],"class_list":{"0":"post-38102","1":"product","2":"type-product","3":"status-publish","4":"has-post-thumbnail","6":"product_brand-donegal-sp-zo-o-_pl-lt","7":"product_cat-koju-prieziuros-priedai","9":"first","10":"instock","11":"taxable","12":"shipping-taxable","13":"product-type-simple"},"_links":{"self":[{"href":"https:\/\/e.kosmolat.eu\/lt\/wp-json\/wp\/v2\/product\/38102","targetHints":{"allow":["GET"]}}],"collection":[{"href":"https:\/\/e.kosmolat.eu\/lt\/wp-json\/wp\/v2\/product"}],"about":[{"href":"https:\/\/e.kosmolat.eu\/lt\/wp-json\/wp\/v2\/types\/product"}],"wp:featuredmedia":[{"embeddable":true,"href":"https:\/\/e.kosmolat.eu\/lt\/wp-json\/wp\/v2\/media\/105540"}],"wp:attachment":[{"href":"https:\/\/e.kosmolat.eu\/lt\/wp-json\/wp\/v2\/media?parent=38102"}],"wp:term":[{"taxonomy":"product_cat","embeddable":true,"href":"https:\/\/e.kosmolat.eu\/lt\/wp-json\/wp\/v2\/product_cat?post=38102"},{"taxonomy":"product_tag","embeddable":true,"href":"https:\/\/e.kosmolat.eu\/lt\/wp-json\/wp\/v2\/product_tag?post=38102"}],"curies":[{"name":"wp","href":"https:\/\/api.w.org\/{rel}","templated":true}]}}