{"id":38098,"date":"2023-12-22T20:59:15","date_gmt":"2023-12-22T20:59:15","guid":{"rendered":"https:\/\/e.kosmolat.eu\/product\/donegal-maksligas-skropstas-2\/"},"modified":"2026-04-09T16:36:39","modified_gmt":"2026-04-09T16:36:39","slug":"maksligas-skropstas-2","status":"publish","type":"product","link":"https:\/\/e.kosmolat.eu\/lt\/produktas\/maksligas-skropstas-2\/","title":{"rendered":"DONEGAL Dirbtin\u0117s blakstienos"},"content":{"rendered":"<p><strong>Naudojimas:<\/strong> Sureguliuokite blakstien\u0173 juostel\u0117s ilg\u012f pagal akies ilg\u012f ir apkirpkite vien\u0105 pus\u0119. U\u017etepkite juostel\u0119 klijais ir pincetu pad\u0117kite j\u0105 kuo ar\u010diau nat\u016bralios blakstien\u0173 linijos. Lengvai paspauskite.<\/p>\n","protected":false},"excerpt":{"rendered":"<p>Naudojimas: Sureguliuokite blakstien\u0173 juostel\u0117s ilg\u012f pagal akies ilg\u012f ir apkirpkite vien\u0105 pus\u0119. U\u017etepkite juostel\u0119 klijais ir pincetu pad\u0117kite j\u0105 kuo ar\u010diau nat\u016bralios blakstien\u0173 linijos. Lengvai paspauskite.<\/p>\n","protected":false},"featured_media":105536,"template":"","meta":[],"product_cat":[1511],"product_tag":[],"class_list":{"0":"post-38098","1":"product","2":"type-product","3":"status-publish","4":"has-post-thumbnail","6":"product_brand-donegal-sp-zo-o-_pl-lt","7":"product_cat-dirbtines-blakstienos","9":"first","10":"instock","11":"taxable","12":"shipping-taxable","13":"product-type-simple"},"_links":{"self":[{"href":"https:\/\/e.kosmolat.eu\/lt\/wp-json\/wp\/v2\/product\/38098","targetHints":{"allow":["GET"]}}],"collection":[{"href":"https:\/\/e.kosmolat.eu\/lt\/wp-json\/wp\/v2\/product"}],"about":[{"href":"https:\/\/e.kosmolat.eu\/lt\/wp-json\/wp\/v2\/types\/product"}],"wp:featuredmedia":[{"embeddable":true,"href":"https:\/\/e.kosmolat.eu\/lt\/wp-json\/wp\/v2\/media\/105536"}],"wp:attachment":[{"href":"https:\/\/e.kosmolat.eu\/lt\/wp-json\/wp\/v2\/media?parent=38098"}],"wp:term":[{"taxonomy":"product_cat","embeddable":true,"href":"https:\/\/e.kosmolat.eu\/lt\/wp-json\/wp\/v2\/product_cat?post=38098"},{"taxonomy":"product_tag","embeddable":true,"href":"https:\/\/e.kosmolat.eu\/lt\/wp-json\/wp\/v2\/product_tag?post=38098"}],"curies":[{"name":"wp","href":"https:\/\/api.w.org\/{rel}","templated":true}]}}