{"id":38090,"date":"2023-12-22T20:58:45","date_gmt":"2023-12-22T20:58:45","guid":{"rendered":"https:\/\/e.kosmolat.eu\/product\/donegal-maksligas-skropstas\/"},"modified":"2026-04-17T06:46:20","modified_gmt":"2026-04-17T06:46:20","slug":"maksligas-skropstas","status":"publish","type":"product","link":"https:\/\/e.kosmolat.eu\/lt\/produktas\/maksligas-skropstas\/","title":{"rendered":"DONEGAL Dirbtin\u0117s blakstienos"},"content":{"rendered":"<p><strong>Naudojimas:<\/strong> Sureguliuokite blakstien\u0173 juostel\u0117s ilg\u012f pagal akies ilg\u012f ir apkirpkite vien\u0105 pus\u0119. U\u017etepkite juostel\u0119 klijais ir pincetu pad\u0117kite j\u0105 kuo ar\u010diau nat\u016bralios blakstien\u0173 linijos. Lengvai paspauskite.<\/p>\n","protected":false},"excerpt":{"rendered":"<p>Naudojimas: Sureguliuokite blakstien\u0173 juostel\u0117s ilg\u012f pagal akies ilg\u012f ir apkirpkite vien\u0105 pus\u0119. U\u017etepkite juostel\u0119 klijais ir pincetu pad\u0117kite j\u0105 kuo ar\u010diau nat\u016bralios blakstien\u0173 linijos. Lengvai paspauskite.<\/p>\n","protected":false},"featured_media":105528,"template":"","meta":[],"product_cat":[2181],"product_tag":[],"class_list":{"0":"post-38090","1":"product","2":"type-product","3":"status-publish","4":"has-post-thumbnail","6":"product_brand-donegal-sp-zo-o-_pl-lt","7":"product_cat-bez-kategorijas-lt","9":"first","10":"outofstock","11":"taxable","12":"shipping-taxable","13":"product-type-simple"},"_links":{"self":[{"href":"https:\/\/e.kosmolat.eu\/lt\/wp-json\/wp\/v2\/product\/38090","targetHints":{"allow":["GET"]}}],"collection":[{"href":"https:\/\/e.kosmolat.eu\/lt\/wp-json\/wp\/v2\/product"}],"about":[{"href":"https:\/\/e.kosmolat.eu\/lt\/wp-json\/wp\/v2\/types\/product"}],"wp:featuredmedia":[{"embeddable":true,"href":"https:\/\/e.kosmolat.eu\/lt\/wp-json\/wp\/v2\/media\/105528"}],"wp:attachment":[{"href":"https:\/\/e.kosmolat.eu\/lt\/wp-json\/wp\/v2\/media?parent=38090"}],"wp:term":[{"taxonomy":"product_cat","embeddable":true,"href":"https:\/\/e.kosmolat.eu\/lt\/wp-json\/wp\/v2\/product_cat?post=38090"},{"taxonomy":"product_tag","embeddable":true,"href":"https:\/\/e.kosmolat.eu\/lt\/wp-json\/wp\/v2\/product_tag?post=38090"}],"curies":[{"name":"wp","href":"https:\/\/api.w.org\/{rel}","templated":true}]}}