{"id":38066,"date":"2023-12-22T20:56:41","date_gmt":"2023-12-22T20:56:41","guid":{"rendered":"https:\/\/e.kosmolat.eu\/product\/modo-alice-pleves-insta-maska-sejai-50-g\/"},"modified":"2025-09-19T23:35:35","modified_gmt":"2025-09-19T23:35:35","slug":"modo-alice-pleves-insta-maska-sejai-50-g","status":"publish","type":"product","link":"https:\/\/e.kosmolat.eu\/lt\/produktas\/modo-alice-pleves-insta-maska-sejai-50-g\/","title":{"rendered":"MODO Alice Nlupama Insta-kauk\u0117, 50 g"},"content":{"rendered":"<p>Film insta veido kauk\u0117 modo alice probleminei odai,<br \/>\nSalicilo r\u016bg\u0161tis ir cinko gliukonatas ma\u017eina odos riebum\u0105, stiprina apsaugin\u012f barjer\u0105, siaurina poras. Po panaudojimo oda tampa gaivi ir \u0161vytinti. Kauk\u0117 &ndash; pl\u0117vel\u0117 efektyviai kovoja su juodais ta\u0161kais, panaikina netobulumus.<br \/>\nVeikliosios med\u017eiagos: kombucha, cinko gliukonatas, salicilo r\u016bg\u0161tis.<br \/>\nNaudojimas: u\u017etepkite plon\u0105 kauk\u0117s sluoksn\u012f ant \u0161varios veido odos T zonoje. Po 25-30 minu\u010di\u0173 nuimkite susidariusi\u0105 pl\u0117vel\u0119 i\u0161 apa\u010dios \u012f vir\u0161\u0173. Likusi\u0105 kauk\u0117s dal\u012f nuplaukite \u0161iltu vandeniu.<br \/>\nSud\u0117tyje n\u0117ra alkoholio.<br \/>\nD\u0117mesio! Proced\u016bros metu galite pajusti odos tempimo jausm\u0105, nes kauk\u0117 pasi\u017eymi poras sutraukian\u010diu poveikiu.<br \/>\nNenaudoti pasibaigus galiojimo laikui.<br \/>\nLaikyti nuo +5C iki +25C temperat\u016broje<br \/>\n&nbsp;<\/p>\n","protected":false},"excerpt":{"rendered":"<p>Film insta veido kauk\u0117 modo alice probleminei odai, Salicilo r\u016bg\u0161tis ir cinko gliukonatas ma\u017eina odos riebum\u0105, stiprina apsaugin\u012f barjer\u0105, siaurina poras. Po panaudojimo oda tampa gaivi ir \u0161vytinti. Kauk\u0117 &ndash; pl\u0117vel\u0117 efektyviai kovoja su juodais ta\u0161kais, panaikina netobulumus. Veikliosios med\u017eiagos: kombucha, cinko gliukonatas, salicilo r\u016bg\u0161tis. Naudojimas: u\u017etepkite plon\u0105 kauk\u0117s sluoksn\u012f ant \u0161varios veido odos T [&#8230;]\n","protected":false},"featured_media":87198,"template":"","meta":[],"product_cat":[1369],"product_tag":[],"class_list":{"0":"post-38066","1":"product","2":"type-product","3":"status-publish","4":"has-post-thumbnail","6":"product_brand-modum_by-lt","7":"product_cat-veido-kaukes","9":"first","10":"outofstock","11":"taxable","12":"shipping-taxable","13":"product-type-simple"},"_links":{"self":[{"href":"https:\/\/e.kosmolat.eu\/lt\/wp-json\/wp\/v2\/product\/38066","targetHints":{"allow":["GET"]}}],"collection":[{"href":"https:\/\/e.kosmolat.eu\/lt\/wp-json\/wp\/v2\/product"}],"about":[{"href":"https:\/\/e.kosmolat.eu\/lt\/wp-json\/wp\/v2\/types\/product"}],"wp:featuredmedia":[{"embeddable":true,"href":"https:\/\/e.kosmolat.eu\/lt\/wp-json\/wp\/v2\/media\/87198"}],"wp:attachment":[{"href":"https:\/\/e.kosmolat.eu\/lt\/wp-json\/wp\/v2\/media?parent=38066"}],"wp:term":[{"taxonomy":"product_cat","embeddable":true,"href":"https:\/\/e.kosmolat.eu\/lt\/wp-json\/wp\/v2\/product_cat?post=38066"},{"taxonomy":"product_tag","embeddable":true,"href":"https:\/\/e.kosmolat.eu\/lt\/wp-json\/wp\/v2\/product_tag?post=38066"}],"curies":[{"name":"wp","href":"https:\/\/api.w.org\/{rel}","templated":true}]}}