{"id":38062,"date":"2023-12-22T20:56:24","date_gmt":"2023-12-22T20:56:24","guid":{"rendered":"https:\/\/e.kosmolat.eu\/product\/modo-alice-sos-gels-problematiskai-adai-25-g\/"},"modified":"2025-09-19T23:35:20","modified_gmt":"2025-09-19T23:35:20","slug":"modo-alice-sos-gels-problematiskai-adai-25-g","status":"publish","type":"product","link":"https:\/\/e.kosmolat.eu\/lt\/produktas\/modo-alice-sos-gels-problematiskai-adai-25-g\/","title":{"rendered":"MODO Alice SOS gelis, 25 g"},"content":{"rendered":"<p>Lokaliam naudojimui skirtas gelis yra veiksminga ir patogi priemon\u0117. Salicilo r\u016bg&scaron;tis ir cinko gliukonatas ma\u017eina riebum\u0105, stiprina odos apsaug\u0105. Alantoinas ir pantenolis mink&scaron;tina ir ramina od\u0105, ma\u017eina diskomfort\u0105 ir paraudim\u0105.<\/p>\n<p><strong>Veikliosios med\u017eiagos: <\/strong>kombucha, cinko gliukonatas, salicilo r\u016bg&scaron;tis, D-pantenolis, alantoinas.<\/p>\n<p><strong>Naudojimas:<\/strong> nedidel\u012f produkto kiek\u012f paskirstykite tiesiai ant problemini\u0173 viet\u0173. Palaukite, kol visi&scaron;kai \u012fsigers. Naudoti pagal poreik\u012f po veido valymo.<br \/>\nNenaudoti pasibaigus galiojimo laikui.<\/p>\n<p>Laikyti nuo +5C iki +25C temperat\u016broje<br \/>\n&nbsp;<\/p>\n","protected":false},"excerpt":{"rendered":"<p>Lokaliam naudojimui skirtas gelis yra veiksminga ir patogi priemon\u0117. Salicilo r\u016bg&scaron;tis ir cinko gliukonatas ma\u017eina riebum\u0105, stiprina odos apsaug\u0105. Alantoinas ir pantenolis mink&scaron;tina ir ramina od\u0105, ma\u017eina diskomfort\u0105 ir paraudim\u0105. Veikliosios med\u017eiagos: kombucha, cinko gliukonatas, salicilo r\u016bg&scaron;tis, D-pantenolis, alantoinas. Naudojimas: nedidel\u012f produkto kiek\u012f paskirstykite tiesiai ant problemini\u0173 viet\u0173. Palaukite, kol visi&scaron;kai \u012fsigers. Naudoti pagal poreik\u012f [&#8230;]\n","protected":false},"featured_media":87194,"template":"","meta":[],"product_cat":[1577],"product_tag":[],"class_list":{"0":"post-38062","1":"product","2":"type-product","3":"status-publish","4":"has-post-thumbnail","6":"product_brand-modum_by-lt","7":"product_cat-gelis","9":"first","10":"outofstock","11":"taxable","12":"shipping-taxable","13":"product-type-simple"},"_links":{"self":[{"href":"https:\/\/e.kosmolat.eu\/lt\/wp-json\/wp\/v2\/product\/38062","targetHints":{"allow":["GET"]}}],"collection":[{"href":"https:\/\/e.kosmolat.eu\/lt\/wp-json\/wp\/v2\/product"}],"about":[{"href":"https:\/\/e.kosmolat.eu\/lt\/wp-json\/wp\/v2\/types\/product"}],"wp:featuredmedia":[{"embeddable":true,"href":"https:\/\/e.kosmolat.eu\/lt\/wp-json\/wp\/v2\/media\/87194"}],"wp:attachment":[{"href":"https:\/\/e.kosmolat.eu\/lt\/wp-json\/wp\/v2\/media?parent=38062"}],"wp:term":[{"taxonomy":"product_cat","embeddable":true,"href":"https:\/\/e.kosmolat.eu\/lt\/wp-json\/wp\/v2\/product_cat?post=38062"},{"taxonomy":"product_tag","embeddable":true,"href":"https:\/\/e.kosmolat.eu\/lt\/wp-json\/wp\/v2\/product_tag?post=38062"}],"curies":[{"name":"wp","href":"https:\/\/api.w.org\/{rel}","templated":true}]}}