{"id":38050,"date":"2023-12-22T20:54:48","date_gmt":"2023-12-22T20:54:48","guid":{"rendered":"https:\/\/e.kosmolat.eu\/product\/dr-dent-mutes-skal-lidzeklis-total-protection-750-ml\/"},"modified":"2025-05-16T12:35:52","modified_gmt":"2025-05-16T12:35:52","slug":"dr-dent-mutes-skal-lidzeklis-total-protection-750-ml","status":"publish","type":"product","link":"https:\/\/e.kosmolat.eu\/lt\/produktas\/dr-dent-mutes-skal-lidzeklis-total-protection-750-ml\/","title":{"rendered":"MODUM DR.DENT Total Protection Burnos skalavimo skystis, 750 ml"},"content":{"rendered":"<p>Sud\u0117tyje n\u0117ra: alkoholio, fluoro, mineralini\u0173 aliej\u0173, triklozano<br \/>\nPoveikis: valomasis, naikinantis kvap\u0105<br \/>\n&#8211; Itin gaivus kvapas<br \/>\n&#8211; Efektyvus valymas<br \/>\n&#8211; Danten\u0173 apsauga<\/p>\n<p>Naudojimas: I\u0161sival\u0119 dantis arba pavalg\u0119 naudokite burnos skalavimo skyst\u012f. U\u017epildykite buteliuko dangtel\u012f skalavimo priemone. Neskiesti. Skalaukite burn\u0105 1-2 minutes, tada i\u0161spjaukite.<br \/>\nAtsargumo priemon\u0117s: Neprarykite. Nenaudoti vaikams iki 6 met\u0173, nebent patart\u0173 odontologas arba pediatras. Laikyti nuo + 5C iki 25C temperat\u016broje. Laikymo metu leid\u017eiamas spalvos pasikeitimas, ne\u017eymus opalescencija ir lengvos nuos\u0117dos (d\u0117l aktyvi\u0173 pried\u0173), tai nepablogina vartotoji\u0161k\u0173 produkto savybi\u0173, prie\u0161 naudojim\u0105 rekomenduojama produkt\u0105 suplakti. Nenaudoti pasibaigus galiojimo laikui<br \/>\n&nbsp;<\/p>\n","protected":false},"excerpt":{"rendered":"<p>Sud\u0117tyje n\u0117ra: alkoholio, fluoro, mineralini\u0173 aliej\u0173, triklozano Poveikis: valomasis, naikinantis kvap\u0105 &#8211; Itin gaivus kvapas &#8211; Efektyvus valymas &#8211; Danten\u0173 apsauga Naudojimas: I\u0161sival\u0119 dantis arba pavalg\u0119 naudokite burnos skalavimo skyst\u012f. U\u017epildykite buteliuko dangtel\u012f skalavimo priemone. Neskiesti. Skalaukite burn\u0105 1-2 minutes, tada i\u0161spjaukite. Atsargumo priemon\u0117s: Neprarykite. Nenaudoti vaikams iki 6 met\u0173, nebent patart\u0173 odontologas arba pediatras. [&#8230;]\n","protected":false},"featured_media":16141,"template":"","meta":[],"product_cat":[1313],"product_tag":[],"class_list":{"0":"post-38050","1":"product","2":"type-product","3":"status-publish","4":"has-post-thumbnail","6":"product_brand-modum_by-lt","7":"product_cat-burnos-skalavimo-priemones","9":"first","10":"instock","11":"taxable","12":"shipping-taxable","13":"product-type-simple"},"_links":{"self":[{"href":"https:\/\/e.kosmolat.eu\/lt\/wp-json\/wp\/v2\/product\/38050","targetHints":{"allow":["GET"]}}],"collection":[{"href":"https:\/\/e.kosmolat.eu\/lt\/wp-json\/wp\/v2\/product"}],"about":[{"href":"https:\/\/e.kosmolat.eu\/lt\/wp-json\/wp\/v2\/types\/product"}],"wp:featuredmedia":[{"embeddable":true,"href":"https:\/\/e.kosmolat.eu\/lt\/wp-json\/wp\/v2\/media\/16141"}],"wp:attachment":[{"href":"https:\/\/e.kosmolat.eu\/lt\/wp-json\/wp\/v2\/media?parent=38050"}],"wp:term":[{"taxonomy":"product_cat","embeddable":true,"href":"https:\/\/e.kosmolat.eu\/lt\/wp-json\/wp\/v2\/product_cat?post=38050"},{"taxonomy":"product_tag","embeddable":true,"href":"https:\/\/e.kosmolat.eu\/lt\/wp-json\/wp\/v2\/product_tag?post=38050"}],"curies":[{"name":"wp","href":"https:\/\/api.w.org\/{rel}","templated":true}]}}