{"id":38022,"date":"2023-12-22T20:52:40","date_gmt":"2023-12-22T20:52:40","guid":{"rendered":"https:\/\/e.kosmolat.eu\/product\/i_32-perles-zobu-birste-intense-pro-939-c\/"},"modified":"2025-09-19T23:34:09","modified_gmt":"2025-09-19T23:34:09","slug":"32-perles-zobu-birste-intense-pro-939-c","status":"publish","type":"product","link":"https:\/\/e.kosmolat.eu\/lt\/produktas\/32-perles-zobu-birste-intense-pro-939-c\/","title":{"rendered":"32 P\u0112RLES Zobu birste Intense Pro, 939 C"},"content":{"rendered":"<p>Intens\u012bva t\u012br\u012b&scaron;ana.<\/p>\n<p>Daudzl\u012bme\u0146u sari un gumijas ielikt\u0146i birstes galvi\u0146as s\u0101nos nodro&scaron;ina akt\u012bvu gr\u016bti aizsniedzamu mutes dobuma vietu att\u012br\u012b&scaron;anu no aplikuma. Gumijas uzlikas uz roktura nov\u0113r&scaron; sl\u012bd\u0113&scaron;anu rok\u0101.<\/p>\n<p>Zob\u0101rsti un higi\u0113nisti iesaka main\u012bt zobu birsti ik p\u0113c trim m\u0113ne&scaron;iem. Lieto&scaron;anas laik\u0101 uzglab\u0101jiet birsti vertik\u0101l\u0101 st\u0101vokl\u012b ar galu uz aug&scaron;u. Pirms lieto&scaron;anas noskalojiet jaunu birsti silt\u0101 \u016bden\u012b.<\/p>\n<p>Der\u012bguma termi\u0146&scaron; neierobe\u017eots.<br \/>\n&nbsp;<\/p>\n","protected":false},"excerpt":{"rendered":"<p>Intens\u012bva t\u012br\u012b&scaron;ana. Daudzl\u012bme\u0146u sari un gumijas ielikt\u0146i birstes galvi\u0146as s\u0101nos nodro&scaron;ina akt\u012bvu gr\u016bti aizsniedzamu mutes dobuma vietu att\u012br\u012b&scaron;anu no aplikuma. Gumijas uzlikas uz roktura nov\u0113r&scaron; sl\u012bd\u0113&scaron;anu rok\u0101. Zob\u0101rsti un higi\u0113nisti iesaka main\u012bt zobu birsti ik p\u0113c trim m\u0113ne&scaron;iem. Lieto&scaron;anas laik\u0101 uzglab\u0101jiet birsti vertik\u0101l\u0101 st\u0101vokl\u012b ar galu uz aug&scaron;u. Pirms lieto&scaron;anas noskalojiet jaunu birsti silt\u0101 \u016bden\u012b. [&#8230;]\n","protected":false},"featured_media":87174,"template":"","meta":[],"product_cat":[1354],"product_tag":[],"class_list":{"0":"post-38022","1":"product","2":"type-product","3":"status-publish","4":"has-post-thumbnail","6":"product_brand-modum_by-lt","7":"product_cat-dantu-sepeteliai","9":"first","10":"outofstock","11":"taxable","12":"shipping-taxable","13":"product-type-simple"},"_links":{"self":[{"href":"https:\/\/e.kosmolat.eu\/lt\/wp-json\/wp\/v2\/product\/38022","targetHints":{"allow":["GET"]}}],"collection":[{"href":"https:\/\/e.kosmolat.eu\/lt\/wp-json\/wp\/v2\/product"}],"about":[{"href":"https:\/\/e.kosmolat.eu\/lt\/wp-json\/wp\/v2\/types\/product"}],"wp:featuredmedia":[{"embeddable":true,"href":"https:\/\/e.kosmolat.eu\/lt\/wp-json\/wp\/v2\/media\/87174"}],"wp:attachment":[{"href":"https:\/\/e.kosmolat.eu\/lt\/wp-json\/wp\/v2\/media?parent=38022"}],"wp:term":[{"taxonomy":"product_cat","embeddable":true,"href":"https:\/\/e.kosmolat.eu\/lt\/wp-json\/wp\/v2\/product_cat?post=38022"},{"taxonomy":"product_tag","embeddable":true,"href":"https:\/\/e.kosmolat.eu\/lt\/wp-json\/wp\/v2\/product_tag?post=38022"}],"curies":[{"name":"wp","href":"https:\/\/api.w.org\/{rel}","templated":true}]}}