{"id":38018,"date":"2023-12-22T20:52:15","date_gmt":"2023-12-22T20:52:15","guid":{"rendered":"https:\/\/e.kosmolat.eu\/product\/32-perles-zobu-birste-leo-soft-998-%d0%bc\/"},"modified":"2026-04-09T15:26:05","modified_gmt":"2026-04-09T15:26:05","slug":"32-perles-zobu-birste-leo-soft-998-%d0%bc","status":"publish","type":"product","link":"https:\/\/e.kosmolat.eu\/lt\/produktas\/32-perles-zobu-birste-leo-soft-998-%d0%bc\/","title":{"rendered":"32 PEARLS KIDS Mink\u0161tas vaiki\u0161kas dant\u0173 \u0161epet\u0117lis Leo"},"content":{"rendered":"<p>Mink\u0161ti nailoniniai \u0161ereliai \u0161velniai masa\u017euoja dantenas, gerai pa\u0161alina apna\u0161as ir i\u0161valo tarpdan\u010dius. I\u0161ploninti \u0161ereli\u0173 kra\u0161tai \u0161velniai pri\u017ei\u016bri gle\u017enas dantenas ir dant\u0173 emal\u012f. Patogi rankena sukurta taip, kad ma\u017eyliai b\u016bt\u0173 saug\u016bs &nbsp;o t\u0117vams patogu. Tinka vyresniems nei vieneri\u0173 met\u0173 vaikams.<br \/>\nPrie\u0161 naudodami nauj\u0105 \u0161epet\u012f nuplaukite \u0161iltu vandeniu. Po naudojimo \u0161erius nuplaukite vandeniu.&nbsp;<\/p>\n<p>Laikykite \u0161epet\u012f vertikalioje pad\u0117tyje, darbine dalimi \u012f vir\u0161\u0173.<\/p>\n<p>Galiojimo laikas: neribotas.<br \/>\n&nbsp;<\/p>\n","protected":false},"excerpt":{"rendered":"<p>Mink\u0161ti nailoniniai \u0161ereliai \u0161velniai masa\u017euoja dantenas, gerai pa\u0161alina apna\u0161as ir i\u0161valo tarpdan\u010dius. I\u0161ploninti \u0161ereli\u0173 kra\u0161tai \u0161velniai pri\u017ei\u016bri gle\u017enas dantenas ir dant\u0173 emal\u012f. Patogi rankena sukurta taip, kad ma\u017eyliai b\u016bt\u0173 saug\u016bs &nbsp;o t\u0117vams patogu. Tinka vyresniems nei vieneri\u0173 met\u0173 vaikams. Prie\u0161 naudodami nauj\u0105 \u0161epet\u012f nuplaukite \u0161iltu vandeniu. Po naudojimo \u0161erius nuplaukite vandeniu.&nbsp; Laikykite \u0161epet\u012f vertikalioje pad\u0117tyje, [&#8230;]\n","protected":false},"featured_media":87222,"template":"","meta":[],"product_cat":[2181],"product_tag":[],"class_list":{"0":"post-38018","1":"product","2":"type-product","3":"status-publish","4":"has-post-thumbnail","6":"product_brand-modum_by-lt","7":"product_cat-bez-kategorijas-lt","9":"first","10":"instock","11":"taxable","12":"shipping-taxable","13":"product-type-simple"},"_links":{"self":[{"href":"https:\/\/e.kosmolat.eu\/lt\/wp-json\/wp\/v2\/product\/38018","targetHints":{"allow":["GET"]}}],"collection":[{"href":"https:\/\/e.kosmolat.eu\/lt\/wp-json\/wp\/v2\/product"}],"about":[{"href":"https:\/\/e.kosmolat.eu\/lt\/wp-json\/wp\/v2\/types\/product"}],"wp:featuredmedia":[{"embeddable":true,"href":"https:\/\/e.kosmolat.eu\/lt\/wp-json\/wp\/v2\/media\/87222"}],"wp:attachment":[{"href":"https:\/\/e.kosmolat.eu\/lt\/wp-json\/wp\/v2\/media?parent=38018"}],"wp:term":[{"taxonomy":"product_cat","embeddable":true,"href":"https:\/\/e.kosmolat.eu\/lt\/wp-json\/wp\/v2\/product_cat?post=38018"},{"taxonomy":"product_tag","embeddable":true,"href":"https:\/\/e.kosmolat.eu\/lt\/wp-json\/wp\/v2\/product_tag?post=38018"}],"curies":[{"name":"wp","href":"https:\/\/api.w.org\/{rel}","templated":true}]}}