{"id":38014,"date":"2023-12-22T20:51:42","date_gmt":"2023-12-22T20:51:42","guid":{"rendered":"https:\/\/e.kosmolat.eu\/product\/ht-maska-3d-apjomam-1-l\/"},"modified":"2025-09-19T23:29:56","modified_gmt":"2025-09-19T23:29:56","slug":"i_ht-maska-3d-apjomam-1-l","status":"publish","type":"product","link":"https:\/\/e.kosmolat.eu\/lt\/produktas\/i_ht-maska-3d-apjomam-1-l\/","title":{"rendered":"I_NATUR PRO HAIR TREND Kauk\u0117 3D apimtis, 1000 ml"},"content":{"rendered":"<p>3D apimties kauk\u0117 \u012fvairi\u0173 tip\u0173 plaukams, linkusiems \u012f slinkim\u0105. Tai kasdienis j\u016bs\u0173 garban\u0173 \u0161velnumo, glotnaus blizgesio ir elastingumo atnaujinimas, kur\u012f sudaro: lin\u0173 aliejus &#8211; puikiai veikia, stiprina ir atnaujina, atkuria &nbsp;stiprum\u0105 ir nat\u016bral\u0173 blizges\u012f, fitokeramidai &#8211; atkuria. pa\u017eeistas plauk\u0173 vietas, suformuoja apsaugin\u012f apvalkal\u0105 ir atkuria keratino lyg\u012f plauko strukt\u016broje. Sald\u017ei\u0173j\u0173 migdol\u0173 ekstraktas &ndash; veikia giliuosius galvos odos epidermio sluoksnius ir reguliuoja riebalini\u0173 liauk\u0173 veikl\u0105. D\u0117l to suma\u017e\u0117ja plauk\u0173 plovimo da\u017enis. Alantoinas &ndash; pasi\u017eymi riebal\u0173 i\u0161siskyrim\u0105 reguliuojan\u010diomis savyb\u0117mis, d\u0117l kuri\u0173 pa\u0161alinamas per didelis \u0161akn\u0173 zonos riebal\u0173 kiekis ir palaikomas t\u016bris.<\/p>\n<p>Naudojimas: U\u017etepkite reikiam\u0105 kiek\u012f kauk\u0117s ant dr\u0117gn\u0173, i\u0161 anksto i\u0161plaut\u0173 plauk\u0173, ypating\u0105 d\u0117mes\u012f skirdami galiukams. Palikite 10-15 minu\u010di\u0173. Kruop\u0161\u010diai nuplaukite \u0161iltu vandeniu. Norint pasiekti optimal\u0173 efekt\u0105, naudokite 2-3 kartus per savait\u0119.<\/p>\n<p>D\u0117mesio: prie\u0161 naudojant kauk\u0119 b\u016btina i\u0161bandyti ant nedidelio odos ploto. Jei pasirei\u0161kia alergin\u0117 reakcija, nustokite vartoti. Tik i\u0161oriniam naudojimui. Patekus \u012f akis, praplauti dideliu kiekiu tekan\u010diu vandeniu.<\/p>\n<p>Kontraindikacijos: individualus netoleravimas kauk\u0117s komponentams.<\/p>\n<p>Laikyti nuo 5&deg;C iki 25&deg;C ir 55-70 % santykin\u0117je dr\u0117gm\u0117je, apsaugotoje nuo tiesiogini\u0173 saul\u0117s spinduli\u0173 vietoje. Neleid\u017eiama produkto laikyti ar\u010diau kaip 1 m atstumu nuo veikian\u010di\u0173 \u0161ildymo prietais\u0173. Tinkamumo laikas 24 m\u0117nesiai nuo pagaminimo datos. Atidarius sunaudoti per 12 m\u0117nesi\u0173, atsi\u017evelgiant \u012f ant pakuot\u0117s nurodyt\u0105 tinkamumo laik\u0105. Partijos numeris atitinka pagaminimo dat\u0105.<\/p>\n","protected":false},"excerpt":{"rendered":"<p>3D apimties kauk\u0117 \u012fvairi\u0173 tip\u0173 plaukams, linkusiems \u012f slinkim\u0105. Tai kasdienis j\u016bs\u0173 garban\u0173 \u0161velnumo, glotnaus blizgesio ir elastingumo atnaujinimas, kur\u012f sudaro: lin\u0173 aliejus &#8211; puikiai veikia, stiprina ir atnaujina, atkuria &nbsp;stiprum\u0105 ir nat\u016bral\u0173 blizges\u012f, fitokeramidai &#8211; atkuria. pa\u017eeistas plauk\u0173 vietas, suformuoja apsaugin\u012f apvalkal\u0105 ir atkuria keratino lyg\u012f plauko strukt\u016broje. Sald\u017ei\u0173j\u0173 migdol\u0173 ekstraktas &ndash; veikia giliuosius [&#8230;]\n","protected":false},"featured_media":87110,"template":"","meta":[],"product_cat":[1256],"product_tag":[],"class_list":{"0":"post-38014","1":"product","2":"type-product","3":"status-publish","4":"has-post-thumbnail","6":"product_brand-naturpro_ua-lt","7":"product_cat-plauku-kaukes","9":"first","10":"outofstock","11":"taxable","12":"shipping-taxable","13":"product-type-simple"},"_links":{"self":[{"href":"https:\/\/e.kosmolat.eu\/lt\/wp-json\/wp\/v2\/product\/38014","targetHints":{"allow":["GET"]}}],"collection":[{"href":"https:\/\/e.kosmolat.eu\/lt\/wp-json\/wp\/v2\/product"}],"about":[{"href":"https:\/\/e.kosmolat.eu\/lt\/wp-json\/wp\/v2\/types\/product"}],"wp:featuredmedia":[{"embeddable":true,"href":"https:\/\/e.kosmolat.eu\/lt\/wp-json\/wp\/v2\/media\/87110"}],"wp:attachment":[{"href":"https:\/\/e.kosmolat.eu\/lt\/wp-json\/wp\/v2\/media?parent=38014"}],"wp:term":[{"taxonomy":"product_cat","embeddable":true,"href":"https:\/\/e.kosmolat.eu\/lt\/wp-json\/wp\/v2\/product_cat?post=38014"},{"taxonomy":"product_tag","embeddable":true,"href":"https:\/\/e.kosmolat.eu\/lt\/wp-json\/wp\/v2\/product_tag?post=38014"}],"curies":[{"name":"wp","href":"https:\/\/api.w.org\/{rel}","templated":true}]}}