{"id":38010,"date":"2023-12-22T20:51:10","date_gmt":"2023-12-22T20:51:10","guid":{"rendered":"https:\/\/e.kosmolat.eu\/product\/ht-maska-dzilai-atjaunosanai-visiem-matu-tipiem-1000-ml\/"},"modified":"2025-09-19T23:29:38","modified_gmt":"2025-09-19T23:29:38","slug":"i_ht-maska-dzilai-atjaunosanai-visiem-matu-tipiem-1000-ml","status":"publish","type":"product","link":"https:\/\/e.kosmolat.eu\/lt\/produktas\/i_ht-maska-dzilai-atjaunosanai-visiem-matu-tipiem-1000-ml\/","title":{"rendered":"I_NATUR PRO HAIR TREND Kauk\u0117 Gilus atk\u016brimas vis\u0173 tip\u0173 plaukams, 1000 ml"},"content":{"rendered":"<p>Kauk\u0117 gilus atk\u016brimas vis\u0173 tip\u0173 plaukams sukurta specialiai giliai pri\u017ei\u016br\u0117ti plaukus, turin\u010dius pa\u017eeidimo po\u017eymi\u0173. Kauk\u0117 padeda atkurti j\u016bs\u0173 garban\u0173 \u0161velnum\u0105, blizges\u012f ir elastingum\u0105 d\u0117l kokos\u0173 aliejaus, fitokeramid\u0173, baltym\u0173 ir vitamin\u0173 komplekso.<\/p>\n<p>Naudojimas: U\u017etepkite reikiam\u0105 kiek\u012f kauk\u0117s ant dr\u0117gn\u0173, i\u0161 anksto i\u0161plaut\u0173 plauk\u0173, ypating\u0105 d\u0117mes\u012f skirdami galiukams. Palikite 10-15 minu\u010di\u0173. Kruop\u0161\u010diai nuplaukite \u0161iltu vandeniu. Norint pasiekti optimal\u0173 efekt\u0105, naudokite 2-3 kartus per savait\u0119.<\/p>\n<p>D\u0117mesio: prie\u0161 naudojant kauk\u0119 b\u016btina i\u0161bandyti ant nedidelio odos ploto. Jei pasirei\u0161kia alergin\u0117 reakcija, nustokite vartoti. Tik i\u0161oriniam naudojimui. Patekus \u012f akis, praplauti dideliu kiekiu tekan\u010diu vandeniu.<\/p>\n<p>Kontraindikacijos: individualus netoleravimas kauk\u0117s komponentams.<\/p>\n<p>Laikyti nuo 5&deg;C iki 25&deg;C ir 55-70 % santykin\u0117je dr\u0117gm\u0117je, apsaugotoje nuo tiesiogini\u0173 saul\u0117s spinduli\u0173 vietoje. Neleid\u017eiama produkto laikyti ar\u010diau kaip 1 m atstumu nuo veikian\u010di\u0173 \u0161ildymo prietais\u0173. Tinkamumo laikas 36 m\u0117nesiai nuo pagaminimo datos. Atidarius sunaudoti per 12 m\u0117nesi\u0173, atsi\u017evelgiant \u012f ant pakuot\u0117s nurodyt\u0105 tinkamumo laik\u0105. Partijos numeris atitinka pagaminimo dat\u0105.<\/p>\n","protected":false},"excerpt":{"rendered":"<p>Kauk\u0117 gilus atk\u016brimas vis\u0173 tip\u0173 plaukams sukurta specialiai giliai pri\u017ei\u016br\u0117ti plaukus, turin\u010dius pa\u017eeidimo po\u017eymi\u0173. Kauk\u0117 padeda atkurti j\u016bs\u0173 garban\u0173 \u0161velnum\u0105, blizges\u012f ir elastingum\u0105 d\u0117l kokos\u0173 aliejaus, fitokeramid\u0173, baltym\u0173 ir vitamin\u0173 komplekso. Naudojimas: U\u017etepkite reikiam\u0105 kiek\u012f kauk\u0117s ant dr\u0117gn\u0173, i\u0161 anksto i\u0161plaut\u0173 plauk\u0173, ypating\u0105 d\u0117mes\u012f skirdami galiukams. Palikite 10-15 minu\u010di\u0173. Kruop\u0161\u010diai nuplaukite \u0161iltu vandeniu. Norint pasiekti [&#8230;]\n","protected":false},"featured_media":87106,"template":"","meta":[],"product_cat":[1256],"product_tag":[],"class_list":{"0":"post-38010","1":"product","2":"type-product","3":"status-publish","4":"has-post-thumbnail","6":"product_brand-naturpro_ua-lt","7":"product_cat-plauku-kaukes","9":"first","10":"outofstock","11":"taxable","12":"shipping-taxable","13":"product-type-simple"},"_links":{"self":[{"href":"https:\/\/e.kosmolat.eu\/lt\/wp-json\/wp\/v2\/product\/38010","targetHints":{"allow":["GET"]}}],"collection":[{"href":"https:\/\/e.kosmolat.eu\/lt\/wp-json\/wp\/v2\/product"}],"about":[{"href":"https:\/\/e.kosmolat.eu\/lt\/wp-json\/wp\/v2\/types\/product"}],"wp:featuredmedia":[{"embeddable":true,"href":"https:\/\/e.kosmolat.eu\/lt\/wp-json\/wp\/v2\/media\/87106"}],"wp:attachment":[{"href":"https:\/\/e.kosmolat.eu\/lt\/wp-json\/wp\/v2\/media?parent=38010"}],"wp:term":[{"taxonomy":"product_cat","embeddable":true,"href":"https:\/\/e.kosmolat.eu\/lt\/wp-json\/wp\/v2\/product_cat?post=38010"},{"taxonomy":"product_tag","embeddable":true,"href":"https:\/\/e.kosmolat.eu\/lt\/wp-json\/wp\/v2\/product_tag?post=38010"}],"curies":[{"name":"wp","href":"https:\/\/api.w.org\/{rel}","templated":true}]}}