{"id":38006,"date":"2023-12-22T20:50:31","date_gmt":"2023-12-22T20:50:31","guid":{"rendered":"https:\/\/e.kosmolat.eu\/product\/ht-glaze-effect-maska-krasotiem-matiem-1000-ml\/"},"modified":"2026-03-26T13:39:53","modified_gmt":"2026-03-26T13:39:53","slug":"ht-glaze-effect-maska-krasotiem-matiem-1000-ml","status":"publish","type":"product","link":"https:\/\/e.kosmolat.eu\/lt\/produktas\/ht-glaze-effect-maska-krasotiem-matiem-1000-ml\/","title":{"rendered":"NATUR PRO HAIR TREND Glaze Effect kauk\u0117 da\u017eytiems plaukams, 1000 ml"},"content":{"rendered":"<p>Vitamin\u0173 B5 ir E kompleksas, ry\u017ei\u0173 baltym\u0173 hidrolizatas, hibisko ekstraktas, saul\u0117gr\u0105\u017e\u0173 fitokeramidai, argano aliejus. Formul\u0117 buvo sukurta dalyvaujant plauk\u0173 prie\u017ei\u016bros specialistams.<br \/>\nProfesionali plauk\u0173 prie\u017ei\u016bra TM Hair Trend &ndash; tai efektyvus ingredient\u0173 derinys, parinktas plauk\u0173 prie\u017ei\u016bros profesionalams.<br \/>\nGlaz\u016brinio efekto kauk\u0117 da\u017eytiems plaukams sukurta specialiai akyt\u0173, nepaklusni\u0173 plauk\u0173 prie\u017ei\u016brai. Kauk\u0117 padeda atkurti j\u016bs\u0173 garban\u0173 mink\u0161tum\u0105 ir elastingum\u0105, nes sud\u0117tyje yra argano aliejaus, kuris aktyviai naudojamas atstatyti pa\u017eeistus ir i\u0161saus\u0117jusius plaukus, padeda stiprinti i\u0161si\u0161akojusius plauk\u0173 galiukus ir pagreitinti augim\u0105. Baltymai, kurie prisideda prie plauk\u0173 strukt\u016bros atnaujinimo per vis\u0105 ilg\u012f. Vitamin\u0173 kompleksas, stiprinantis kolageno sintez\u0119 plauko audiniuose, suteikdamas jiems papildomo stiprumo ir elastingumo, padidinantis j\u0173 atsparum\u0105 agresyviam chemini\u0173 komponent\u0173 poveikiui. Fitokeramidai, apsaugantys nuo plauk\u0173 slinkimo ir galiuk\u0173 skilin\u0117jimo<\/p>\n<p>Naudojimas: U\u017etepkite reikiam\u0105 kiek\u012f kauk\u0117s ant dr\u0117gn\u0173, i\u0161 anksto i\u0161plaut\u0173 plauk\u0173, ypating\u0105 d\u0117mes\u012f skirdami galiukams. Palikite 10-15 minu\u010di\u0173. Kruop\u0161\u010diai nuplaukite \u0161iltu vandeniu. Norint pasiekti optimal\u0173 efekt\u0105, naudokite 2-3 kartus per savait\u0119.<\/p>\n<p>D\u0117mesio: prie\u0161 naudojant kauk\u0119 b\u016btina i\u0161bandyti ant nedidelio odos ploto. Jei pasirei\u0161kia alergin\u0117 reakcija, nustokite vartoti. Tik i\u0161oriniam naudojimui. Patekus \u012f akis, praplauti dideliu kiekiu tekan\u010diu vandeniu.<\/p>\n<p>Kontraindikacijos: individualus netoleravimas kauk\u0117s komponentams.<\/p>\n<p>Laikyti nuo 5&deg;C iki 25&deg;C ir 55-70 % santykin\u0117je dr\u0117gm\u0117je, apsaugotoje nuo tiesiogini\u0173 saul\u0117s spinduli\u0173 vietoje. Neleid\u017eiama produkto laikyti ar\u010diau kaip 1 m atstumu nuo veikian\u010di\u0173 \u0161ildymo prietais\u0173. Tinkamumo laikas 36 m\u0117nesiai nuo pagaminimo datos. Atidarius sunaudoti per 12 m\u0117nesi\u0173, atsi\u017evelgiant \u012f ant pakuot\u0117s nurodyt\u0105 tinkamumo laik\u0105. Partijos numeris atitinka pagaminimo dat\u0105<br \/>\n&nbsp;<\/p>\n","protected":false},"excerpt":{"rendered":"<p>Vitamin\u0173 B5 ir E kompleksas, ry\u017ei\u0173 baltym\u0173 hidrolizatas, hibisko ekstraktas, saul\u0117gr\u0105\u017e\u0173 fitokeramidai, argano aliejus. Formul\u0117 buvo sukurta dalyvaujant plauk\u0173 prie\u017ei\u016bros specialistams. Profesionali plauk\u0173 prie\u017ei\u016bra TM Hair Trend &ndash; tai efektyvus ingredient\u0173 derinys, parinktas plauk\u0173 prie\u017ei\u016bros profesionalams. Glaz\u016brinio efekto kauk\u0117 da\u017eytiems plaukams sukurta specialiai akyt\u0173, nepaklusni\u0173 plauk\u0173 prie\u017ei\u016brai. Kauk\u0117 padeda atkurti j\u016bs\u0173 garban\u0173 mink\u0161tum\u0105 ir elastingum\u0105, [&#8230;]\n","protected":false},"featured_media":87102,"template":"","meta":[],"product_cat":[1256],"product_tag":[],"class_list":{"0":"post-38006","1":"product","2":"type-product","3":"status-publish","4":"has-post-thumbnail","6":"product_brand-naturpro_ua-lt","7":"product_cat-plauku-kaukes","9":"first","10":"instock","11":"taxable","12":"shipping-taxable","13":"product-type-simple"},"_links":{"self":[{"href":"https:\/\/e.kosmolat.eu\/lt\/wp-json\/wp\/v2\/product\/38006","targetHints":{"allow":["GET"]}}],"collection":[{"href":"https:\/\/e.kosmolat.eu\/lt\/wp-json\/wp\/v2\/product"}],"about":[{"href":"https:\/\/e.kosmolat.eu\/lt\/wp-json\/wp\/v2\/types\/product"}],"wp:featuredmedia":[{"embeddable":true,"href":"https:\/\/e.kosmolat.eu\/lt\/wp-json\/wp\/v2\/media\/87102"}],"wp:attachment":[{"href":"https:\/\/e.kosmolat.eu\/lt\/wp-json\/wp\/v2\/media?parent=38006"}],"wp:term":[{"taxonomy":"product_cat","embeddable":true,"href":"https:\/\/e.kosmolat.eu\/lt\/wp-json\/wp\/v2\/product_cat?post=38006"},{"taxonomy":"product_tag","embeddable":true,"href":"https:\/\/e.kosmolat.eu\/lt\/wp-json\/wp\/v2\/product_tag?post=38006"}],"curies":[{"name":"wp","href":"https:\/\/api.w.org\/{rel}","templated":true}]}}