{"id":38002,"date":"2023-12-22T20:50:00","date_gmt":"2023-12-22T20:50:00","guid":{"rendered":"https:\/\/e.kosmolat.eu\/product\/i_ht-nenoskalojams-zida-matu-serums-30-ml\/"},"modified":"2025-09-19T23:33:42","modified_gmt":"2025-09-19T23:33:42","slug":"i_ht-nenoskalojams-zida-matu-serums-30-ml","status":"publish","type":"product","link":"https:\/\/e.kosmolat.eu\/lt\/produktas\/i_ht-nenoskalojams-zida-matu-serums-30-ml\/","title":{"rendered":"I_HAIR TREND Nenuplaunamas serumas-\u0161ilkas plaukams, 30 ml"},"content":{"rendered":"<p>Plauk\u0173 strukt\u016bros ir blizgesio atk\u016brimas per vis\u0105 ilg\u012f.<br \/>\nGiliai maitina, atkuria pa\u017eeist\u0173 plauk\u0173 strukt\u016br\u0105, daro juos \u0161velnius ir \u0161ilkinius. &Scaron;veicari\u0161ka formul\u0117 buvo sukurta konsultuojantis su vaistininku ir yra pagr\u012fsta ekologi\u0161k\u0173 hibrid\u0173, t. y. ingredient\u0173, gaut\u0173 i\u0161 nat\u016brali\u0173 ir atsinaujinan\u010di\u0173 \u0161altini\u0173.<\/p>\n<p>Naudojimas: Suplakti, kelis la\u0161us serumo u\u017ela\u0161inti ant dr\u0117gn\u0173 plauk\u0173 per vis\u0105 ilg\u012f, i\u0161skyrus plauk\u0173 \u0161aknis. Neplaukite. Naudokite du kartus per savait\u0119. Serumo galima d\u0117ti \u012f balzam\u0105 ar kauk\u0119.<\/p>\n<p>\u012esp\u0117jimas: prie\u0161 naudojim\u0105 i\u0161bandykite serum\u0105 ant nedidelio odos ploto. Nustokite naudoti serum\u0105 bet kokios alergin\u0117s reakcijos atveju. Naudokite kaip nurodyta. Tik i\u0161oriniam naudojimui. Patekus \u012f akis, praplauti dideliu kiekiu vandens.<\/p>\n<p>Kontraindikacijos: individualus jautrumas serumo komponentams.<br \/>\nLaikyti nuo 5&deg;C iki 25&deg;C ir 55-70 % santykin\u0117je dr\u0117gm\u0117je, apsaugotoje nuo tiesiogini\u0173 saul\u0117s spinduli\u0173 vietoje. Neleid\u017eiama produkto laikyti ar\u010diau kaip 1 m atstumu nuo veikian\u010di\u0173 \u0161ildymo prietais\u0173. Tinkamumo laikas 36 m\u0117nesiai nuo pagaminimo datos. Atidarius sunaudoti per 12 m\u0117nesi\u0173, atsi\u017evelgiant \u012f ant pakuot\u0117s nurodyt\u0105 tinkamumo laik\u0105. Partijos numeris atitinka pagaminimo dat\u0105.<br \/>\n&nbsp;<\/p>\n","protected":false},"excerpt":{"rendered":"<p>Plauk\u0173 strukt\u016bros ir blizgesio atk\u016brimas per vis\u0105 ilg\u012f. Giliai maitina, atkuria pa\u017eeist\u0173 plauk\u0173 strukt\u016br\u0105, daro juos \u0161velnius ir \u0161ilkinius. &Scaron;veicari\u0161ka formul\u0117 buvo sukurta konsultuojantis su vaistininku ir yra pagr\u012fsta ekologi\u0161k\u0173 hibrid\u0173, t. y. ingredient\u0173, gaut\u0173 i\u0161 nat\u016brali\u0173 ir atsinaujinan\u010di\u0173 \u0161altini\u0173. Naudojimas: Suplakti, kelis la\u0161us serumo u\u017ela\u0161inti ant dr\u0117gn\u0173 plauk\u0173 per vis\u0105 ilg\u012f, i\u0161skyrus plauk\u0173 \u0161aknis. [&#8230;]\n","protected":false},"featured_media":87166,"template":"","meta":[],"product_cat":[1345],"product_tag":[],"class_list":{"0":"post-38002","1":"product","2":"type-product","3":"status-publish","4":"has-post-thumbnail","6":"product_brand-naturpro_ua-lt","7":"product_cat-kitos-plauku-prieziuros-priemones","9":"first","10":"outofstock","11":"taxable","12":"shipping-taxable","13":"product-type-simple"},"_links":{"self":[{"href":"https:\/\/e.kosmolat.eu\/lt\/wp-json\/wp\/v2\/product\/38002","targetHints":{"allow":["GET"]}}],"collection":[{"href":"https:\/\/e.kosmolat.eu\/lt\/wp-json\/wp\/v2\/product"}],"about":[{"href":"https:\/\/e.kosmolat.eu\/lt\/wp-json\/wp\/v2\/types\/product"}],"wp:featuredmedia":[{"embeddable":true,"href":"https:\/\/e.kosmolat.eu\/lt\/wp-json\/wp\/v2\/media\/87166"}],"wp:attachment":[{"href":"https:\/\/e.kosmolat.eu\/lt\/wp-json\/wp\/v2\/media?parent=38002"}],"wp:term":[{"taxonomy":"product_cat","embeddable":true,"href":"https:\/\/e.kosmolat.eu\/lt\/wp-json\/wp\/v2\/product_cat?post=38002"},{"taxonomy":"product_tag","embeddable":true,"href":"https:\/\/e.kosmolat.eu\/lt\/wp-json\/wp\/v2\/product_tag?post=38002"}],"curies":[{"name":"wp","href":"https:\/\/api.w.org\/{rel}","templated":true}]}}