{"id":37990,"date":"2023-12-22T20:48:30","date_gmt":"2023-12-22T20:48:30","guid":{"rendered":"https:\/\/e.kosmolat.eu\/product\/i_ht-total-reconstruction-balzams-kondicionieris-sausiem-un-bojatem-matiem-250-ml\/"},"modified":"2025-09-19T23:32:54","modified_gmt":"2025-09-19T23:32:54","slug":"i_ht-total-reconstruct-balz-kondic-sausiem-un-bojatiem-matiem-250-ml","status":"publish","type":"product","link":"https:\/\/e.kosmolat.eu\/lt\/produktas\/i_ht-total-reconstruct-balz-kondic-sausiem-un-bojatiem-matiem-250-ml\/","title":{"rendered":"I_HAIR TREND Total Reconstruction Balzamas-kondicionierius sausiems ir pa\u017eeistiems plaukams, 250 ml"},"content":{"rendered":"<p>Balzamas-kondicionierius giliai maitina ir padeda atkurti pa\u017eeist\u0173 plauk\u0173 strukt\u016br\u0105. Sodrios balzamo formul\u0117s kvie\u010di\u0173 gemal\u0173 aliejus dr\u0117kina sausus sruog\u0173 galus. Alyvuogi\u0173 aliejus suteikia glotnumo ir nat\u016bralaus blizgesio. Argano aliejus apsaugo plaukus nuo neigiamo temperat\u016bros poky\u010di\u0173 poveikio. Ry\u017ei\u0173 s\u0117lenos ir taukmed\u017eio aliejus skatina plauk\u0173 augim\u0105. &Scaron;veicari\u0161ka formul\u0117 buvo sukurta dalyvaujant vaistininkui, remiantis ekohibrid\u0173 emulsikliu &ndash; komponentu, atitinkan\u010diu tarptautin\u012f standart\u0105 ISO 16128-1 ir pagamint\u0105 i\u0161 nat\u016brali\u0173 ir atsinaujinan\u010di\u0173 \u0161altini\u0173.<\/p>\n<p>Naudojimas: tepkite ant dr\u0117gn\u0173 plauk\u0173, ypating\u0105 d\u0117mes\u012f skirdami galiukams. Palikite 3 minutes, tada nuplaukite vandeniu.<\/p>\n<p>Atsargiai: Patekus \u012f akis, praplauti dideliu kiekiu tekan\u010dio vandens. Kontraindikacijos: individualus netoleravimas produkto sudedamosioms dalims.<\/p>\n<p>Laikyti nuo 5&deg;C iki 25&deg;C ir 55-70 % santykin\u0117je dr\u0117gm\u0117je, apsaugotoje nuo tiesiogini\u0173 saul\u0117s spinduli\u0173 vietoje. Neleid\u017eiama produkto laikyti ar\u010diau kaip 1 m atstumu nuo veikian\u010di\u0173 \u0161ildymo prietais\u0173. Tinkamumo laikas 36 m\u0117nesiai nuo pagaminimo datos. Atidarius sunaudoti per 12 m\u0117nesi\u0173, atsi\u017evelgiant \u012f ant pakuot\u0117s nurodyt\u0105 tinkamumo laik\u0105. Partijos numeris atitinka pagaminimo dat\u0105.<br \/>\n&nbsp;<\/p>\n","protected":false},"excerpt":{"rendered":"<p>Balzamas-kondicionierius giliai maitina ir padeda atkurti pa\u017eeist\u0173 plauk\u0173 strukt\u016br\u0105. Sodrios balzamo formul\u0117s kvie\u010di\u0173 gemal\u0173 aliejus dr\u0117kina sausus sruog\u0173 galus. Alyvuogi\u0173 aliejus suteikia glotnumo ir nat\u016bralaus blizgesio. Argano aliejus apsaugo plaukus nuo neigiamo temperat\u016bros poky\u010di\u0173 poveikio. Ry\u017ei\u0173 s\u0117lenos ir taukmed\u017eio aliejus skatina plauk\u0173 augim\u0105. &Scaron;veicari\u0161ka formul\u0117 buvo sukurta dalyvaujant vaistininkui, remiantis ekohibrid\u0173 emulsikliu &ndash; komponentu, atitinkan\u010diu [&#8230;]\n","protected":false},"featured_media":87154,"template":"","meta":[],"product_cat":[1640],"product_tag":[],"class_list":{"0":"post-37990","1":"product","2":"type-product","3":"status-publish","4":"has-post-thumbnail","6":"product_brand-naturpro_ua-lt","7":"product_cat-balzamai","9":"first","10":"outofstock","11":"taxable","12":"shipping-taxable","13":"product-type-simple"},"_links":{"self":[{"href":"https:\/\/e.kosmolat.eu\/lt\/wp-json\/wp\/v2\/product\/37990","targetHints":{"allow":["GET"]}}],"collection":[{"href":"https:\/\/e.kosmolat.eu\/lt\/wp-json\/wp\/v2\/product"}],"about":[{"href":"https:\/\/e.kosmolat.eu\/lt\/wp-json\/wp\/v2\/types\/product"}],"wp:featuredmedia":[{"embeddable":true,"href":"https:\/\/e.kosmolat.eu\/lt\/wp-json\/wp\/v2\/media\/87154"}],"wp:attachment":[{"href":"https:\/\/e.kosmolat.eu\/lt\/wp-json\/wp\/v2\/media?parent=37990"}],"wp:term":[{"taxonomy":"product_cat","embeddable":true,"href":"https:\/\/e.kosmolat.eu\/lt\/wp-json\/wp\/v2\/product_cat?post=37990"},{"taxonomy":"product_tag","embeddable":true,"href":"https:\/\/e.kosmolat.eu\/lt\/wp-json\/wp\/v2\/product_tag?post=37990"}],"curies":[{"name":"wp","href":"https:\/\/api.w.org\/{rel}","templated":true}]}}