{"id":37986,"date":"2023-12-22T20:48:01","date_gmt":"2023-12-22T20:48:01","guid":{"rendered":"https:\/\/e.kosmolat.eu\/product\/i_ht-sebum-control-maska-taukainiem-matiem-400-ml\/"},"modified":"2026-01-07T13:34:16","modified_gmt":"2026-01-07T13:34:16","slug":"i_ht-sebum-control-maska-taukainiem-matiem-400-ml","status":"publish","type":"product","link":"https:\/\/e.kosmolat.eu\/lt\/produktas\/i_ht-sebum-control-maska-taukainiem-matiem-400-ml\/","title":{"rendered":"HAIR TREND Sebum Control kauk\u0117 riebiems plaukams, 400 ml"},"content":{"rendered":"<p>Galvos odos lipid\u0173 balanso normalizavimas<br \/>\nKauk\u0117 teigiamai veikia epidermio pH balans\u0105.<br \/>\nEkologi\u0161ki ekstraktai, esantys balzamo formul\u0117je, padeda normalizuoti riebalini\u0173 liauk\u0173 veikl\u0105 ir u\u017ekerta keli\u0105 perteklinei riebal\u0173 sintezei.<br \/>\n&Scaron;veicari\u0161ka formul\u0117 buvo sukurta dalyvaujant vaistininkui, remiantis ekohibrid\u0173 emulsikliu &ndash; komponentu, atitinkan\u010diu tarptautin\u012f standart\u0105 ISO 16128-1 ir pagamint\u0105 i\u0161 nat\u016brali\u0173 ir atsinaujinan\u010di\u0173 \u0161altini\u0173.<\/p>\n<p>Naudojimas: U\u017etepkite reikiam\u0105 kiek\u012f kauk\u0117s ant dr\u0117gn\u0173, i\u0161 anksto i\u0161plaut\u0173 plauk\u0173, ypating\u0105 d\u0117mes\u012f skirdami galiukams. Palikite 15 minu\u010di\u0173. Kruop\u0161\u010diai nuplaukite \u0161iltu vandeniu. Naudokite 1-2 kartus per savait\u0119, pakaitomis su kondicionieriumi.<\/p>\n<p>Atsargiai: Patekus \u012f akis, praplauti dideliu kiekiu tekan\u010dio vandens.<\/p>\n<p>Kontraindikacijos: individualus netoleravimas produkto sudedamosioms dalims.<br \/>\nLaikyti nuo 5&deg;C iki 25&deg;C ir 55-70 % santykin\u0117je dr\u0117gm\u0117je, apsaugotoje nuo tiesiogini\u0173 saul\u0117s spinduli\u0173 vietoje. Neleid\u017eiama produkto laikyti ar\u010diau kaip 1 m atstumu nuo veikian\u010di\u0173 \u0161ildymo prietais\u0173. Tinkamumo laikas 36 m\u0117nesiai nuo pagaminimo datos. Atidarius sunaudoti per 12 m\u0117nesi\u0173, atsi\u017evelgiant \u012f ant pakuot\u0117s nurodyt\u0105 tinkamumo laik\u0105. Partijos numeris atitinka pagaminimo dat\u0105.<br \/>\n&nbsp;<\/p>\n","protected":false},"excerpt":{"rendered":"<p>Galvos odos lipid\u0173 balanso normalizavimas Kauk\u0117 teigiamai veikia epidermio pH balans\u0105. Ekologi\u0161ki ekstraktai, esantys balzamo formul\u0117je, padeda normalizuoti riebalini\u0173 liauk\u0173 veikl\u0105 ir u\u017ekerta keli\u0105 perteklinei riebal\u0173 sintezei. &Scaron;veicari\u0161ka formul\u0117 buvo sukurta dalyvaujant vaistininkui, remiantis ekohibrid\u0173 emulsikliu &ndash; komponentu, atitinkan\u010diu tarptautin\u012f standart\u0105 ISO 16128-1 ir pagamint\u0105 i\u0161 nat\u016brali\u0173 ir atsinaujinan\u010di\u0173 \u0161altini\u0173. Naudojimas: U\u017etepkite reikiam\u0105 kiek\u012f kauk\u0117s [&#8230;]\n","protected":false},"featured_media":87150,"template":"","meta":[],"product_cat":[2181],"product_tag":[],"class_list":{"0":"post-37986","1":"product","2":"type-product","3":"status-publish","4":"has-post-thumbnail","6":"product_brand-naturpro_ua-lt","7":"product_cat-bez-kategorijas-lt","9":"first","10":"outofstock","11":"taxable","12":"shipping-taxable","13":"product-type-simple"},"_links":{"self":[{"href":"https:\/\/e.kosmolat.eu\/lt\/wp-json\/wp\/v2\/product\/37986","targetHints":{"allow":["GET"]}}],"collection":[{"href":"https:\/\/e.kosmolat.eu\/lt\/wp-json\/wp\/v2\/product"}],"about":[{"href":"https:\/\/e.kosmolat.eu\/lt\/wp-json\/wp\/v2\/types\/product"}],"wp:featuredmedia":[{"embeddable":true,"href":"https:\/\/e.kosmolat.eu\/lt\/wp-json\/wp\/v2\/media\/87150"}],"wp:attachment":[{"href":"https:\/\/e.kosmolat.eu\/lt\/wp-json\/wp\/v2\/media?parent=37986"}],"wp:term":[{"taxonomy":"product_cat","embeddable":true,"href":"https:\/\/e.kosmolat.eu\/lt\/wp-json\/wp\/v2\/product_cat?post=37986"},{"taxonomy":"product_tag","embeddable":true,"href":"https:\/\/e.kosmolat.eu\/lt\/wp-json\/wp\/v2\/product_tag?post=37986"}],"curies":[{"name":"wp","href":"https:\/\/api.w.org\/{rel}","templated":true}]}}