{"id":37974,"date":"2023-12-22T20:47:02","date_gmt":"2023-12-22T20:47:02","guid":{"rendered":"https:\/\/e.kosmolat.eu\/product\/i_ht-total-reconstruction-maska-sausiem-un-bojatiem-matiem-400-ml\/"},"modified":"2025-09-19T23:32:05","modified_gmt":"2025-09-19T23:32:05","slug":"i_ht-total-reconstruction-maska-sausiem-un-bojatiem-matiem-400-ml","status":"publish","type":"product","link":"https:\/\/e.kosmolat.eu\/lt\/produktas\/i_ht-total-reconstruction-maska-sausiem-un-bojatiem-matiem-400-ml\/","title":{"rendered":"I_HAIR TREND Total Reconstruction Kauk\u0117 sausiems ir pa\u017eeistiems plaukams, 400 ml"},"content":{"rendered":"<p>Plauk\u0173 strukt\u016bros ir blizgesio atk\u016brimas per vis\u0105 ilg\u012f. Mink\u0161ta formul\u0117 micelinio vandens pagrindu. Be da\u017eikli\u0173, parafin\u0173, mineralini\u0173 aliej\u0173. 100% nat\u016bral\u016bs aktyv\u016bs ingredientai.<br \/>\nKauk\u0117 giliai maitina ir padeda atkurti pa\u017eeist\u0173 plauk\u0173 strukt\u016br\u0105. Sodrioje kauk\u0117s formul\u0117je esantis kvie\u010di\u0173 gemal\u0173 aliejus dr\u0117kina sausus sruogeli\u0173 galus. Alyvuogi\u0173 aliejus suteikia glotnumo ir nat\u016bralaus blizgesio efekt\u0105. Argano aliejus apsaugo plaukus nuo neigiamo temperat\u016bros poky\u010di\u0173 poveikio. Ry\u017ei\u0173 s\u0117len\u0173 aliejus ir taukmed\u017ei\u0173 sviestas skatina plauk\u0173 augim\u0105. &Scaron;veicari\u0161ka formul\u0117 buvo sukurta dalyvaujant vaistininkui, &nbsp;ekohibrid\u0173 emulsikli\u0173 pagrindu, kuris atitinka tarptautin\u012f standart\u0105 ISO 16128-1 ir yra sukurtas nat\u016braliais ir atsinaujinan\u010diais \u0161altiniais.<\/p>\n<p>Naudojimas: U\u017etepkite reikiam\u0105 kiek\u012f kauk\u0117s ant dr\u0117gn\u0173, i\u0161 anksto i\u0161plaut\u0173 plauk\u0173, ypating\u0105 d\u0117mes\u012f skirdami galiukams. Palikite 15 minu\u010di\u0173. Kruop\u0161\u010diai nuplaukite \u0161iltu vandeniu. Naudokite 1-2 kartus per savait\u0119, pakaitomis su balzamu-kondicionieriumi.<\/p>\n<p>Atsargiai: Patekus \u012f akis, praplauti dideliu kiekiu tekan\u010dio vandens. Kontraindikacijos: individualus netoleravimas produkto sudedamosioms dalims.<\/p>\n<p>Laikyti nuo 5&deg;C iki 25&deg;C ir 55-70 % santykin\u0117je dr\u0117gm\u0117je, apsaugotoje nuo tiesiogini\u0173 saul\u0117s spinduli\u0173 vietoje. Neleid\u017eiama produkto laikyti ar\u010diau kaip 1 m atstumu nuo veikian\u010di\u0173 \u0161ildymo prietais\u0173. Tinkamumo laikas 24 m\u0117nesiai nuo pagaminimo datos. Atidarius sunaudoti per 36 m\u0117nesiai, atsi\u017evelgiant \u012f ant pakuot\u0117s nurodyt\u0105 tinkamumo laik\u0105. Partijos numeris atitinka pagaminimo dat\u0105.<br \/>\n&nbsp;<\/p>\n","protected":false},"excerpt":{"rendered":"<p>Plauk\u0173 strukt\u016bros ir blizgesio atk\u016brimas per vis\u0105 ilg\u012f. Mink\u0161ta formul\u0117 micelinio vandens pagrindu. Be da\u017eikli\u0173, parafin\u0173, mineralini\u0173 aliej\u0173. 100% nat\u016bral\u016bs aktyv\u016bs ingredientai. Kauk\u0117 giliai maitina ir padeda atkurti pa\u017eeist\u0173 plauk\u0173 strukt\u016br\u0105. Sodrioje kauk\u0117s formul\u0117je esantis kvie\u010di\u0173 gemal\u0173 aliejus dr\u0117kina sausus sruogeli\u0173 galus. Alyvuogi\u0173 aliejus suteikia glotnumo ir nat\u016bralaus blizgesio efekt\u0105. Argano aliejus apsaugo plaukus nuo [&#8230;]\n","protected":false},"featured_media":87142,"template":"","meta":[],"product_cat":[1256],"product_tag":[],"class_list":{"0":"post-37974","1":"product","2":"type-product","3":"status-publish","4":"has-post-thumbnail","6":"product_brand-naturpro_ua-lt","7":"product_cat-plauku-kaukes","9":"first","10":"outofstock","11":"taxable","12":"shipping-taxable","13":"product-type-simple"},"_links":{"self":[{"href":"https:\/\/e.kosmolat.eu\/lt\/wp-json\/wp\/v2\/product\/37974","targetHints":{"allow":["GET"]}}],"collection":[{"href":"https:\/\/e.kosmolat.eu\/lt\/wp-json\/wp\/v2\/product"}],"about":[{"href":"https:\/\/e.kosmolat.eu\/lt\/wp-json\/wp\/v2\/types\/product"}],"wp:featuredmedia":[{"embeddable":true,"href":"https:\/\/e.kosmolat.eu\/lt\/wp-json\/wp\/v2\/media\/87142"}],"wp:attachment":[{"href":"https:\/\/e.kosmolat.eu\/lt\/wp-json\/wp\/v2\/media?parent=37974"}],"wp:term":[{"taxonomy":"product_cat","embeddable":true,"href":"https:\/\/e.kosmolat.eu\/lt\/wp-json\/wp\/v2\/product_cat?post=37974"},{"taxonomy":"product_tag","embeddable":true,"href":"https:\/\/e.kosmolat.eu\/lt\/wp-json\/wp\/v2\/product_tag?post=37974"}],"curies":[{"name":"wp","href":"https:\/\/api.w.org\/{rel}","templated":true}]}}