{"id":37966,"date":"2023-12-22T20:46:01","date_gmt":"2023-12-22T20:46:01","guid":{"rendered":"https:\/\/e.kosmolat.eu\/product\/i_ht-total-reconstruction-sampuns-bez-sulfatiem-sausiem-un-bojatiem-matiem-500-ml\/"},"modified":"2025-09-19T23:31:34","modified_gmt":"2025-09-19T23:31:34","slug":"i_ht-total-reconstruction-sampuns-bez-sulfatiem-sausiem-un-bojatiem-matiem-500-ml","status":"publish","type":"product","link":"https:\/\/e.kosmolat.eu\/lt\/produktas\/i_ht-total-reconstruction-sampuns-bez-sulfatiem-sausiem-un-bojatiem-matiem-500-ml\/","title":{"rendered":"I_HAIR TREND Total Reconstruction \u0161amp\u016bnas be sulfat\u0173 sausiems ir pa\u017eeistiems plaukams, 500 ml"},"content":{"rendered":"<p>Plauk\u0173 strukt\u016bros ir blizgesio atk\u016brimas per vis\u0105 ilg\u012f.<br \/>\nApsauga nuo kieto vandens. Kokos\u0173 aliejus. &Scaron;velni formul\u0117 micelinio vandens pagrindu<br \/>\nBe SLS paraben\u0173, silikon\u0173, da\u017eikli\u0173.<br \/>\n100% nat\u016bral\u016bs aktyv\u016bs ingredientai.<br \/>\nVeikliosios med\u017eiagos: ry\u017ei\u0173 s\u0117len\u0173, kvie\u010di\u0173 gemal\u0173, alyvuogi\u0173, argano ir taukmed\u017eio aliej\u0173 fitokompleksas<br \/>\n&Scaron;amp\u016bnas giliai maitina ir padeda atkurti pa\u017eeist\u0173 plauk\u0173 strukt\u016br\u0105. Sodri \u0161amp\u016bno formul\u0117. Kvie\u010di\u0173 gemal\u0173 aliejus dr\u0117kina sausus sruog\u0173 galus. Alyvuogi\u0173 aliejus suteikia glotnumo ir nat\u016bralaus blizgesio. Argano aliejus apsaugo plaukus nuo neigiamo temperat\u016bros poveikio. Ry\u017ei\u0173 s\u0117lenos ir taukmed\u017eio aliejus skatina plauk\u0173 augim\u0105. &Scaron;veicari\u0161ka formul\u0117, sukurta kartu su vaistininku, pagr\u012fsta \u0161velnia pavir\u0161inio aktyvumo med\u017eiaga i\u0161 kokos\u0173 aliejaus riebal\u0173 r\u016bg\u0161\u010di\u0173.<\/p>\n<p>Naudojimas: \u0161velniais masa\u017eo judesiais paskirstykite ant dr\u0117gn\u0173 plauk\u0173, suputokite ir kruop\u0161\u010diai i\u0161skalaukite vandeniu. Jei reikia, pakartokite. D\u0117mesio: Tik i\u0161oriniam naudojimui, patekus \u012f akis, gerai nuplauti dideliu kiekiu tekan\u010dio vandens. Kontraindikacijos: individualus netoleravimas \u0161amp\u016bno komponentams.<\/p>\n<p>Atsargiai: Patekus \u012f akis, praplauti dideliu kiekiu tekan\u010dio vandens.<\/p>\n<p>Kontraindikacijos: individualus netoleravimas produkto sudedamosioms dalims.<br \/>\nLaikyti nuo 5&deg;C iki 25&deg;C ir 55-70 % santykin\u0117je dr\u0117gm\u0117je, apsaugotoje nuo tiesiogini\u0173 saul\u0117s spinduli\u0173 vietoje. Neleid\u017eiama produkto laikyti ar\u010diau kaip 1 m atstumu nuo veikian\u010di\u0173 \u0161ildymo prietais\u0173. Tinkamumo laikas 36 m\u0117nesiai nuo pagaminimo datos. Atidarius sunaudoti per 12 m\u0117nesi\u0173, atsi\u017evelgiant \u012f ant pakuot\u0117s nurodyt\u0105 tinkamumo laik\u0105. Partijos numeris atitinka pagaminimo dat\u0105.<br \/>\n&nbsp;<\/p>\n","protected":false},"excerpt":{"rendered":"<p>Plauk\u0173 strukt\u016bros ir blizgesio atk\u016brimas per vis\u0105 ilg\u012f. Apsauga nuo kieto vandens. Kokos\u0173 aliejus. &Scaron;velni formul\u0117 micelinio vandens pagrindu Be SLS paraben\u0173, silikon\u0173, da\u017eikli\u0173. 100% nat\u016bral\u016bs aktyv\u016bs ingredientai. Veikliosios med\u017eiagos: ry\u017ei\u0173 s\u0117len\u0173, kvie\u010di\u0173 gemal\u0173, alyvuogi\u0173, argano ir taukmed\u017eio aliej\u0173 fitokompleksas &Scaron;amp\u016bnas giliai maitina ir padeda atkurti pa\u017eeist\u0173 plauk\u0173 strukt\u016br\u0105. Sodri \u0161amp\u016bno formul\u0117. Kvie\u010di\u0173 gemal\u0173 aliejus [&#8230;]\n","protected":false},"featured_media":87134,"template":"","meta":[],"product_cat":[1251],"product_tag":[],"class_list":{"0":"post-37966","1":"product","2":"type-product","3":"status-publish","4":"has-post-thumbnail","6":"product_brand-naturpro_ua-lt","7":"product_cat-sampunai","9":"first","10":"outofstock","11":"taxable","12":"shipping-taxable","13":"product-type-simple"},"_links":{"self":[{"href":"https:\/\/e.kosmolat.eu\/lt\/wp-json\/wp\/v2\/product\/37966","targetHints":{"allow":["GET"]}}],"collection":[{"href":"https:\/\/e.kosmolat.eu\/lt\/wp-json\/wp\/v2\/product"}],"about":[{"href":"https:\/\/e.kosmolat.eu\/lt\/wp-json\/wp\/v2\/types\/product"}],"wp:featuredmedia":[{"embeddable":true,"href":"https:\/\/e.kosmolat.eu\/lt\/wp-json\/wp\/v2\/media\/87134"}],"wp:attachment":[{"href":"https:\/\/e.kosmolat.eu\/lt\/wp-json\/wp\/v2\/media?parent=37966"}],"wp:term":[{"taxonomy":"product_cat","embeddable":true,"href":"https:\/\/e.kosmolat.eu\/lt\/wp-json\/wp\/v2\/product_cat?post=37966"},{"taxonomy":"product_tag","embeddable":true,"href":"https:\/\/e.kosmolat.eu\/lt\/wp-json\/wp\/v2\/product_tag?post=37966"}],"curies":[{"name":"wp","href":"https:\/\/api.w.org\/{rel}","templated":true}]}}