{"id":37958,"date":"2023-12-22T20:45:00","date_gmt":"2023-12-22T20:45:00","guid":{"rendered":"https:\/\/e.kosmolat.eu\/product\/i_ht-maska-sausiem-un-bojatiem-matiem-total-reconstruction-15-ml\/"},"modified":"2025-09-19T23:37:54","modified_gmt":"2025-09-19T23:37:54","slug":"i_ht-maska-sausiem-un-bojatiem-matiem-total-reconstruction-15-ml","status":"publish","type":"product","link":"https:\/\/e.kosmolat.eu\/lt\/produktas\/i_ht-maska-sausiem-un-bojatiem-matiem-total-reconstruction-15-ml\/","title":{"rendered":"I_HAIR TREND Kauk\u0117 sausiems ir pa\u017eeistiems plaukams \u201cTotal Reconstruction\u201d, 15 ml"},"content":{"rendered":"<p><strong>Termokauk\u0117<\/strong> giliai maitina ir padeda atkurti pa\u017eeist\u0173 plauk\u0173 strukt\u016br\u0105.<br \/>\n<strong>Kvie\u010di\u0173 gemal\u0173 aliejus <\/strong>dr\u0117kina sausus sruogeli\u0173 galus.<br \/>\n<strong>Alyvuogi\u0173 aliejus<\/strong> suteikia glotnumo ir nat\u016bralaus blizgesio.<br \/>\n<strong>Argan\u0173 aliejus<\/strong> apsaugo plaukus nuo neigiamo temperat\u016bros poky\u010di\u0173 poveikio.<br \/>\n<strong>Ry\u017ei\u0173 s\u0117lenos ir taukmed\u017ei\u0173 aliejus<\/strong> skatina plauk\u0173 augim\u0105.<br \/>\n<strong>&Scaron;veicari\u0161ka formul\u0117<\/strong> buvo sukurta dalyvaujant vaistininkui, remiantis ecohybrids* emulsikliu &ndash; komponentu, kuris atitinka tarptautin\u012f standart\u0105 ISO 16128-1 ir yra pagr\u012fstas nat\u016braliais ir atsinaujinan\u010diais \u0161altiniais.<br \/>\n<strong>Naudojimas:<\/strong> u\u017etepkite ant dr\u0117gn\u0173 plauk\u0173, ypating\u0105 d\u0117mes\u012f skirdami galiukams, apvyniokite plaukus rank\u0161luos\u010diu arba u\u017ed\u0117kite vienkartin\u0119 kepurait\u0119 ir palikite 30-40 minu\u010di\u0173, tada kruop\u0161\u010diai i\u0161skalaukite vandeniu.<br \/>\nAtsargiai: Tik i\u0161oriniam naudojimui. Patekus \u012f akis, gerai nuplauti dideliu kiekiu tekan\u010dio vandens.<br \/>\n<strong>Kontraindikacijos:<\/strong> individualus netoleravimas kauk\u0117s komponentams. Laikyti nuo +5&deg;C iki +25&deg;C temperat\u016broje ir 55-70% santykin\u0117je dr\u0117gm\u0117je, apsaugotoje nuo tiesiogini\u0173 saul\u0117s spinduli\u0173, ma\u017eiausiai vieno metro atstumu nuo auk\u0161tos temperat\u016bros \u0161altini\u0173.<\/p>\n","protected":false},"excerpt":{"rendered":"<p>Termokauk\u0117 giliai maitina ir padeda atkurti pa\u017eeist\u0173 plauk\u0173 strukt\u016br\u0105. Kvie\u010di\u0173 gemal\u0173 aliejus dr\u0117kina sausus sruogeli\u0173 galus. Alyvuogi\u0173 aliejus suteikia glotnumo ir nat\u016bralaus blizgesio. Argan\u0173 aliejus apsaugo plaukus nuo neigiamo temperat\u016bros poky\u010di\u0173 poveikio. Ry\u017ei\u0173 s\u0117lenos ir taukmed\u017ei\u0173 aliejus skatina plauk\u0173 augim\u0105. &Scaron;veicari\u0161ka formul\u0117 buvo sukurta dalyvaujant vaistininkui, remiantis ecohybrids* emulsikliu &ndash; komponentu, kuris atitinka tarptautin\u012f standart\u0105 [&#8230;]\n","protected":false},"featured_media":87242,"template":"","meta":[],"product_cat":[1256],"product_tag":[],"class_list":{"0":"post-37958","1":"product","2":"type-product","3":"status-publish","4":"has-post-thumbnail","6":"product_brand-naturpro_ua-lt","7":"product_cat-plauku-kaukes","9":"first","10":"outofstock","11":"taxable","12":"shipping-taxable","13":"product-type-simple"},"_links":{"self":[{"href":"https:\/\/e.kosmolat.eu\/lt\/wp-json\/wp\/v2\/product\/37958","targetHints":{"allow":["GET"]}}],"collection":[{"href":"https:\/\/e.kosmolat.eu\/lt\/wp-json\/wp\/v2\/product"}],"about":[{"href":"https:\/\/e.kosmolat.eu\/lt\/wp-json\/wp\/v2\/types\/product"}],"wp:featuredmedia":[{"embeddable":true,"href":"https:\/\/e.kosmolat.eu\/lt\/wp-json\/wp\/v2\/media\/87242"}],"wp:attachment":[{"href":"https:\/\/e.kosmolat.eu\/lt\/wp-json\/wp\/v2\/media?parent=37958"}],"wp:term":[{"taxonomy":"product_cat","embeddable":true,"href":"https:\/\/e.kosmolat.eu\/lt\/wp-json\/wp\/v2\/product_cat?post=37958"},{"taxonomy":"product_tag","embeddable":true,"href":"https:\/\/e.kosmolat.eu\/lt\/wp-json\/wp\/v2\/product_tag?post=37958"}],"curies":[{"name":"wp","href":"https:\/\/api.w.org\/{rel}","templated":true}]}}