{"id":37954,"date":"2023-12-22T20:44:28","date_gmt":"2023-12-22T20:44:28","guid":{"rendered":"https:\/\/e.kosmolat.eu\/product\/htthermal-protection-divfazu-kondicionieris-200-ml\/"},"modified":"2026-04-14T10:07:27","modified_gmt":"2026-04-14T10:07:27","slug":"htthermal-protection-divfazu-kondicionieris-200-ml","status":"publish","type":"product","link":"https:\/\/e.kosmolat.eu\/lt\/produktas\/htthermal-protection-divfazu-kondicionieris-200-ml\/","title":{"rendered":"NATUR PRO HAIR TREND Thermal protection Dviej\u0173 fazi\u0173 kondicionierius, 200 ml"},"content":{"rendered":"<p>Thermal protection dvifazis kondicionierius, skirtas veiksmingai apsaugoti plaukus nuo \u0161iluminio poveikio d\u017eiovinimo, formavimo ir temperat\u016bros bei klimato poky\u010di\u0173 metu. Apsaugos nuo perd\u017ei\u016bvimo, galiuk\u0173 skilin\u0117jimo prevencija, \u0161velnumo garantija. Lyg\u016bs \u0161ilkiniai plaukai d\u0117ka: jojobos aliej\u0173 ir kvie\u010di\u0173 gemal\u0173 derinio, kuris aplink kiekvien\u0105 plauk\u0105 suformuoja nematom\u0105 apsaugin\u012f apvalkal\u0105, tarsi apgaubia plaukus maitinan\u010diu apsauginiu sluoksniu, kuris apsaugo nuo plauk\u0173 pa\u017eeidimo terminio poveikio metu.<\/p>\n<p>Naudojimas: Tepkite ant i\u0161 anksto i\u0161plaut\u0173 dr\u0117gn\u0173 plauk\u0173 per vis\u0105 ilg\u012f; Tepkite ant saus\u0173 plauk\u0173 2-3 dozatoriaus porcijas, jei reikia, i\u0161\u0161ukuokite plaukus. Nenuplaukite.<\/p>\n<p>Atsargiai: Patekus \u012f akis, praplauti dideliu kiekiu tekan\u010dio vandens.<\/p>\n<p>Kontraindikacijos: individualus netoleravimas produkto sudedamosioms dalims.<br \/>\nLaikyti nuo 5&deg;C iki 25&deg;C ir 55-70 % santykin\u0117je dr\u0117gm\u0117je, apsaugotoje nuo tiesiogini\u0173 saul\u0117s spinduli\u0173 vietoje. Neleid\u017eiama produkto laikyti ar\u010diau kaip 1 m atstumu nuo veikian\u010di\u0173 \u0161ildymo prietais\u0173. Tinkamumo laikas 24 m\u0117nesiai nuo pagaminimo datos. Atidarius sunaudoti per 12 m\u0117nesi\u0173, atsi\u017evelgiant \u012f ant pakuot\u0117s nurodyt\u0105 tinkamumo laik\u0105. Partijos numeris atitinka pagaminimo dat\u0105.<\/p>\n","protected":false},"excerpt":{"rendered":"<p>Thermal protection dvifazis kondicionierius, skirtas veiksmingai apsaugoti plaukus nuo \u0161iluminio poveikio d\u017eiovinimo, formavimo ir temperat\u016bros bei klimato poky\u010di\u0173 metu. Apsaugos nuo perd\u017ei\u016bvimo, galiuk\u0173 skilin\u0117jimo prevencija, \u0161velnumo garantija. Lyg\u016bs \u0161ilkiniai plaukai d\u0117ka: jojobos aliej\u0173 ir kvie\u010di\u0173 gemal\u0173 derinio, kuris aplink kiekvien\u0105 plauk\u0105 suformuoja nematom\u0105 apsaugin\u012f apvalkal\u0105, tarsi apgaubia plaukus maitinan\u010diu apsauginiu sluoksniu, kuris apsaugo nuo plauk\u0173 [&#8230;]\n","protected":false},"featured_media":87126,"template":"","meta":[],"product_cat":[1640],"product_tag":[],"class_list":{"0":"post-37954","1":"product","2":"type-product","3":"status-publish","4":"has-post-thumbnail","6":"product_brand-naturpro_ua-lt","7":"product_cat-balzamai","9":"first","10":"outofstock","11":"taxable","12":"shipping-taxable","13":"product-type-simple"},"_links":{"self":[{"href":"https:\/\/e.kosmolat.eu\/lt\/wp-json\/wp\/v2\/product\/37954","targetHints":{"allow":["GET"]}}],"collection":[{"href":"https:\/\/e.kosmolat.eu\/lt\/wp-json\/wp\/v2\/product"}],"about":[{"href":"https:\/\/e.kosmolat.eu\/lt\/wp-json\/wp\/v2\/types\/product"}],"wp:featuredmedia":[{"embeddable":true,"href":"https:\/\/e.kosmolat.eu\/lt\/wp-json\/wp\/v2\/media\/87126"}],"wp:attachment":[{"href":"https:\/\/e.kosmolat.eu\/lt\/wp-json\/wp\/v2\/media?parent=37954"}],"wp:term":[{"taxonomy":"product_cat","embeddable":true,"href":"https:\/\/e.kosmolat.eu\/lt\/wp-json\/wp\/v2\/product_cat?post=37954"},{"taxonomy":"product_tag","embeddable":true,"href":"https:\/\/e.kosmolat.eu\/lt\/wp-json\/wp\/v2\/product_tag?post=37954"}],"curies":[{"name":"wp","href":"https:\/\/api.w.org\/{rel}","templated":true}]}}