{"id":37950,"date":"2023-12-22T20:43:58","date_gmt":"2023-12-22T20:43:58","guid":{"rendered":"https:\/\/e.kosmolat.eu\/product\/ht-gold-argana-divfazu-kondicionieris-200-ml\/"},"modified":"2026-04-15T10:54:53","modified_gmt":"2026-04-15T10:54:53","slug":"ht-gold-argana-divfazu-kondicionieris-200-ml","status":"publish","type":"product","link":"https:\/\/e.kosmolat.eu\/lt\/produktas\/ht-gold-argana-divfazu-kondicionieris-200-ml\/","title":{"rendered":"NATUR PRO HAIR TREND Gold Argana dviej\u0173 fazi\u0173 kondicionierius, 200 ml"},"content":{"rendered":"<p>Dviej\u0173 fazi\u0173 kondicionierius Gold Argana skirtas giliam vis\u0173 tip\u0173 plauk\u0173 atnaujinimui. Tai kasdienis atnaujinimas, \u0161velnumas, elastinga apimtis ir glotn\u016bs \u0161ilkiniai plaukai. Argano aliejus aktyviai naudojamas atkurti pa\u017eeistus sausus plaukus, atsikratyti i\u0161si\u0161akojusi\u0173 plauk\u0173 galiuk\u0173 ir u\u017ekirsti keli\u0105 plauk\u0173 l\u016b\u017ein\u0117jimui. Keratinas, kuris yra plauk\u0173 tvirtumo pagrindas, atkuria pa\u017eeistas plauko vietas ir atnaujina nat\u016brali\u0105 j\u0173 strukt\u016br\u0105 i\u0161 vidaus.<\/p>\n<p>Naudojimas: Tepkite ant i\u0161 anksto i\u0161plaut\u0173 dr\u0117gn\u0173 plauk\u0173 per vis\u0105 ilg\u012f; Tepkite ant saus\u0173 plauk\u0173 2-3 dozatoriaus pompomis, jei reikia, i\u0161\u0161ukuokite plaukus. Nenuplaukite.<\/p>\n<p>Atsargiai: Patekus \u012f akis, praplauti dideliu kiekiu tekan\u010dio vandens.<\/p>\n<p>Kontraindikacijos: individualus netoleravimas produkto sudedamosioms dalims.<br \/>\nLaikyti nuo 5&deg;C iki 25&deg;C ir 55-70 % santykin\u0117je dr\u0117gm\u0117je, apsaugotoje nuo tiesiogini\u0173 saul\u0117s spinduli\u0173 vietoje. Neleid\u017eiama produkto laikyti ar\u010diau kaip 1 m atstumu nuo veikian\u010di\u0173 \u0161ildymo prietais\u0173. Tinkamumo laikas 24 m\u0117nesiai nuo pagaminimo datos. Atidarius sunaudoti per 12 m\u0117nesi\u0173, atsi\u017evelgiant \u012f ant pakuot\u0117s nurodyt\u0105 tinkamumo laik\u0105. Partijos numeris atitinka pagaminimo dat\u0105.<\/p>\n","protected":false},"excerpt":{"rendered":"<p>Dviej\u0173 fazi\u0173 kondicionierius Gold Argana skirtas giliam vis\u0173 tip\u0173 plauk\u0173 atnaujinimui. Tai kasdienis atnaujinimas, \u0161velnumas, elastinga apimtis ir glotn\u016bs \u0161ilkiniai plaukai. Argano aliejus aktyviai naudojamas atkurti pa\u017eeistus sausus plaukus, atsikratyti i\u0161si\u0161akojusi\u0173 plauk\u0173 galiuk\u0173 ir u\u017ekirsti keli\u0105 plauk\u0173 l\u016b\u017ein\u0117jimui. Keratinas, kuris yra plauk\u0173 tvirtumo pagrindas, atkuria pa\u017eeistas plauko vietas ir atnaujina nat\u016brali\u0105 j\u0173 strukt\u016br\u0105 i\u0161 vidaus. [&#8230;]\n","protected":false},"featured_media":87122,"template":"","meta":[],"product_cat":[1640],"product_tag":[],"class_list":{"0":"post-37950","1":"product","2":"type-product","3":"status-publish","4":"has-post-thumbnail","6":"product_brand-naturpro_ua-lt","7":"product_cat-balzamai","9":"first","10":"outofstock","11":"taxable","12":"shipping-taxable","13":"product-type-simple"},"_links":{"self":[{"href":"https:\/\/e.kosmolat.eu\/lt\/wp-json\/wp\/v2\/product\/37950","targetHints":{"allow":["GET"]}}],"collection":[{"href":"https:\/\/e.kosmolat.eu\/lt\/wp-json\/wp\/v2\/product"}],"about":[{"href":"https:\/\/e.kosmolat.eu\/lt\/wp-json\/wp\/v2\/types\/product"}],"wp:featuredmedia":[{"embeddable":true,"href":"https:\/\/e.kosmolat.eu\/lt\/wp-json\/wp\/v2\/media\/87122"}],"wp:attachment":[{"href":"https:\/\/e.kosmolat.eu\/lt\/wp-json\/wp\/v2\/media?parent=37950"}],"wp:term":[{"taxonomy":"product_cat","embeddable":true,"href":"https:\/\/e.kosmolat.eu\/lt\/wp-json\/wp\/v2\/product_cat?post=37950"},{"taxonomy":"product_tag","embeddable":true,"href":"https:\/\/e.kosmolat.eu\/lt\/wp-json\/wp\/v2\/product_tag?post=37950"}],"curies":[{"name":"wp","href":"https:\/\/api.w.org\/{rel}","templated":true}]}}