{"id":37946,"date":"2023-12-22T20:43:27","date_gmt":"2023-12-22T20:43:27","guid":{"rendered":"https:\/\/e.kosmolat.eu\/product\/ht-gold-argana-skidrie-kristali-100-ml\/"},"modified":"2026-04-17T11:26:15","modified_gmt":"2026-04-17T11:26:15","slug":"ht-gold-argana-skidrie-kristali-100-ml","status":"publish","type":"product","link":"https:\/\/e.kosmolat.eu\/lt\/produktas\/ht-gold-argana-skidrie-kristali-100-ml\/","title":{"rendered":"NATUR PRO HAIR TREND Gold Argana skystieji kristalai, 100 ml"},"content":{"rendered":"<p>Skystieji Gold Argana kristalai giliai pamaitina plauk\u0173 galiukus. Argano aliejus aktyviai naudojamas atkurti pa\u017eeistus sausus plaukus, atsikratyti i\u0161si\u0161akojusi\u0173 galiuk\u0173 ir u\u017ekirsti keli\u0105 plauk\u0173 l\u016b\u017ein\u0117jimui. Keratinas yra stipri\u0173 plauk\u0173 pagrindas, atkuria pa\u017eeistas plauk\u0173 vietas, atnaujina nat\u016brali\u0105 j\u0173 strukt\u016br\u0105 i\u0161 vidaus.<\/p>\n<p>Naudojimas: prie\u0161 naudojim\u0105 stipriai suplakite buteliuk\u0105! \u012etrinkite kelis la\u0161us aliejaus \u012f delnus, tepkite ant \u0161vari\u0173, dr\u0117gn\u0173 plauk\u0173 galiuk\u0173.<\/p>\n<p>Atsargiai: Patekus \u012f akis, praplauti dideliu kiekiu tekan\u010dio vandens.<\/p>\n<p>Kontraindikacijos: individualus netoleravimas produkto sudedamosioms dalims.<br \/>\nLaikyti nuo 5&deg;C iki 25&deg;C ir 55-70 % santykin\u0117je dr\u0117gm\u0117je, apsaugotoje nuo tiesiogini\u0173 saul\u0117s spinduli\u0173 vietoje. Neleid\u017eiama produkto laikyti ar\u010diau kaip 1 m atstumu nuo veikian\u010di\u0173 \u0161ildymo prietais\u0173. Atidarius sunaudoti per 12 m\u0117nesi\u0173, atsi\u017evelgiant \u012f ant pakuot\u0117s nurodyt\u0105 tinkamumo laik\u0105. Partijos numeris atitinka pagaminimo dat\u0105.<\/p>\n","protected":false},"excerpt":{"rendered":"<p>Skystieji Gold Argana kristalai giliai pamaitina plauk\u0173 galiukus. Argano aliejus aktyviai naudojamas atkurti pa\u017eeistus sausus plaukus, atsikratyti i\u0161si\u0161akojusi\u0173 galiuk\u0173 ir u\u017ekirsti keli\u0105 plauk\u0173 l\u016b\u017ein\u0117jimui. Keratinas yra stipri\u0173 plauk\u0173 pagrindas, atkuria pa\u017eeistas plauk\u0173 vietas, atnaujina nat\u016brali\u0105 j\u0173 strukt\u016br\u0105 i\u0161 vidaus. Naudojimas: prie\u0161 naudojim\u0105 stipriai suplakite buteliuk\u0105! \u012etrinkite kelis la\u0161us aliejaus \u012f delnus, tepkite ant \u0161vari\u0173, dr\u0117gn\u0173 [&#8230;]\n","protected":false},"featured_media":87118,"template":"","meta":[],"product_cat":[1345],"product_tag":[],"class_list":{"0":"post-37946","1":"product","2":"type-product","3":"status-publish","4":"has-post-thumbnail","6":"product_brand-naturpro_ua-lt","7":"product_cat-kitos-plauku-prieziuros-priemones","9":"first","10":"instock","11":"taxable","12":"shipping-taxable","13":"product-type-simple"},"_links":{"self":[{"href":"https:\/\/e.kosmolat.eu\/lt\/wp-json\/wp\/v2\/product\/37946","targetHints":{"allow":["GET"]}}],"collection":[{"href":"https:\/\/e.kosmolat.eu\/lt\/wp-json\/wp\/v2\/product"}],"about":[{"href":"https:\/\/e.kosmolat.eu\/lt\/wp-json\/wp\/v2\/types\/product"}],"wp:featuredmedia":[{"embeddable":true,"href":"https:\/\/e.kosmolat.eu\/lt\/wp-json\/wp\/v2\/media\/87118"}],"wp:attachment":[{"href":"https:\/\/e.kosmolat.eu\/lt\/wp-json\/wp\/v2\/media?parent=37946"}],"wp:term":[{"taxonomy":"product_cat","embeddable":true,"href":"https:\/\/e.kosmolat.eu\/lt\/wp-json\/wp\/v2\/product_cat?post=37946"},{"taxonomy":"product_tag","embeddable":true,"href":"https:\/\/e.kosmolat.eu\/lt\/wp-json\/wp\/v2\/product_tag?post=37946"}],"curies":[{"name":"wp","href":"https:\/\/api.w.org\/{rel}","templated":true}]}}