{"id":37930,"date":"2023-12-22T20:42:30","date_gmt":"2023-12-22T20:42:30","guid":{"rendered":"https:\/\/e.kosmolat.eu\/product\/dr-sante-aloe-vera-maska-rekonstrukcija-1-l\/"},"modified":"2026-03-30T16:10:45","modified_gmt":"2026-03-30T16:10:45","slug":"dr-sante-aloe-vera-maska-rekonstrukcija-1-l","status":"publish","type":"product","link":"https:\/\/e.kosmolat.eu\/lt\/produktas\/dr-sante-aloe-vera-maska-rekonstrukcija-1-l\/","title":{"rendered":"DR.SANTE ALOE VERA Plauk\u0173 kauk\u0117 Rekonstrukcija, 1 l"},"content":{"rendered":"<p>Intensyvus atsigavimas. Vis\u0173 tip\u0173 plaukams. Kauk\u0117 puikiai tinka pa\u017eeist\u0173 plauk\u0173 atstatymui. Kauk\u0117je esan\u010dios veikliosios med\u017eiagos efektyviai atkuria strukt\u016br\u0105 per vis\u0105 ilg\u012f, gr\u0105\u017eina plaukams gyvybingum\u0105, padaro juos tvirtus, glotnius ir \u0161velnius. Idealiai tinka ilgiems plaukams su sausiems, skilin\u0117jan\u010diais galiukais.&nbsp;Sud\u0117tyje yra alavijo sul\u010di\u0173. 100% dr\u0117kinimas ir mityba. Taukmed\u017ei\u0173 sviestas, avokadai ir alyvuog\u0117s maitina plaukus naudingomis med\u017eiagomis, apsaugo nuo galiuk\u0173 skilin\u0117jimo. Keratinas atkuria pa\u017eeist\u0105 plauk\u0173 strukt\u016br\u0105. Augaliniai keramidai apsaugo plauk\u0173 pavir\u0161i\u0173 nuo pa\u017eeidim\u0173, suteikdami tvirtumo ir veidrodinio blizgesio.&nbsp;Reguliariai naudojant kauk\u0119 plaukai taps lyg\u016bs, elastingi, sveiki ir \u0161veln\u016bs.<\/p>\n<p><strong>Naudojimas: <\/strong>Tepkite ant \u0161vari\u0173 dr\u0117gn\u0173 plauk\u0173. Palikite 3-5 minutes, tada kruop\u0161\u010diai nuplaukite. Naudokite 1-2 kartus per savait\u0119.<\/p>\n<p><strong>Atsargumo priemon\u0117s: <\/strong>Patekus \u012f akis, praplauti vandeniu. Galimas padid\u0117j\u0119s individualus jautrumas atskiriems komponentams.<\/p>\n<p>Laikyti nuo +5 &deg;C iki +25 &deg;C temperat\u016broje.<br \/>\n&nbsp;<\/p>\n","protected":false},"excerpt":{"rendered":"<p>Intensyvus atsigavimas. Vis\u0173 tip\u0173 plaukams. Kauk\u0117 puikiai tinka pa\u017eeist\u0173 plauk\u0173 atstatymui. Kauk\u0117je esan\u010dios veikliosios med\u017eiagos efektyviai atkuria strukt\u016br\u0105 per vis\u0105 ilg\u012f, gr\u0105\u017eina plaukams gyvybingum\u0105, padaro juos tvirtus, glotnius ir \u0161velnius. Idealiai tinka ilgiems plaukams su sausiems, skilin\u0117jan\u010diais galiukais.&nbsp;Sud\u0117tyje yra alavijo sul\u010di\u0173. 100% dr\u0117kinimas ir mityba. Taukmed\u017ei\u0173 sviestas, avokadai ir alyvuog\u0117s maitina plaukus naudingomis med\u017eiagomis, apsaugo [&#8230;]\n","protected":false},"featured_media":97157,"template":"","meta":[],"product_cat":[1256],"product_tag":[],"class_list":{"0":"post-37930","1":"product","2":"type-product","3":"status-publish","4":"has-post-thumbnail","6":"product_brand-elfa_ua-lt","7":"product_cat-plauku-kaukes","9":"first","10":"outofstock","11":"taxable","12":"shipping-taxable","13":"product-type-simple"},"_links":{"self":[{"href":"https:\/\/e.kosmolat.eu\/lt\/wp-json\/wp\/v2\/product\/37930","targetHints":{"allow":["GET"]}}],"collection":[{"href":"https:\/\/e.kosmolat.eu\/lt\/wp-json\/wp\/v2\/product"}],"about":[{"href":"https:\/\/e.kosmolat.eu\/lt\/wp-json\/wp\/v2\/types\/product"}],"wp:featuredmedia":[{"embeddable":true,"href":"https:\/\/e.kosmolat.eu\/lt\/wp-json\/wp\/v2\/media\/97157"}],"wp:attachment":[{"href":"https:\/\/e.kosmolat.eu\/lt\/wp-json\/wp\/v2\/media?parent=37930"}],"wp:term":[{"taxonomy":"product_cat","embeddable":true,"href":"https:\/\/e.kosmolat.eu\/lt\/wp-json\/wp\/v2\/product_cat?post=37930"},{"taxonomy":"product_tag","embeddable":true,"href":"https:\/\/e.kosmolat.eu\/lt\/wp-json\/wp\/v2\/product_tag?post=37930"}],"curies":[{"name":"wp","href":"https:\/\/api.w.org\/{rel}","templated":true}]}}