{"id":37918,"date":"2023-12-22T20:41:03","date_gmt":"2023-12-22T20:41:03","guid":{"rendered":"https:\/\/e.kosmolat.eu\/product\/derma-int-after-bite-gel-30-ml\/"},"modified":"2025-03-25T12:51:32","modified_gmt":"2025-03-25T12:51:32","slug":"derma-int-after-bite-gel-30-ml","status":"publish","type":"product","link":"https:\/\/e.kosmolat.eu\/lt\/produktas\/derma-int-after-bite-gel-30-ml\/","title":{"rendered":"DERMA INTENSIVE+ Gelis nuo \u012fkandim\u0173, 30 ml"},"content":{"rendered":"<p>Mal\u0161ina nie\u017eul\u012f ir ramina od\u0105.<\/p>\n<p>Aktyv\u016bs nat\u016bral\u016bs ingredientai:<br \/>\n&bull; Arnika &ndash; saugo pa\u017eeist\u0105 od\u0105, greitina jos gijim\u0105.<br \/>\n&bull; Jona\u017eol\u0117 (Hypericum perforatum) &ndash; palengvina pavir\u0161inius odos pa\u017eeidimus.<br \/>\n&bull; Gelton\u017eied\u017eiai bark\u016bnai (Melilotus officinalis) &ndash; padeda suma\u017einti patinim\u0105.<\/p>\n<p><strong>Naudojimas: <\/strong>tepkite pa\u017eeist\u0105 viet\u0105 3-4 kartus per dien\u0105, jei reikia, da\u017eniau. Po naudojimo nusiplaukite rankas vandeniu! Jei nie\u017eulys nepraeina per 7 dienas, kreipkit\u0117s \u012f dermatolog\u0105!<\/p>\n","protected":false},"excerpt":{"rendered":"<p>Mal\u0161ina nie\u017eul\u012f ir ramina od\u0105. Aktyv\u016bs nat\u016bral\u016bs ingredientai: &bull; Arnika &ndash; saugo pa\u017eeist\u0105 od\u0105, greitina jos gijim\u0105. &bull; Jona\u017eol\u0117 (Hypericum perforatum) &ndash; palengvina pavir\u0161inius odos pa\u017eeidimus. &bull; Gelton\u017eied\u017eiai bark\u016bnai (Melilotus officinalis) &ndash; padeda suma\u017einti patinim\u0105. Naudojimas: tepkite pa\u017eeist\u0105 viet\u0105 3-4 kartus per dien\u0105, jei reikia, da\u017eniau. Po naudojimo nusiplaukite rankas vandeniu! Jei nie\u017eulys nepraeina per [&#8230;]\n","protected":false},"featured_media":16313,"template":"","meta":[],"product_cat":[2181],"product_tag":[],"class_list":{"0":"post-37918","1":"product","2":"type-product","3":"status-publish","4":"has-post-thumbnail","6":"product_brand-rubella-bg-lt","7":"product_cat-bez-kategorijas-lt","9":"first","10":"outofstock","11":"taxable","12":"shipping-taxable","13":"product-type-simple"},"_links":{"self":[{"href":"https:\/\/e.kosmolat.eu\/lt\/wp-json\/wp\/v2\/product\/37918","targetHints":{"allow":["GET"]}}],"collection":[{"href":"https:\/\/e.kosmolat.eu\/lt\/wp-json\/wp\/v2\/product"}],"about":[{"href":"https:\/\/e.kosmolat.eu\/lt\/wp-json\/wp\/v2\/types\/product"}],"wp:featuredmedia":[{"embeddable":true,"href":"https:\/\/e.kosmolat.eu\/lt\/wp-json\/wp\/v2\/media\/16313"}],"wp:attachment":[{"href":"https:\/\/e.kosmolat.eu\/lt\/wp-json\/wp\/v2\/media?parent=37918"}],"wp:term":[{"taxonomy":"product_cat","embeddable":true,"href":"https:\/\/e.kosmolat.eu\/lt\/wp-json\/wp\/v2\/product_cat?post=37918"},{"taxonomy":"product_tag","embeddable":true,"href":"https:\/\/e.kosmolat.eu\/lt\/wp-json\/wp\/v2\/product_tag?post=37918"}],"curies":[{"name":"wp","href":"https:\/\/api.w.org\/{rel}","templated":true}]}}