{"id":37898,"date":"2023-12-22T20:38:32","date_gmt":"2023-12-22T20:38:32","guid":{"rendered":"https:\/\/e.kosmolat.eu\/product\/elitan-matu-kremkrasa-9-17-perlu-gaisi-gaisi-bruns-50-50-30-ml\/"},"modified":"2026-04-16T13:29:07","modified_gmt":"2026-04-16T13:29:07","slug":"elitan-matu-kremkrasa-9-17-perlu-gaisi-gaisi-bruns-50-50-30-ml","status":"publish","type":"product","link":"https:\/\/e.kosmolat.eu\/lt\/produktas\/elitan-matu-kremkrasa-9-17-perlu-gaisi-gaisi-bruns-50-50-30-ml\/","title":{"rendered":"ELITAN Permanent Hair Color Cream Kremas-da\u017eai plaukams 9.17 Perlamutrin\u0117 \u0161viesiai ruda, 50\/50\/30 ml"},"content":{"rendered":"<p>Kreminiai plauk\u0173 da\u017eai. Deimantinio blizgesio technologija. Plaukai yra kaip geriausias deimantinis si\u016blas. Plauk\u0173 blizgesio laipsnis priklauso nuo vis\u0173 jo mikrodaleli\u0173 optini\u0173 savybi\u0173, kuriose, kaip ir deimantuose, atsispindi &scaron;viesos bangos (fotonai). Ylang-ylang aliejus ir keratinas maitina, atkuria plaukus; prisideda prie stabilios pigmento fiksacijos visame plauko gylyje; &scaron;alina i&scaron;si&scaron;akojusius plauk\u0173 galiukus ir &scaron;iurk&scaron;tum\u0105, taip pagerina j\u0173 optines savybes (blizges\u012f). Prie&scaron;: &scaron;viesos bangos (fotonai) silpnai i&scaron;sisklaido pa\u017eeisto plauko pavir&scaron;iuje. Po: Brilliant Shine technologija. Nuo kiekvienos pigmento mikrodalel\u0117s intensyviai atsispindi fotonai, suformuojant spindint\u012f blizges\u012f ir ry&scaron;ki\u0173 spalv\u0173 atk\u016brim\u0105.<\/p>\n<p><strong>Pakuot\u0117je:<\/strong>&nbsp;kreminiai plauk\u0173 da\u017eai 50 ml, oksidacin\u0117 emulsija 50 ml, kauk\u0117-balzamas 30 ml, polietilenin\u0117s pir&scaron;tin\u0117s &#8211; 1 pora, instrukcija 2 vnt.<\/p>\n<p><strong>Naudojimas:<\/strong>&nbsp;vadovaukit\u0117s instrukcijomis.<\/p>\n<p><strong>Atsargumo priemon\u0117s:<\/strong>&nbsp;D\u0116MESIO! Sud\u0117tyje yra amoniako, vandenilio peroksido; fenilendiamin\u0173 &nbsp;(i&scaron;skyrus atspalvius &nbsp;5.57, 6.12, 6.55, 7.10, 7.32, 7.81, 8.10, 8.38, 8.56, 8.75, 9.17, 9.32, 9.35, 10.11). Sud\u0117tyje yra fenilendiamin\u0173 (toluendiamin\u0173) (i&scaron;skyrus atspalvius 1.10, 2.17, 3.66, 4.56, 4.65, 5.57, 6.55, 6.56, 6.57, 6.65, 7.44, 9.26, 9.61, 9.82, 10.11). Sud\u0117tyje yra rezorcinolio (i&scaron;skyrus atspalvius 3.66, 4.56, 4.65, 4.75, 5.57, 6.55, 6.56, 6.57, 6.65, 7.44, 8.56, 9.17, 10.11). Gali sukelti sunki\u0105 alergin\u0119 reakcij\u0105. 48 valandas prie&scaron; naudojim\u0105 atlikite alergijos test\u0105. Perskaitykite ir vykdykite instrukcijas. Nenaudoti jaunesniems nei 16 met\u0173 asmenims. Kauk\u0117-balzamas sud\u0117tyje yra vitamino A. Prie&scaron; naudojant atsi\u017evelgti \u012f paros doz\u0119. Laikinos juodosios chna tatuiruot\u0117s padidina alergin\u0117s reakcijos rizik\u0105. Nenaudoti, jei: i&scaron;b\u0117r\u0117 veid\u0105, jautri, pa\u017eeista, sudirgusi galvos oda, pasirei&scaron;k\u0117 alergin\u0117 reakcija \u012f juodos chna da\u017eus ar laikin\u0105 tatuiruot\u0119. Vengti patekimo \u012f akis. Patekus \u012f akis, nedelsiant gausiai praplauti vandeniu. Nenaudoti antakiams ir blakstienoms da\u017eyti. &nbsp;Naudokite apsaugines pir&scaron;tines. Pasibaigus ekspozicijos laikui, mi&scaron;in\u012f gerai nuplaukite. Laikyti vaikams nepasiekiamoje vietoje.<\/p>\n","protected":false},"excerpt":{"rendered":"<p>Kreminiai plauk\u0173 da\u017eai. Deimantinio blizgesio technologija. Plaukai yra kaip geriausias deimantinis si\u016blas. Plauk\u0173 blizgesio laipsnis priklauso nuo vis\u0173 jo mikrodaleli\u0173 optini\u0173 savybi\u0173, kuriose, kaip ir deimantuose, atsispindi &scaron;viesos bangos (fotonai). Ylang-ylang aliejus ir keratinas maitina, atkuria plaukus; prisideda prie stabilios pigmento fiksacijos visame plauko gylyje; &scaron;alina i&scaron;si&scaron;akojusius plauk\u0173 galiukus ir &scaron;iurk&scaron;tum\u0105, taip pagerina j\u0173 optines [&#8230;]\n","protected":false},"featured_media":98123,"template":"","meta":[],"product_cat":[1442],"product_tag":[],"class_list":{"0":"post-37898","1":"product","2":"type-product","3":"status-publish","4":"has-post-thumbnail","6":"product_brand-kombi_ua-lt","7":"product_cat-plauku-dazai-plauku-dazai","9":"first","10":"instock","11":"taxable","12":"shipping-taxable","13":"product-type-simple"},"_links":{"self":[{"href":"https:\/\/e.kosmolat.eu\/lt\/wp-json\/wp\/v2\/product\/37898","targetHints":{"allow":["GET"]}}],"collection":[{"href":"https:\/\/e.kosmolat.eu\/lt\/wp-json\/wp\/v2\/product"}],"about":[{"href":"https:\/\/e.kosmolat.eu\/lt\/wp-json\/wp\/v2\/types\/product"}],"wp:featuredmedia":[{"embeddable":true,"href":"https:\/\/e.kosmolat.eu\/lt\/wp-json\/wp\/v2\/media\/98123"}],"wp:attachment":[{"href":"https:\/\/e.kosmolat.eu\/lt\/wp-json\/wp\/v2\/media?parent=37898"}],"wp:term":[{"taxonomy":"product_cat","embeddable":true,"href":"https:\/\/e.kosmolat.eu\/lt\/wp-json\/wp\/v2\/product_cat?post=37898"},{"taxonomy":"product_tag","embeddable":true,"href":"https:\/\/e.kosmolat.eu\/lt\/wp-json\/wp\/v2\/product_tag?post=37898"}],"curies":[{"name":"wp","href":"https:\/\/api.w.org\/{rel}","templated":true}]}}