{"id":37802,"date":"2023-12-22T20:26:28","date_gmt":"2023-12-22T20:26:28","guid":{"rendered":"https:\/\/e.kosmolat.eu\/product\/derma-int-for-kids-mosquito-and-tick-repellent-lotion-50%d0%bce\/"},"modified":"2026-04-20T10:25:50","modified_gmt":"2026-04-20T10:25:50","slug":"derma-int-for-kids-mosquito-and-tick-repellent-lotion-50%d0%bce","status":"publish","type":"product","link":"https:\/\/e.kosmolat.eu\/lt\/produktas\/derma-int-for-kids-mosquito-and-tick-repellent-lotion-50%d0%bce\/","title":{"rendered":"DERMA INTENSIVE+ Vaiki\u0161kas losjonas prie\u0161 uodus ir erkes, 50\u00a0ml"},"content":{"rendered":"<p>Derma Intensive +&nbsp;<br \/>\nLosjonas prie\u0161 uodus ir erkes vaikams nuo 1 met\u0173 su Alvijais 50 ml Efektyviai atbaido uodus ir erkes iki 6 valand\u0173.<br \/>\n&nbsp;<\/p>\n","protected":false},"excerpt":{"rendered":"<p>Derma Intensive +&nbsp; Losjonas prie\u0161 uodus ir erkes vaikams nuo 1 met\u0173 su Alvijais 50 ml Efektyviai atbaido uodus ir erkes iki 6 valand\u0173. &nbsp;<\/p>\n","protected":false},"featured_media":105596,"template":"","meta":[],"product_cat":[1861],"product_tag":[],"class_list":{"0":"post-37802","1":"product","2":"type-product","3":"status-publish","4":"has-post-thumbnail","6":"product_brand-rubella-bg-lt","7":"product_cat-priemones-nuo-vabzdziu","9":"first","10":"instock","11":"taxable","12":"shipping-taxable","13":"product-type-simple"},"_links":{"self":[{"href":"https:\/\/e.kosmolat.eu\/lt\/wp-json\/wp\/v2\/product\/37802","targetHints":{"allow":["GET"]}}],"collection":[{"href":"https:\/\/e.kosmolat.eu\/lt\/wp-json\/wp\/v2\/product"}],"about":[{"href":"https:\/\/e.kosmolat.eu\/lt\/wp-json\/wp\/v2\/types\/product"}],"wp:featuredmedia":[{"embeddable":true,"href":"https:\/\/e.kosmolat.eu\/lt\/wp-json\/wp\/v2\/media\/105596"}],"wp:attachment":[{"href":"https:\/\/e.kosmolat.eu\/lt\/wp-json\/wp\/v2\/media?parent=37802"}],"wp:term":[{"taxonomy":"product_cat","embeddable":true,"href":"https:\/\/e.kosmolat.eu\/lt\/wp-json\/wp\/v2\/product_cat?post=37802"},{"taxonomy":"product_tag","embeddable":true,"href":"https:\/\/e.kosmolat.eu\/lt\/wp-json\/wp\/v2\/product_tag?post=37802"}],"curies":[{"name":"wp","href":"https:\/\/api.w.org\/{rel}","templated":true}]}}