{"id":37794,"date":"2023-12-22T20:25:12","date_gmt":"2023-12-22T20:25:12","guid":{"rendered":"https:\/\/e.kosmolat.eu\/product\/inopharm-sos-cooling-gel-atvesinoss-gels-pec-saulosanas-150-ml\/"},"modified":"2025-07-25T12:21:01","modified_gmt":"2025-07-25T12:21:01","slug":"inopharm-sos-cooling-gel-atvesinoss-gels-pec-saulosanas-150-ml","status":"publish","type":"product","link":"https:\/\/e.kosmolat.eu\/lt\/produktas\/inopharm-sos-cooling-gel-atvesinoss-gels-pec-saulosanas-150-ml\/","title":{"rendered":"INOPHARM AFTER SUN SOS COOLING GEL V\u0117sinantis gelis po \u012fdegio, 150 ml"},"content":{"rendered":"<p>Universali od\u0105 raminanti formul\u0117, kurioje yra aktyvi\u0173 nat\u016brali\u0173 ingredient\u0173 &ndash; arnikos, jona\u017eoli\u0173 ekstrakto, gelton\u017eied\u017ei\u0173 bark\u016bn\u0173. Padeda greitai palengvinti pasekmes ir apsaugo od\u0105 po saul\u0117s poveikio. Akimirksniu ramina ir dr\u0117kina od\u0105. Padeda teigiamai veikti nemalon\u0173 odos deginim\u0105 ir paraudim\u0105.<\/p>\n<p>Pagrindiniai komponentai:<\/p>\n<ul>\n<li>Arnika &ndash; saugo pa\u017eeist\u0105 od\u0105, greitina gijim\u0105.<\/li>\n<li>Jona\u017eol\u0117s ekstraktas &ndash; palengvina pavir\u0161inius odos pa\u017eeidimus.<\/li>\n<li>Gelton\u017eied\u017eiai bark\u016bnai &ndash; padeda suma\u017einti patinim\u0105<\/li>\n<\/ul>\n<p><strong>Naudojimas:<\/strong> Jei reikia, \u0161velniai u\u017etepkite od\u0105 po deginimosi.<\/p>\n<p><strong>\u012esp\u0117jimas: <\/strong>Netepkite ant pa\u017eeistos ar p\u016bsl\u0117tos odos. Jei produkto pateko \u012f akis, gerai nuplaukite vandeniu.<br \/>\n&nbsp;<\/p>\n","protected":false},"excerpt":{"rendered":"<p>Universali od\u0105 raminanti formul\u0117, kurioje yra aktyvi\u0173 nat\u016brali\u0173 ingredient\u0173 &ndash; arnikos, jona\u017eoli\u0173 ekstrakto, gelton\u017eied\u017ei\u0173 bark\u016bn\u0173. Padeda greitai palengvinti pasekmes ir apsaugo od\u0105 po saul\u0117s poveikio. Akimirksniu ramina ir dr\u0117kina od\u0105. Padeda teigiamai veikti nemalon\u0173 odos deginim\u0105 ir paraudim\u0105. Pagrindiniai komponentai: Arnika &ndash; saugo pa\u017eeist\u0105 od\u0105, greitina gijim\u0105. Jona\u017eol\u0117s ekstraktas &ndash; palengvina pavir\u0161inius odos pa\u017eeidimus. Gelton\u017eied\u017eiai [&#8230;]\n","protected":false},"featured_media":908,"template":"","meta":[],"product_cat":[2181],"product_tag":[],"class_list":{"0":"post-37794","1":"product","2":"type-product","3":"status-publish","4":"has-post-thumbnail","6":"product_brand-rubella-bg-lt","7":"product_cat-bez-kategorijas-lt","9":"first","10":"outofstock","11":"taxable","12":"shipping-taxable","13":"product-type-simple"},"_links":{"self":[{"href":"https:\/\/e.kosmolat.eu\/lt\/wp-json\/wp\/v2\/product\/37794","targetHints":{"allow":["GET"]}}],"collection":[{"href":"https:\/\/e.kosmolat.eu\/lt\/wp-json\/wp\/v2\/product"}],"about":[{"href":"https:\/\/e.kosmolat.eu\/lt\/wp-json\/wp\/v2\/types\/product"}],"wp:featuredmedia":[{"embeddable":true,"href":"https:\/\/e.kosmolat.eu\/lt\/wp-json\/wp\/v2\/media\/908"}],"wp:attachment":[{"href":"https:\/\/e.kosmolat.eu\/lt\/wp-json\/wp\/v2\/media?parent=37794"}],"wp:term":[{"taxonomy":"product_cat","embeddable":true,"href":"https:\/\/e.kosmolat.eu\/lt\/wp-json\/wp\/v2\/product_cat?post=37794"},{"taxonomy":"product_tag","embeddable":true,"href":"https:\/\/e.kosmolat.eu\/lt\/wp-json\/wp\/v2\/product_tag?post=37794"}],"curies":[{"name":"wp","href":"https:\/\/api.w.org\/{rel}","templated":true}]}}