{"id":37774,"date":"2023-12-22T20:22:59","date_gmt":"2023-12-22T20:22:59","guid":{"rendered":"https:\/\/e.kosmolat.eu\/product\/blux-skidrums-pudelu-un-knupisu-mazgasanai-1-l\/"},"modified":"2024-01-10T13:35:05","modified_gmt":"2024-01-10T13:35:05","slug":"blux-skidrums-pudelu-un-knupisu-mazgasanai-1-l","status":"publish","type":"product","link":"https:\/\/e.kosmolat.eu\/lt\/produktas\/blux-skidrums-pudelu-un-knupisu-mazgasanai-1-l\/","title":{"rendered":"BLUX Skystis buteliuk\u0173 ir \u010diulptuk\u0173 plovimui, 1 l"},"content":{"rendered":"<p>Specialiai sukurtas skystis buteliukams ir \u010diulptukams &nbsp;valyti. &Scaron;velnus, netoksi\u0161kas, bekvapis ir be da\u017eikli\u0173.<\/p>\n<p><strong>Naudojimas:<\/strong> naudokite vien\u0105 arbatin\u012f \u0161auk\u0161tel\u012f skys\u010dio penkiems litrams vandens. Po naudojimo buteliuk\u0105 ir \u010diulptuk\u0105 gerai nuplaukite vandeniu, tada palaukite, kol i\u0161d\u017eius.<\/p>\n<p>\n<strong>Sud\u0117tis:<\/strong> Anijonin\u0117s aktyviosios pavir\u0161iaus med\u017eiagos &lt;5%, amfoterin\u0117s aktyviosios pavir\u0161iaus med\u017eiagos &lt;5%, natrio benzoatas, kalio sorbatas.<br \/>\n&nbsp;<\/p>\n","protected":false},"excerpt":{"rendered":"<p>Specialiai sukurtas skystis buteliukams ir \u010diulptukams &nbsp;valyti. &Scaron;velnus, netoksi\u0161kas, bekvapis ir be da\u017eikli\u0173. Naudojimas: naudokite vien\u0105 arbatin\u012f \u0161auk\u0161tel\u012f skys\u010dio penkiems litrams vandens. Po naudojimo buteliuk\u0105 ir \u010diulptuk\u0105 gerai nuplaukite vandeniu, tada palaukite, kol i\u0161d\u017eius. Sud\u0117tis: Anijonin\u0117s aktyviosios pavir\u0161iaus med\u017eiagos &lt;5%, amfoterin\u0117s aktyviosios pavir\u0161iaus med\u017eiagos &lt;5%, natrio benzoatas, kalio sorbatas. &nbsp;<\/p>\n","protected":false},"featured_media":15937,"template":"","meta":[],"product_cat":[1503],"product_tag":[],"class_list":{"0":"post-37774","1":"product","2":"type-product","3":"status-publish","4":"has-post-thumbnail","6":"product_brand-blux-lt","7":"product_cat-indu-plovikliai","9":"first","10":"outofstock","11":"taxable","12":"shipping-taxable","13":"product-type-simple"},"_links":{"self":[{"href":"https:\/\/e.kosmolat.eu\/lt\/wp-json\/wp\/v2\/product\/37774","targetHints":{"allow":["GET"]}}],"collection":[{"href":"https:\/\/e.kosmolat.eu\/lt\/wp-json\/wp\/v2\/product"}],"about":[{"href":"https:\/\/e.kosmolat.eu\/lt\/wp-json\/wp\/v2\/types\/product"}],"wp:featuredmedia":[{"embeddable":true,"href":"https:\/\/e.kosmolat.eu\/lt\/wp-json\/wp\/v2\/media\/15937"}],"wp:attachment":[{"href":"https:\/\/e.kosmolat.eu\/lt\/wp-json\/wp\/v2\/media?parent=37774"}],"wp:term":[{"taxonomy":"product_cat","embeddable":true,"href":"https:\/\/e.kosmolat.eu\/lt\/wp-json\/wp\/v2\/product_cat?post=37774"},{"taxonomy":"product_tag","embeddable":true,"href":"https:\/\/e.kosmolat.eu\/lt\/wp-json\/wp\/v2\/product_tag?post=37774"}],"curies":[{"name":"wp","href":"https:\/\/api.w.org\/{rel}","templated":true}]}}