{"id":37770,"date":"2023-12-22T20:22:39","date_gmt":"2023-12-22T20:22:39","guid":{"rendered":"https:\/\/e.kosmolat.eu\/product\/blux-dabigais-stiklu-mazgasanas-lidzeklis-650-ml\/"},"modified":"2024-01-10T13:34:54","modified_gmt":"2024-01-10T13:34:54","slug":"blux-dabigais-stiklu-mazgasanas-lidzeklis-650-ml","status":"publish","type":"product","link":"https:\/\/e.kosmolat.eu\/lt\/produktas\/blux-dabigais-stiklu-mazgasanas-lidzeklis-650-ml\/","title":{"rendered":"BLUX Nat\u016bralus stiklo valiklis, 650 ml"},"content":{"rendered":"<p>Nekenksmingas aplinkai, turi malon\u0173 mi\u0161ko uog\u0173 aromat\u0105. Patikimai ir be dry\u017ei\u0173 i\u0161valo langus, veidrod\u0117lius, automobilio stiklus automobilio viduje ir visus lygius pavir\u0161ius. Produktas turi patenkinam\u0105 valom\u0105j\u012f poveik\u012f jau +20 C temperat\u016broje.<\/p>\n<p><strong>Naudojimo instrukcija<\/strong>: du kartus lengvai u\u017epurk\u0161kite ant u\u017eter\u0161to pavir\u0161iaus ir nusausinkite. Esant didesniems ne\u0161varumams, pur\u0161kite ant pavir\u0161iaus tris kartus, tada nuvalykite dr\u0117gna \u0161luoste. Tinkamas dozavimas padeda suma\u017einti vandens ir energijos s\u0105naudas bei vandens tar\u0161\u0105. Pakuot\u0117 gali b\u016bti naudojama pakartotinai. Produktas n\u0117ra skirtas dideli\u0173 pavir\u0161i\u0173 valymui.<\/p>\n","protected":false},"excerpt":{"rendered":"<p>Nekenksmingas aplinkai, turi malon\u0173 mi\u0161ko uog\u0173 aromat\u0105. Patikimai ir be dry\u017ei\u0173 i\u0161valo langus, veidrod\u0117lius, automobilio stiklus automobilio viduje ir visus lygius pavir\u0161ius. Produktas turi patenkinam\u0105 valom\u0105j\u012f poveik\u012f jau +20 C temperat\u016broje. Naudojimo instrukcija: du kartus lengvai u\u017epurk\u0161kite ant u\u017eter\u0161to pavir\u0161iaus ir nusausinkite. Esant didesniems ne\u0161varumams, pur\u0161kite ant pavir\u0161iaus tris kartus, tada nuvalykite dr\u0117gna \u0161luoste. Tinkamas [&#8230;]\n","protected":false},"featured_media":884,"template":"","meta":[],"product_cat":[1722],"product_tag":[],"class_list":{"0":"post-37770","1":"product","2":"type-product","3":"status-publish","4":"has-post-thumbnail","6":"product_brand-vecie-kodi-lt","7":"product_cat-langams-ir-stiklui","9":"first","10":"outofstock","11":"taxable","12":"shipping-taxable","13":"product-type-simple"},"_links":{"self":[{"href":"https:\/\/e.kosmolat.eu\/lt\/wp-json\/wp\/v2\/product\/37770","targetHints":{"allow":["GET"]}}],"collection":[{"href":"https:\/\/e.kosmolat.eu\/lt\/wp-json\/wp\/v2\/product"}],"about":[{"href":"https:\/\/e.kosmolat.eu\/lt\/wp-json\/wp\/v2\/types\/product"}],"wp:featuredmedia":[{"embeddable":true,"href":"https:\/\/e.kosmolat.eu\/lt\/wp-json\/wp\/v2\/media\/884"}],"wp:attachment":[{"href":"https:\/\/e.kosmolat.eu\/lt\/wp-json\/wp\/v2\/media?parent=37770"}],"wp:term":[{"taxonomy":"product_cat","embeddable":true,"href":"https:\/\/e.kosmolat.eu\/lt\/wp-json\/wp\/v2\/product_cat?post=37770"},{"taxonomy":"product_tag","embeddable":true,"href":"https:\/\/e.kosmolat.eu\/lt\/wp-json\/wp\/v2\/product_tag?post=37770"}],"curies":[{"name":"wp","href":"https:\/\/api.w.org\/{rel}","templated":true}]}}