{"id":37726,"date":"2023-12-22T20:18:31","date_gmt":"2023-12-22T20:18:31","guid":{"rendered":"https:\/\/e.kosmolat.eu\/product\/ht-sampuns-3d-apjomam-kombinetiem-matu-tipiem-1000-ml\/"},"modified":"2026-03-17T09:57:17","modified_gmt":"2026-03-17T09:57:17","slug":"i_ht-sampuns-3d-apjomam-kombinetiem-matu-tipiem-1000-ml","status":"publish","type":"product","link":"https:\/\/e.kosmolat.eu\/lt\/produktas\/i_ht-sampuns-3d-apjomam-kombinetiem-matu-tipiem-1000-ml\/","title":{"rendered":"I_NATUR PRO HAIR TREND \u0160amp\u016bnas 3D apimtis vis\u0173 tip\u0173 plaukams, 1000 ml"},"content":{"rendered":"<p>&Scaron;amp\u016bnas 3D apimtis &nbsp;skirtas pri\u017ei\u016br\u0117ti plaukus, linkusius prarasti apimt\u012f. D\u0117l sud\u0117tyje esan\u010di\u0173: fitokeramid\u0173 &#8211; atkuriamos pa\u017eeistos plauko vietos, formuojant aplink jas apsaugin\u012f apvalkal\u0105 ir atkuriant keratino lyg\u012f plauko strukt\u016broje. Baltymai &ndash; pagrindin\u0117 plauk\u0173 &bdquo;statybin\u0117&ldquo; med\u017eiaga, gali atnaujinti kiekvien\u0105 j\u016bs\u0173 plauk\u0105 per vis\u0105 jo ilg\u012f. Sald\u017ei\u0173j\u0173 migdol\u0173 ekstraktas &ndash; veikia giliuosius galvos odos epidermio sluoksnius ir reguliuoja riebalini\u0173 liauk\u0173 veikl\u0105. D\u0117l to suma\u017e\u0117ja plauk\u0173 plovimo da\u017enis ir i\u0161laikomas \u0161akn\u0173 t\u016bris. Alantoinas &ndash; pasi\u017eymi riebal\u0173 i\u0161siskyrim\u0105 reguliuojan\u010diomis savyb\u0117mis, d\u0117l kuri\u0173 pa\u0161alina per didel\u012f riebal\u0173 kiek\u012f \u0161akn\u0173 srityje ir palaiko apimt\u012f.<\/p>\n<p>Naudojimas: i\u0161tepkite reikiam\u0105 kiek\u012f \u0161amp\u016bno ant dr\u0117gn\u0173 plauk\u0173, suputokite, kruop\u0161\u010diai i\u0161skalaukite vandeniu. Jei reikia, pakartokite proced\u016br\u0105.<\/p>\n<p>D\u0117mesio: prie\u0161 naudojant \u0161amp\u016bn\u0105 b\u016btina i\u0161bandyti ant nedidelio odos ploto. Jei pasirei\u0161kia alergin\u0117 reakcija, nustokite naudoti. Tik i\u0161oriniam naudojimui. Patekus \u012f akis, praplauti dideliu kiekiu tekan\u010dio vandens.<\/p>\n<p>Kontraindikacijos: individualus netoleravimas kauk\u0117s komponentams.<\/p>\n<p>Laikyti nuo 5&deg;C iki 25&deg;C ir 55-70 % santykin\u0117je dr\u0117gm\u0117je, apsaugotoje nuo tiesiogini\u0173 saul\u0117s spinduli\u0173 vietoje. Neleid\u017eiama produkto laikyti ar\u010diau kaip 1 m atstumu nuo veikian\u010di\u0173 \u0161ildymo prietais\u0173. Tinkamumo laikas 36 m\u0117nesiai nuo pagaminimo datos. Atidarius sunaudoti per 12 m\u0117nesi\u0173, atsi\u017evelgiant \u012f ant pakuot\u0117s nurodyt\u0105 tinkamumo laik\u0105. Partijos numeris atitinka pagaminimo dat\u0105.<\/p>\n","protected":false},"excerpt":{"rendered":"<p>&Scaron;amp\u016bnas 3D apimtis &nbsp;skirtas pri\u017ei\u016br\u0117ti plaukus, linkusius prarasti apimt\u012f. D\u0117l sud\u0117tyje esan\u010di\u0173: fitokeramid\u0173 &#8211; atkuriamos pa\u017eeistos plauko vietos, formuojant aplink jas apsaugin\u012f apvalkal\u0105 ir atkuriant keratino lyg\u012f plauko strukt\u016broje. Baltymai &ndash; pagrindin\u0117 plauk\u0173 &bdquo;statybin\u0117&ldquo; med\u017eiaga, gali atnaujinti kiekvien\u0105 j\u016bs\u0173 plauk\u0105 per vis\u0105 jo ilg\u012f. Sald\u017ei\u0173j\u0173 migdol\u0173 ekstraktas &ndash; veikia giliuosius galvos odos epidermio sluoksnius ir [&#8230;]\n","protected":false},"featured_media":87078,"template":"","meta":[],"product_cat":[2181],"product_tag":[],"class_list":{"0":"post-37726","1":"product","2":"type-product","3":"status-publish","4":"has-post-thumbnail","6":"product_brand-naturpro_ua-lt","7":"product_cat-bez-kategorijas-lt","9":"first","10":"instock","11":"taxable","12":"shipping-taxable","13":"product-type-simple"},"_links":{"self":[{"href":"https:\/\/e.kosmolat.eu\/lt\/wp-json\/wp\/v2\/product\/37726","targetHints":{"allow":["GET"]}}],"collection":[{"href":"https:\/\/e.kosmolat.eu\/lt\/wp-json\/wp\/v2\/product"}],"about":[{"href":"https:\/\/e.kosmolat.eu\/lt\/wp-json\/wp\/v2\/types\/product"}],"wp:featuredmedia":[{"embeddable":true,"href":"https:\/\/e.kosmolat.eu\/lt\/wp-json\/wp\/v2\/media\/87078"}],"wp:attachment":[{"href":"https:\/\/e.kosmolat.eu\/lt\/wp-json\/wp\/v2\/media?parent=37726"}],"wp:term":[{"taxonomy":"product_cat","embeddable":true,"href":"https:\/\/e.kosmolat.eu\/lt\/wp-json\/wp\/v2\/product_cat?post=37726"},{"taxonomy":"product_tag","embeddable":true,"href":"https:\/\/e.kosmolat.eu\/lt\/wp-json\/wp\/v2\/product_tag?post=37726"}],"curies":[{"name":"wp","href":"https:\/\/api.w.org\/{rel}","templated":true}]}}