{"id":37714,"date":"2023-12-22T20:17:10","date_gmt":"2023-12-22T20:17:10","guid":{"rendered":"https:\/\/e.kosmolat.eu\/product\/qs-kafijas-kermena-skrubis-ar-ellam-200-g\/"},"modified":"2026-04-09T13:32:16","modified_gmt":"2026-04-09T13:32:16","slug":"qs-kafijas-kermena-skrubis-ar-ellam-200-g","status":"publish","type":"product","link":"https:\/\/e.kosmolat.eu\/lt\/produktas\/qs-kafijas-kermena-skrubis-ar-ellam-200-g\/","title":{"rendered":"QUEEN SKIN K\u016bno \u0161veitiklis Kava ir druska, 200 g"},"content":{"rendered":"<p>Kavos \u0161veitiklis k\u016bnui su aliejais TM Queen skin<br \/>\nNat\u016bralus k\u016bno \u0161veitiklis, pagamintas specialiai jums rankomis i\u0161 auk\u0161tos kokyb\u0117s kavos pupeli\u0173.<\/p>\n<p><strong>Naudojimas: <\/strong>&Scaron;veitikl\u012f lengvais masa\u017eo judesiais u\u017etepkite ant \u0161varios, dr\u0117gnos odos, \u012fmasa\u017euokite ir nuplaukite \u0161iltu vandeniu.<\/p>\n<p><strong>D\u0117mesio:<\/strong> prie\u0161 naudojim\u0105 b\u016btina i\u0161bandyti \u0161veitikl\u012f ant nedidelio odos ploto. Jei pasirei\u0161kia alergin\u0117 reakcija, nustokite naudoti. Naudokite kaip nurodyta. Tik i\u0161oriniam naudojimui. Laikyti vaikams nepasiekiamoje vietoje.<\/p>\n<p><strong>Kontraindikacijos:<\/strong> individualus netoleravimas \u0161veitimo komponentams.<\/p>\n<p>Laikyti nuo +5&deg;C iki +25&deg;C ir 55-75% santykin\u0117je dr\u0117gm\u0117je, vietojeapsaugotoje nuo tiesiogini\u0173 saul\u0117s spinduli\u0173. Nelaikykite gaminio ar\u010diau kaip 1 m (m) atstumu nuo auk\u0161tos temperat\u016bros \u0161altini\u0173.<\/p>\n<p><strong>Tinkamumo laikas: <\/strong>24 m\u0117nesiai nuo pagaminimo datos. Atidarius sunaudoti per 12 m\u0117nesi\u0173. Gamybos data nurodyta ant pakuot\u0117s. Partijos numeris sutampa su pagaminimo data.<br \/>\n&nbsp;<\/p>\n","protected":false},"excerpt":{"rendered":"<p>Kavos \u0161veitiklis k\u016bnui su aliejais TM Queen skin Nat\u016bralus k\u016bno \u0161veitiklis, pagamintas specialiai jums rankomis i\u0161 auk\u0161tos kokyb\u0117s kavos pupeli\u0173. Naudojimas: &Scaron;veitikl\u012f lengvais masa\u017eo judesiais u\u017etepkite ant \u0161varios, dr\u0117gnos odos, \u012fmasa\u017euokite ir nuplaukite \u0161iltu vandeniu. D\u0117mesio: prie\u0161 naudojim\u0105 b\u016btina i\u0161bandyti \u0161veitikl\u012f ant nedidelio odos ploto. Jei pasirei\u0161kia alergin\u0117 reakcija, nustokite naudoti. Naudokite kaip nurodyta. Tik [&#8230;]\n","protected":false},"featured_media":87090,"template":"","meta":[],"product_cat":[2181],"product_tag":[],"class_list":{"0":"post-37714","1":"product","2":"type-product","3":"status-publish","4":"has-post-thumbnail","6":"product_brand-naturpro_ua-lt","7":"product_cat-bez-kategorijas-lt","9":"first","10":"instock","11":"taxable","12":"shipping-taxable","13":"product-type-simple"},"_links":{"self":[{"href":"https:\/\/e.kosmolat.eu\/lt\/wp-json\/wp\/v2\/product\/37714","targetHints":{"allow":["GET"]}}],"collection":[{"href":"https:\/\/e.kosmolat.eu\/lt\/wp-json\/wp\/v2\/product"}],"about":[{"href":"https:\/\/e.kosmolat.eu\/lt\/wp-json\/wp\/v2\/types\/product"}],"wp:featuredmedia":[{"embeddable":true,"href":"https:\/\/e.kosmolat.eu\/lt\/wp-json\/wp\/v2\/media\/87090"}],"wp:attachment":[{"href":"https:\/\/e.kosmolat.eu\/lt\/wp-json\/wp\/v2\/media?parent=37714"}],"wp:term":[{"taxonomy":"product_cat","embeddable":true,"href":"https:\/\/e.kosmolat.eu\/lt\/wp-json\/wp\/v2\/product_cat?post=37714"},{"taxonomy":"product_tag","embeddable":true,"href":"https:\/\/e.kosmolat.eu\/lt\/wp-json\/wp\/v2\/product_tag?post=37714"}],"curies":[{"name":"wp","href":"https:\/\/api.w.org\/{rel}","templated":true}]}}