{"id":37710,"date":"2023-12-22T20:16:45","date_gmt":"2023-12-22T20:16:45","guid":{"rendered":"https:\/\/e.kosmolat.eu\/product\/qs-kermena-skrubis-ar-avenu-kauliniem-200-g\/"},"modified":"2026-03-31T11:21:52","modified_gmt":"2026-03-31T11:21:52","slug":"qs-kermena-skrubis-ar-avenu-kauliniem-200-g","status":"publish","type":"product","link":"https:\/\/e.kosmolat.eu\/lt\/produktas\/qs-kermena-skrubis-ar-avenu-kauliniem-200-g\/","title":{"rendered":"QUEEN SKIN K\u016bno \u0161veitiklis su avie\u010di\u0173 s\u0117klomis, 200 g"},"content":{"rendered":"<p>Nat\u016bralus k\u016bno \u0161veitiklis, pagamintas specialiai jums rankomis su tikromis avie\u010di\u0173 s\u0117klomis.<\/p>\n<p><strong>Naudojimas: <\/strong>U\u017etepkite \u0161veitikl\u012f ant dr\u0117gno k\u016bno, masa\u017euokite ir nuplaukite vandeniu.<\/p>\n<p><strong>Atsargiai:<\/strong> prie\u0161 naudodami \u0161veitikl\u012f turite i\u0161bandyti ant nedidelio odos ploto. Jei pasirei\u0161kia alergin\u0117 reakcija, nustokite vartoti. Tik i\u0161oriniam naudojimui. Patekus \u012f akis, gerai nuplauti dideliu kiekiu tekan\u010diu vandeniu.<\/p>\n<p><strong>Kontraindikacijos<\/strong>:<strong>&nbsp;<\/strong>Individualus jautrumas \u0161veitimo komponentams.<\/p>\n<p>Laikyti nuo +5 iki +25&deg;C temperat\u016broje ir 55-70% santykin\u0117je oro dr\u0117gm\u0117je, apsaugotoje nuo tiesiogini\u0173 saul\u0117s spinduli\u0173, ne ma\u017eesniu kaip 1 m (m) atstumu nuo auk\u0161tos temperat\u016bros \u0161altini\u0173.<\/p>\n<p><strong>Tinkamumo laikas: <\/strong>36 m\u0117n.<br \/>\n&nbsp;<\/p>\n","protected":false},"excerpt":{"rendered":"<p>Nat\u016bralus k\u016bno \u0161veitiklis, pagamintas specialiai jums rankomis su tikromis avie\u010di\u0173 s\u0117klomis. Naudojimas: U\u017etepkite \u0161veitikl\u012f ant dr\u0117gno k\u016bno, masa\u017euokite ir nuplaukite vandeniu. Atsargiai: prie\u0161 naudodami \u0161veitikl\u012f turite i\u0161bandyti ant nedidelio odos ploto. Jei pasirei\u0161kia alergin\u0117 reakcija, nustokite vartoti. Tik i\u0161oriniam naudojimui. Patekus \u012f akis, gerai nuplauti dideliu kiekiu tekan\u010diu vandeniu. Kontraindikacijos:&nbsp;Individualus jautrumas \u0161veitimo komponentams. Laikyti nuo [&#8230;]\n","protected":false},"featured_media":87086,"template":"","meta":[],"product_cat":[1359],"product_tag":[],"class_list":{"0":"post-37710","1":"product","2":"type-product","3":"status-publish","4":"has-post-thumbnail","6":"product_brand-naturpro_ua-lt","7":"product_cat-kuno-sveitikliai-ir-pilingai","9":"first","10":"outofstock","11":"taxable","12":"shipping-taxable","13":"product-type-simple"},"_links":{"self":[{"href":"https:\/\/e.kosmolat.eu\/lt\/wp-json\/wp\/v2\/product\/37710","targetHints":{"allow":["GET"]}}],"collection":[{"href":"https:\/\/e.kosmolat.eu\/lt\/wp-json\/wp\/v2\/product"}],"about":[{"href":"https:\/\/e.kosmolat.eu\/lt\/wp-json\/wp\/v2\/types\/product"}],"wp:featuredmedia":[{"embeddable":true,"href":"https:\/\/e.kosmolat.eu\/lt\/wp-json\/wp\/v2\/media\/87086"}],"wp:attachment":[{"href":"https:\/\/e.kosmolat.eu\/lt\/wp-json\/wp\/v2\/media?parent=37710"}],"wp:term":[{"taxonomy":"product_cat","embeddable":true,"href":"https:\/\/e.kosmolat.eu\/lt\/wp-json\/wp\/v2\/product_cat?post=37710"},{"taxonomy":"product_tag","embeddable":true,"href":"https:\/\/e.kosmolat.eu\/lt\/wp-json\/wp\/v2\/product_tag?post=37710"}],"curies":[{"name":"wp","href":"https:\/\/api.w.org\/{rel}","templated":true}]}}