{"id":37706,"date":"2023-12-22T20:16:21","date_gmt":"2023-12-22T20:16:21","guid":{"rendered":"https:\/\/e.kosmolat.eu\/product\/qs-kermena-skrubis-ar-kokosriekstu-skaidinam-200-g\/"},"modified":"2026-04-08T10:10:48","modified_gmt":"2026-04-08T10:10:48","slug":"qs-kermena-skrubis-ar-kokosriekstu-skaidinam-200-g","status":"publish","type":"product","link":"https:\/\/e.kosmolat.eu\/lt\/produktas\/qs-kermena-skrubis-ar-kokosriekstu-skaidinam-200-g\/","title":{"rendered":"QUEEN SKIN K\u016bno \u0161veitiklis su kokoso dro\u017el\u0117mis, 200 g"},"content":{"rendered":"<p>Nat\u016bralus k\u016bno \u0161veitiklis, pagamintas specialiai jums rankomis su tikromis kokoso dro\u017el\u0117mis.<\/p>\n<p><strong>Naudojimas: <\/strong>&Scaron;veitikl\u012f lengvais masa\u017eo judesiais u\u017etepkite ant \u0161varios, dr\u0117gnos odos, \u012fmasa\u017euokite ir nuplaukite \u0161iltu vandeniu.<\/p>\n<p><strong>D\u0117mesio: <\/strong>prie\u0161 naudojim\u0105 b\u016btina i\u0161bandyti \u0161veitikl\u012f ant nedidelio odos ploto. Jei pasirei\u0161kia alergin\u0117 reakcija, nustokite vartoti. Naudokite kaip nurodyta. Tik i\u0161oriniam naudojimui. Laikyti vaikams nepasiekiamoje vietoje.<\/p>\n<p><strong>Kontraindikacijos:<\/strong> individualus netoleravimas \u0161veitimo komponentams. Laikyti nuo +5 &deg;\u0421 iki +25 &deg;\u0421 temperat\u016broje, o santykin\u0117 oro dr\u0117gm\u0117 55&ndash;70%, apsaugota nuo tiesiogini\u0173 saul\u0117s spinduli\u0173, ma\u017eiausiai vieno metro atstumu nuo auk\u0161tos temperat\u016bros \u0161altini\u0173.<\/p>\n<p><strong>Tinkamumo laikas: <\/strong>36 m\u0117nesiai nuo pagaminimo datos, nurodytos ant pakuot\u0117s. Atidarius, sunaudoti per 12 m\u0117nesi\u0173, atsi\u017evelgiant \u012f galiojimo laik\u0105.<br \/>\n&nbsp;<\/p>\n","protected":false},"excerpt":{"rendered":"<p>Nat\u016bralus k\u016bno \u0161veitiklis, pagamintas specialiai jums rankomis su tikromis kokoso dro\u017el\u0117mis. Naudojimas: &Scaron;veitikl\u012f lengvais masa\u017eo judesiais u\u017etepkite ant \u0161varios, dr\u0117gnos odos, \u012fmasa\u017euokite ir nuplaukite \u0161iltu vandeniu. D\u0117mesio: prie\u0161 naudojim\u0105 b\u016btina i\u0161bandyti \u0161veitikl\u012f ant nedidelio odos ploto. Jei pasirei\u0161kia alergin\u0117 reakcija, nustokite vartoti. Naudokite kaip nurodyta. Tik i\u0161oriniam naudojimui. Laikyti vaikams nepasiekiamoje vietoje. Kontraindikacijos: individualus netoleravimas [&#8230;]\n","protected":false},"featured_media":87082,"template":"","meta":[],"product_cat":[1359],"product_tag":[],"class_list":{"0":"post-37706","1":"product","2":"type-product","3":"status-publish","4":"has-post-thumbnail","6":"product_brand-naturpro_ua-lt","7":"product_cat-kuno-sveitikliai-ir-pilingai","9":"first","10":"instock","11":"taxable","12":"shipping-taxable","13":"product-type-simple"},"_links":{"self":[{"href":"https:\/\/e.kosmolat.eu\/lt\/wp-json\/wp\/v2\/product\/37706","targetHints":{"allow":["GET"]}}],"collection":[{"href":"https:\/\/e.kosmolat.eu\/lt\/wp-json\/wp\/v2\/product"}],"about":[{"href":"https:\/\/e.kosmolat.eu\/lt\/wp-json\/wp\/v2\/types\/product"}],"wp:featuredmedia":[{"embeddable":true,"href":"https:\/\/e.kosmolat.eu\/lt\/wp-json\/wp\/v2\/media\/87082"}],"wp:attachment":[{"href":"https:\/\/e.kosmolat.eu\/lt\/wp-json\/wp\/v2\/media?parent=37706"}],"wp:term":[{"taxonomy":"product_cat","embeddable":true,"href":"https:\/\/e.kosmolat.eu\/lt\/wp-json\/wp\/v2\/product_cat?post=37706"},{"taxonomy":"product_tag","embeddable":true,"href":"https:\/\/e.kosmolat.eu\/lt\/wp-json\/wp\/v2\/product_tag?post=37706"}],"curies":[{"name":"wp","href":"https:\/\/api.w.org\/{rel}","templated":true}]}}