{"id":37702,"date":"2023-12-22T20:15:53","date_gmt":"2023-12-22T20:15:53","guid":{"rendered":"https:\/\/e.kosmolat.eu\/product\/bd-dusas-zeleja-aloe-vera-300-ml\/"},"modified":"2026-04-11T18:45:07","modified_gmt":"2026-04-11T18:45:07","slug":"i_bd-dusas-zeleja-aloe-vera-300-ml","status":"publish","type":"product","link":"https:\/\/e.kosmolat.eu\/lt\/produktas\/i_bd-dusas-zeleja-aloe-vera-300-ml\/","title":{"rendered":"BEAUTYDERM Du\u0161o gelis Aloe Vera, 300 ml"},"content":{"rendered":"<p>Sukurta specialiai dehidratuotos, sudirgusios ir jautrios odos prie\u017ei\u016brai.<\/p>\n<p><strong>Veikliosios med\u017eiagos:<\/strong><\/p>\n<ul>\n<li>Aloe Vera Leaf Gel tonizuoja, maitina ir ramina i&scaron;saus\u0117jusi\u0105 od\u0105.<\/li>\n<li>Prodew 500 &ndash; tai amino r\u016bg&scaron;\u010di\u0173 kokteilis, kuris maitina od\u0105, skatina atsinaujinim\u0105 ir l\u0105steli\u0173 atsinaujinim\u0105.<\/li>\n<li>D-pantenolis ma\u017eina dirginim\u0105 ir skatina nat\u016bral\u0173 l\u0105steli\u0173 atsinaujinim\u0105.<\/li>\n<\/ul>\n<p><strong>Naudojimas:<\/strong> Du&scaron;o \u017eele u\u017etepkite dr\u0117gn\u0105 k\u016bn\u0105, masa\u017euokite ir nuplaukite vandeniu.<\/p>\n<p><strong>D\u0117mesio: <\/strong>prie&scaron; naudojim\u0105 b\u016btina i&scaron;bandyti gel\u012f ant nedidelio odos ploto. Jei pasirei&scaron;kia alergin\u0117 reakcija, nustokite naudoti. Naudokite kaip nurodyta. Tik i&scaron;oriniam naudojimui.<\/p>\n<p><strong>Kontraindikacijos:<\/strong> individualus netoleravimas gelio komponentams. Laikyti nuo +5&deg;C iki +25&deg;C temperat\u016broje, &nbsp;55-70% santykin\u0117je oro dr\u0117gm\u0117je, apsaugota nuo tiesiogini\u0173 saul\u0117s spinduli\u0173, ma\u017eiausiai vieno metro atstumu nuo auk&scaron;tos temperat\u016bros &scaron;altini\u0173.<br \/>\n&nbsp;<\/p>\n","protected":false},"excerpt":{"rendered":"<p>Sukurta specialiai dehidratuotos, sudirgusios ir jautrios odos prie\u017ei\u016brai. Veikliosios med\u017eiagos: Aloe Vera Leaf Gel tonizuoja, maitina ir ramina i&scaron;saus\u0117jusi\u0105 od\u0105. Prodew 500 &ndash; tai amino r\u016bg&scaron;\u010di\u0173 kokteilis, kuris maitina od\u0105, skatina atsinaujinim\u0105 ir l\u0105steli\u0173 atsinaujinim\u0105. D-pantenolis ma\u017eina dirginim\u0105 ir skatina nat\u016bral\u0173 l\u0105steli\u0173 atsinaujinim\u0105. Naudojimas: Du&scaron;o \u017eele u\u017etepkite dr\u0117gn\u0105 k\u016bn\u0105, masa\u017euokite ir nuplaukite vandeniu. D\u0117mesio: prie&scaron; [&#8230;]\n","protected":false},"featured_media":87046,"template":"","meta":[],"product_cat":[1282],"product_tag":[],"class_list":{"0":"post-37702","1":"product","2":"type-product","3":"status-publish","4":"has-post-thumbnail","6":"product_brand-sale-lt","7":"product_cat-duso-geliai-ir-duso-aliejai","9":"first","10":"outofstock","11":"taxable","12":"shipping-taxable","13":"product-type-simple"},"_links":{"self":[{"href":"https:\/\/e.kosmolat.eu\/lt\/wp-json\/wp\/v2\/product\/37702","targetHints":{"allow":["GET"]}}],"collection":[{"href":"https:\/\/e.kosmolat.eu\/lt\/wp-json\/wp\/v2\/product"}],"about":[{"href":"https:\/\/e.kosmolat.eu\/lt\/wp-json\/wp\/v2\/types\/product"}],"wp:featuredmedia":[{"embeddable":true,"href":"https:\/\/e.kosmolat.eu\/lt\/wp-json\/wp\/v2\/media\/87046"}],"wp:attachment":[{"href":"https:\/\/e.kosmolat.eu\/lt\/wp-json\/wp\/v2\/media?parent=37702"}],"wp:term":[{"taxonomy":"product_cat","embeddable":true,"href":"https:\/\/e.kosmolat.eu\/lt\/wp-json\/wp\/v2\/product_cat?post=37702"},{"taxonomy":"product_tag","embeddable":true,"href":"https:\/\/e.kosmolat.eu\/lt\/wp-json\/wp\/v2\/product_tag?post=37702"}],"curies":[{"name":"wp","href":"https:\/\/api.w.org\/{rel}","templated":true}]}}