{"id":37698,"date":"2023-12-22T20:15:24","date_gmt":"2023-12-22T20:15:24","guid":{"rendered":"https:\/\/e.kosmolat.eu\/product\/bd-aktiva-sos-zeleja-aloe-vera-200-ml\/"},"modified":"2026-04-22T08:31:53","modified_gmt":"2026-04-22T08:31:53","slug":"bd-aktiva-sos-zeleja-aloe-vera-200-ml","status":"publish","type":"product","link":"https:\/\/e.kosmolat.eu\/lt\/produktas\/bd-aktiva-sos-zeleja-aloe-vera-200-ml\/","title":{"rendered":"BEAUTYDERM Aktyvus gelis SOS gelis Aloe Vera, 200 ml"},"content":{"rendered":"<p>Daugiafunkcis universalus dr\u0117kinamasis ir raminantis gelis skirtas ypatingai i&scaron;saus\u0117jusios, sudirgusios ir jautrios k\u016bno ir veido odos prie\u017ei\u016brai.<br \/>\n*Nat\u016bralios veikliosios med\u017eiagos<\/p>\n<p><strong>Veikliosios med\u017eiagos:<\/strong><\/p>\n<ul>\n<li>Aloe Vera Leaf Gel tonizuoja, maitina ir ramina i&scaron;saus\u0117jusi\u0105 od\u0105.<\/li>\n<li>Prodew 500 &ndash; tai amino r\u016bg&scaron;\u010di\u0173 kokteilis, kuris maitina od\u0105, skatina atsinaujinim\u0105 ir l\u0105steli\u0173 atsinaujinim\u0105.<\/li>\n<li>D-pantenolis ma\u017eina dirginim\u0105 ir skatina nat\u016bral\u0173 l\u0105steli\u0173 atsinaujinim\u0105.<\/li>\n<\/ul>\n<p><strong>Naudojimas: <\/strong>Tepkite gel\u012f ant &scaron;varios, sausos odos.<\/p>\n<p><strong>D\u0117mesio:<\/strong> prie&scaron; naudojim\u0105 b\u016btina i&scaron;bandyti gel\u012f ant nedidelio odos ploto. Jei pasirei&scaron;kia alergin\u0117 reakcija, nustokite naudoti. Naudokite kaip nurodyta. Tik i&scaron;oriniam naudojimui.<\/p>\n<p><strong>Kontraindikacijos:<\/strong> individualus netoleravimas gelio komponentams<\/p>\n<p>Laikyti nuo +5&deg;C iki +25&deg;C temperat\u016broje, &nbsp;55-70% santykin\u0117je oro dr\u0117gm\u0117je, apsaugota nuo tiesiogini\u0173 saul\u0117s spinduli\u0173, ma\u017eiausiai vieno metro atstumu nuo auk&scaron;tos temperat\u016bros &scaron;altini\u0173.&nbsp;<br \/>\n&nbsp;<\/p>\n","protected":false},"excerpt":{"rendered":"<p>Daugiafunkcis universalus dr\u0117kinamasis ir raminantis gelis skirtas ypatingai i&scaron;saus\u0117jusios, sudirgusios ir jautrios k\u016bno ir veido odos prie\u017ei\u016brai. *Nat\u016bralios veikliosios med\u017eiagos Veikliosios med\u017eiagos: Aloe Vera Leaf Gel tonizuoja, maitina ir ramina i&scaron;saus\u0117jusi\u0105 od\u0105. Prodew 500 &ndash; tai amino r\u016bg&scaron;\u010di\u0173 kokteilis, kuris maitina od\u0105, skatina atsinaujinim\u0105 ir l\u0105steli\u0173 atsinaujinim\u0105. D-pantenolis ma\u017eina dirginim\u0105 ir skatina nat\u016bral\u0173 l\u0105steli\u0173 atsinaujinim\u0105. [&#8230;]\n","protected":false},"featured_media":87042,"template":"","meta":[],"product_cat":[2181],"product_tag":[],"class_list":{"0":"post-37698","1":"product","2":"type-product","3":"status-publish","4":"has-post-thumbnail","6":"product_brand-naturpro_ua-lt","7":"product_cat-bez-kategorijas-lt","9":"first","10":"instock","11":"taxable","12":"shipping-taxable","13":"product-type-simple"},"_links":{"self":[{"href":"https:\/\/e.kosmolat.eu\/lt\/wp-json\/wp\/v2\/product\/37698","targetHints":{"allow":["GET"]}}],"collection":[{"href":"https:\/\/e.kosmolat.eu\/lt\/wp-json\/wp\/v2\/product"}],"about":[{"href":"https:\/\/e.kosmolat.eu\/lt\/wp-json\/wp\/v2\/types\/product"}],"wp:featuredmedia":[{"embeddable":true,"href":"https:\/\/e.kosmolat.eu\/lt\/wp-json\/wp\/v2\/media\/87042"}],"wp:attachment":[{"href":"https:\/\/e.kosmolat.eu\/lt\/wp-json\/wp\/v2\/media?parent=37698"}],"wp:term":[{"taxonomy":"product_cat","embeddable":true,"href":"https:\/\/e.kosmolat.eu\/lt\/wp-json\/wp\/v2\/product_cat?post=37698"},{"taxonomy":"product_tag","embeddable":true,"href":"https:\/\/e.kosmolat.eu\/lt\/wp-json\/wp\/v2\/product_tag?post=37698"}],"curies":[{"name":"wp","href":"https:\/\/api.w.org\/{rel}","templated":true}]}}