{"id":37694,"date":"2023-12-22T20:14:52","date_gmt":"2023-12-22T20:14:52","guid":{"rendered":"https:\/\/e.kosmolat.eu\/product\/bd-regenerejoss-krems-kajam-cica-75-ml\/"},"modified":"2026-04-10T11:07:21","modified_gmt":"2026-04-10T11:07:21","slug":"bd-regenerejoss-krems-kajam-cica-75-ml","status":"publish","type":"product","link":"https:\/\/e.kosmolat.eu\/lt\/produktas\/bd-regenerejoss-krems-kajam-cica-75-ml\/","title":{"rendered":"BEAUTYDERM Regeneruojantis koj\u0173 kremas CICA, 75 ml"},"content":{"rendered":"<p>Sukurtas intensyviai i&scaron;saus\u0117jusioms ir &scaron;iurk&scaron;\u010dioms p\u0117doms atstatyti, be riebumo ar lipnumo poj\u016b\u010dio.<\/p>\n<p><strong>Veikliosios med\u017eiagos:<\/strong><\/p>\n<ul>\n<li>Karbamidas (&scaron;lapalas, urea)suteikia odai &scaron;velnumo ir &scaron;velnumo, apsaugo nuo tolimesnio \u012ftr\u016bkim\u0173 atsiradimo.<\/li>\n<li>Centella asiatica ekstraktas ramina, gydo nedidelius pa\u017eeidimus ir padeda kovoti su odos sen\u0117jimu.<\/li>\n<li>Raudon\u0173j\u0173 dumbli\u0173 ekstraktas yra bioaktyvus kompleksas, padedantis stabdyti sen\u0117jimo procesus ir i&scaron;laikyti odos l\u0105steli\u0173 vientisum\u0105, taip pat turi prie&scaron;u\u017edegimin\u012f poveik\u012f.<\/li>\n<li>D-pantenolis ma\u017eina dirginim\u0105 ir skatina nat\u016bral\u0173 l\u0105steli\u0173 atsinaujinim\u0105.<\/li>\n<\/ul>\n<p><strong>Naudojimas:<\/strong> tepkite krem\u0105 ant &scaron;varios, sausos p\u0117d\u0173 odos.<\/p>\n<p><strong>D\u0117mesio: <\/strong>prie&scaron; naudojant krem\u0105 b\u016btina i&scaron;bandyti ant nedidelio odos ploto. Jei pasirei&scaron;kia alergin\u0117 reakcija, nustokite Naudoti. Naudokite kaip nurodyta.<\/p>\n<p><strong>Kontraindikacijos: <\/strong>individualus netoleravimas kremo komponentams. Laikyti nuo +5&deg;C iki +25&deg;C ir 55-75% santykin\u0117je &nbsp;dr\u0117gm\u0117je, apsaugotoje nuo tiesiogini\u0173 saul\u0117s spinduli\u0173 vietoje. Nelaikykite gaminio ar\u010diau kaip 1 m atstumu nuo auk&scaron;tos temperat\u016bros &scaron;altini\u0173.<br \/>\n&nbsp;<\/p>\n","protected":false},"excerpt":{"rendered":"<p>Sukurtas intensyviai i&scaron;saus\u0117jusioms ir &scaron;iurk&scaron;\u010dioms p\u0117doms atstatyti, be riebumo ar lipnumo poj\u016b\u010dio. Veikliosios med\u017eiagos: Karbamidas (&scaron;lapalas, urea)suteikia odai &scaron;velnumo ir &scaron;velnumo, apsaugo nuo tolimesnio \u012ftr\u016bkim\u0173 atsiradimo. Centella asiatica ekstraktas ramina, gydo nedidelius pa\u017eeidimus ir padeda kovoti su odos sen\u0117jimu. Raudon\u0173j\u0173 dumbli\u0173 ekstraktas yra bioaktyvus kompleksas, padedantis stabdyti sen\u0117jimo procesus ir i&scaron;laikyti odos l\u0105steli\u0173 vientisum\u0105, taip [&#8230;]\n","protected":false},"featured_media":87038,"template":"","meta":[],"product_cat":[1763],"product_tag":[],"class_list":{"0":"post-37694","1":"product","2":"type-product","3":"status-publish","4":"has-post-thumbnail","6":"product_brand-naturpro_ua-lt","7":"product_cat-koju-prieziuros-kosmetika","9":"first","10":"instock","11":"sale","12":"taxable","13":"shipping-taxable","14":"product-type-simple"},"_links":{"self":[{"href":"https:\/\/e.kosmolat.eu\/lt\/wp-json\/wp\/v2\/product\/37694","targetHints":{"allow":["GET"]}}],"collection":[{"href":"https:\/\/e.kosmolat.eu\/lt\/wp-json\/wp\/v2\/product"}],"about":[{"href":"https:\/\/e.kosmolat.eu\/lt\/wp-json\/wp\/v2\/types\/product"}],"wp:featuredmedia":[{"embeddable":true,"href":"https:\/\/e.kosmolat.eu\/lt\/wp-json\/wp\/v2\/media\/87038"}],"wp:attachment":[{"href":"https:\/\/e.kosmolat.eu\/lt\/wp-json\/wp\/v2\/media?parent=37694"}],"wp:term":[{"taxonomy":"product_cat","embeddable":true,"href":"https:\/\/e.kosmolat.eu\/lt\/wp-json\/wp\/v2\/product_cat?post=37694"},{"taxonomy":"product_tag","embeddable":true,"href":"https:\/\/e.kosmolat.eu\/lt\/wp-json\/wp\/v2\/product_tag?post=37694"}],"curies":[{"name":"wp","href":"https:\/\/api.w.org\/{rel}","templated":true}]}}