{"id":37690,"date":"2023-12-22T20:14:22","date_gmt":"2023-12-22T20:14:22","guid":{"rendered":"https:\/\/e.kosmolat.eu\/product\/bd-roku-krems-spa-care-75-ml\/"},"modified":"2026-04-13T10:31:08","modified_gmt":"2026-04-13T10:31:08","slug":"i_bd-roku-krems-spa-care-75-ml","status":"publish","type":"product","link":"https:\/\/e.kosmolat.eu\/lt\/produktas\/i_bd-roku-krems-spa-care-75-ml\/","title":{"rendered":"I_BEAUTYDERM Rank\u0173 kremas \u201cSpa Care\u201d, 75 ml"},"content":{"rendered":"<p>Maitinimas &nbsp;ir apsauga, odos mikrofloros atk\u016brimas. Sukurta sud\u0117tingai jautrios ir pa\u017eeistos rank\u0173, nag\u0173 ir odeli\u0173 odos prie\u017ei\u016brai ir apsaugai.<br \/>\n<strong>Veikliosios med\u017eiagos:<\/strong><br \/>\nPrebiotikas Biolin P maitina nauding\u0105 odos mikroflor\u0105, taip palaikydamas jos nat\u016bral\u0173 imunitet\u0105.<br \/>\nHidrolat\u0173 kompleksas pamaitina od\u0105 biologi\u0161kai aktyviais vitaminais ir palaiko tonus\u0105.<br \/>\nCentella asiatica ekstraktas ramina, gydo nedidelius pa\u017eeidimus ir padeda kovoti su odos sen\u0117jimu.<br \/>\nD-pantenolis ma\u017eina u\u017edegim\u0105 ir dr\u0117kina.<br \/>\n<strong>Naudojimas:<\/strong> tepkite krem\u0105 ant \u0161varios, sausos rank\u0173 odos.<br \/>\nD\u0117mesio: prie\u0161 naudojant krem\u0105 b\u016btina i\u0161bandyti ant nedidelio odos ploto. Jei pasirei\u0161kia alergin\u0117 reakcija, nustokite naudoti. Naudokite kaip nurodyta.<br \/>\n<strong>Kontraindikacijos:<\/strong> individualus netoleravimas kremo komponentams. Laikyti nuo +5&deg;C iki +25&deg;C ir 55-75% santykin\u0117je &nbsp;dr\u0117gm\u0117je, apsaugotoje nuo tiesiogini\u0173 saul\u0117s spinduli\u0173 vietoje. Nelaikykite gaminio ar\u010diau kaip 1 m atstumu nuo auk\u0161tos temperat\u016bros \u0161altini\u0173.<br \/>\n&nbsp;<\/p>\n","protected":false},"excerpt":{"rendered":"<p>Maitinimas &nbsp;ir apsauga, odos mikrofloros atk\u016brimas. Sukurta sud\u0117tingai jautrios ir pa\u017eeistos rank\u0173, nag\u0173 ir odeli\u0173 odos prie\u017ei\u016brai ir apsaugai. Veikliosios med\u017eiagos: Prebiotikas Biolin P maitina nauding\u0105 odos mikroflor\u0105, taip palaikydamas jos nat\u016bral\u0173 imunitet\u0105. Hidrolat\u0173 kompleksas pamaitina od\u0105 biologi\u0161kai aktyviais vitaminais ir palaiko tonus\u0105. Centella asiatica ekstraktas ramina, gydo nedidelius pa\u017eeidimus ir padeda kovoti su odos [&#8230;]\n","protected":false},"featured_media":87030,"template":"","meta":[],"product_cat":[2181],"product_tag":[],"class_list":{"0":"post-37690","1":"product","2":"type-product","3":"status-publish","4":"has-post-thumbnail","6":"product_brand-naturpro_ua-lt","7":"product_cat-bez-kategorijas-lt","9":"first","10":"outofstock","11":"taxable","12":"shipping-taxable","13":"product-type-simple"},"_links":{"self":[{"href":"https:\/\/e.kosmolat.eu\/lt\/wp-json\/wp\/v2\/product\/37690","targetHints":{"allow":["GET"]}}],"collection":[{"href":"https:\/\/e.kosmolat.eu\/lt\/wp-json\/wp\/v2\/product"}],"about":[{"href":"https:\/\/e.kosmolat.eu\/lt\/wp-json\/wp\/v2\/types\/product"}],"wp:featuredmedia":[{"embeddable":true,"href":"https:\/\/e.kosmolat.eu\/lt\/wp-json\/wp\/v2\/media\/87030"}],"wp:attachment":[{"href":"https:\/\/e.kosmolat.eu\/lt\/wp-json\/wp\/v2\/media?parent=37690"}],"wp:term":[{"taxonomy":"product_cat","embeddable":true,"href":"https:\/\/e.kosmolat.eu\/lt\/wp-json\/wp\/v2\/product_cat?post=37690"},{"taxonomy":"product_tag","embeddable":true,"href":"https:\/\/e.kosmolat.eu\/lt\/wp-json\/wp\/v2\/product_tag?post=37690"}],"curies":[{"name":"wp","href":"https:\/\/api.w.org\/{rel}","templated":true}]}}