{"id":37682,"date":"2023-12-22T20:13:29","date_gmt":"2023-12-22T20:13:29","guid":{"rendered":"https:\/\/e.kosmolat.eu\/product\/bd-roku-krems-extra-care-75-ml\/"},"modified":"2026-04-15T07:09:10","modified_gmt":"2026-04-15T07:09:10","slug":"bd-roku-krems-extra-care-75-ml","status":"publish","type":"product","link":"https:\/\/e.kosmolat.eu\/lt\/produktas\/bd-roku-krems-extra-care-75-ml\/","title":{"rendered":"BEAUTYDERM Rank\u0173 kremas \u201cExtra Care\u201d, 75 ml"},"content":{"rendered":"<p>Sukurta taip, kad dr\u0117kint\u0173 i&scaron;saus\u0117jusias ir jautrias rankas, nejuntant riebumo ar lipnumo.<\/p>\n<p><strong>Veikliosios med\u017eiagos:<\/strong><br \/>\n&#8211; Alyvuogi\u0173 aliejus<br \/>\n&#8211; Vitaminai A, E, PP<br \/>\n&#8211; D-pantenolis<br \/>\n&#8211; Alantoinas<\/p>\n<p><strong>Naudojimas: <\/strong>tepkite krem\u0105 ant &scaron;varios, sausos rank\u0173 odos.<br \/>\nD\u0117mesio: prie&scaron; naudojant krem\u0105 b\u016btina i&scaron;bandyti ant nedidelio odos ploto. Jei pasirei&scaron;kia alergin\u0117 reakcija, nustokite Naudoti. Naudokite kaip nurodyta.<\/p>\n<p><strong>Kontraindikacijos: <\/strong>individualus netoleravimas kremo komponentams. Laikyti nuo +5&deg;C iki +25&deg;C ir 55-75% santykin\u0117je &nbsp;dr\u0117gm\u0117je, apsaugotoje nuo tiesiogini\u0173 saul\u0117s spinduli\u0173 vietoje. Nelaikykite gaminio ar\u010diau kaip 1 m atstumu nuo auk&scaron;tos temperat\u016bros &scaron;altini\u0173.<br \/>\n&nbsp;<\/p>\n","protected":false},"excerpt":{"rendered":"<p>Sukurta taip, kad dr\u0117kint\u0173 i&scaron;saus\u0117jusias ir jautrias rankas, nejuntant riebumo ar lipnumo. Veikliosios med\u017eiagos: &#8211; Alyvuogi\u0173 aliejus &#8211; Vitaminai A, E, PP &#8211; D-pantenolis &#8211; Alantoinas Naudojimas: tepkite krem\u0105 ant &scaron;varios, sausos rank\u0173 odos. D\u0117mesio: prie&scaron; naudojant krem\u0105 b\u016btina i&scaron;bandyti ant nedidelio odos ploto. Jei pasirei&scaron;kia alergin\u0117 reakcija, nustokite Naudoti. Naudokite kaip nurodyta. Kontraindikacijos: individualus [&#8230;]\n","protected":false},"featured_media":87098,"template":"","meta":[],"product_cat":[1304],"product_tag":[],"class_list":{"0":"post-37682","1":"product","2":"type-product","3":"status-publish","4":"has-post-thumbnail","6":"product_brand-naturpro_ua-lt","7":"product_cat-ranku-prieziuros-kosmetika","9":"first","10":"outofstock","11":"taxable","12":"shipping-taxable","13":"product-type-simple"},"_links":{"self":[{"href":"https:\/\/e.kosmolat.eu\/lt\/wp-json\/wp\/v2\/product\/37682","targetHints":{"allow":["GET"]}}],"collection":[{"href":"https:\/\/e.kosmolat.eu\/lt\/wp-json\/wp\/v2\/product"}],"about":[{"href":"https:\/\/e.kosmolat.eu\/lt\/wp-json\/wp\/v2\/types\/product"}],"wp:featuredmedia":[{"embeddable":true,"href":"https:\/\/e.kosmolat.eu\/lt\/wp-json\/wp\/v2\/media\/87098"}],"wp:attachment":[{"href":"https:\/\/e.kosmolat.eu\/lt\/wp-json\/wp\/v2\/media?parent=37682"}],"wp:term":[{"taxonomy":"product_cat","embeddable":true,"href":"https:\/\/e.kosmolat.eu\/lt\/wp-json\/wp\/v2\/product_cat?post=37682"},{"taxonomy":"product_tag","embeddable":true,"href":"https:\/\/e.kosmolat.eu\/lt\/wp-json\/wp\/v2\/product_tag?post=37682"}],"curies":[{"name":"wp","href":"https:\/\/api.w.org\/{rel}","templated":true}]}}