{"id":37678,"date":"2023-12-22T20:13:10","date_gmt":"2023-12-22T20:13:10","guid":{"rendered":"https:\/\/e.kosmolat.eu\/product\/i_bd-roku-krems-hyaluronic-75-ml\/"},"modified":"2025-09-19T23:28:44","modified_gmt":"2025-09-19T23:28:44","slug":"i_bd-roku-krems-hyaluronic-75-ml","status":"publish","type":"product","link":"https:\/\/e.kosmolat.eu\/lt\/produktas\/i_bd-roku-krems-hyaluronic-75-ml\/","title":{"rendered":"I_BEAUTYDERM Rank\u0173 kremas \u201cHyaluronic\u201d, 75 ml"},"content":{"rendered":"<p>Sukurta taip, kad dr\u0117kint\u0173 i\u0161saus\u0117jusias ir jautrias rankas, nejuntant riebumo ar lipnumo.<br \/>\n<strong>Veikliosios med\u017eiagos:<\/strong><br \/>\n&#8211; Hialurono r\u016bg\u0161tis<br \/>\n&#8211; Alavij\u0173 ekstraktas<br \/>\n&#8211; D-pantenolis<br \/>\n&#8211; Alantoinas&nbsp;<br \/>\n<strong>Naudojimas:<\/strong> tepkite krem\u0105 ant \u0161varios, sausos rank\u0173 odos.<br \/>\nD\u0117mesio: prie\u0161 naudojant krem\u0105 b\u016btina i\u0161bandyti ant nedidelio odos ploto. Jei pasirei\u0161kia alergin\u0117 reakcija, nustokite Naudoti. Naudokite kaip nurodyta.<br \/>\n<strong>Kontraindikacijos:<\/strong> individualus netoleravimas kremo komponentams. Laikyti nuo +5&deg;C iki +25&deg;C ir 55-75% santykin\u0117je &nbsp;dr\u0117gm\u0117je, apsaugotoje nuo tiesiogini\u0173 saul\u0117s spinduli\u0173 vietoje. Nelaikykite gaminio ar\u010diau kaip 1 m atstumu nuo auk\u0161tos temperat\u016bros \u0161altini\u0173.<br \/>\n&nbsp;<\/p>\n","protected":false},"excerpt":{"rendered":"<p>Sukurta taip, kad dr\u0117kint\u0173 i\u0161saus\u0117jusias ir jautrias rankas, nejuntant riebumo ar lipnumo. Veikliosios med\u017eiagos: &#8211; Hialurono r\u016bg\u0161tis &#8211; Alavij\u0173 ekstraktas &#8211; D-pantenolis &#8211; Alantoinas&nbsp; Naudojimas: tepkite krem\u0105 ant \u0161varios, sausos rank\u0173 odos. D\u0117mesio: prie\u0161 naudojant krem\u0105 b\u016btina i\u0161bandyti ant nedidelio odos ploto. Jei pasirei\u0161kia alergin\u0117 reakcija, nustokite Naudoti. Naudokite kaip nurodyta. Kontraindikacijos: individualus netoleravimas kremo [&#8230;]\n","protected":false},"featured_media":87094,"template":"","meta":[],"product_cat":[1304],"product_tag":[],"class_list":{"0":"post-37678","1":"product","2":"type-product","3":"status-publish","4":"has-post-thumbnail","6":"product_brand-naturpro_ua-lt","7":"product_cat-ranku-prieziuros-kosmetika","9":"first","10":"outofstock","11":"taxable","12":"shipping-taxable","13":"product-type-simple"},"_links":{"self":[{"href":"https:\/\/e.kosmolat.eu\/lt\/wp-json\/wp\/v2\/product\/37678","targetHints":{"allow":["GET"]}}],"collection":[{"href":"https:\/\/e.kosmolat.eu\/lt\/wp-json\/wp\/v2\/product"}],"about":[{"href":"https:\/\/e.kosmolat.eu\/lt\/wp-json\/wp\/v2\/types\/product"}],"wp:featuredmedia":[{"embeddable":true,"href":"https:\/\/e.kosmolat.eu\/lt\/wp-json\/wp\/v2\/media\/87094"}],"wp:attachment":[{"href":"https:\/\/e.kosmolat.eu\/lt\/wp-json\/wp\/v2\/media?parent=37678"}],"wp:term":[{"taxonomy":"product_cat","embeddable":true,"href":"https:\/\/e.kosmolat.eu\/lt\/wp-json\/wp\/v2\/product_cat?post=37678"},{"taxonomy":"product_tag","embeddable":true,"href":"https:\/\/e.kosmolat.eu\/lt\/wp-json\/wp\/v2\/product_tag?post=37678"}],"curies":[{"name":"wp","href":"https:\/\/api.w.org\/{rel}","templated":true}]}}