{"id":37674,"date":"2023-12-22T20:12:43","date_gmt":"2023-12-22T20:12:43","guid":{"rendered":"https:\/\/e.kosmolat.eu\/product\/bd-mitrinoss-krems-visai-gimenei-maiga-kopsana-250-ml\/"},"modified":"2026-05-08T18:29:00","modified_gmt":"2026-05-08T18:29:00","slug":"bd-mitrinoss-krems-visai-gimenei-maiga-kopsana-250-ml","status":"publish","type":"product","link":"https:\/\/e.kosmolat.eu\/lt\/produktas\/bd-mitrinoss-krems-visai-gimenei-maiga-kopsana-250-ml\/","title":{"rendered":"BEAUTYDERM Dr\u0117kinamasis kremas \u0160velni prie\u017ei\u016bra, 250 ml"},"content":{"rendered":"<p>Dr\u0117kinamasis kremas visai \u0161eimai &quot;&Scaron;velni prie\u017ei\u016bra&quot; \u0422\u041c BEAUTYDERM<\/p>\n<p><strong>Naudojimas: <\/strong>tepkite krem\u0105 ant \u0161varios veido ir k\u016bno odos.<\/p>\n<p><strong>D\u0117mesio: <\/strong>prie\u0161 naudojant krem\u0105 b\u016btina i\u0161bandyti ant nedidelio odos ploto. Jei pasirei\u0161kia alergin\u0117 reakcija, nustokite naudoti. Naudokite kaip nurodyta. Tik i\u0161oriniam naudojimui. Patekus \u012f akis, gerai nuplauti dideliu kiekiu tekan\u010dio vandens. Galimas individualus jautrumas kremo komponentams<\/p>\n<p>Laikyti nuo +5&deg;C iki +25&deg;C ir 55-75% santykin\u0117je dr\u0117gm\u0117je, vietojeapsaugotoje nuo tiesiogini\u0173 saul\u0117s spinduli\u0173. Nelaikykite gaminio ar\u010diau kaip 1 m atstumu nuo auk\u0161tos temperat\u016bros \u0161altini\u0173.<\/p>\n<p><strong>Tinkamumo laikas:<\/strong> 36 m\u0117nesiai nuo pagaminimo datos. Atidarius sunaudoti per 12 m\u0117nesi\u0173.<\/p>\n","protected":false},"excerpt":{"rendered":"<p>Dr\u0117kinamasis kremas visai \u0161eimai &quot;&Scaron;velni prie\u017ei\u016bra&quot; \u0422\u041c BEAUTYDERM Naudojimas: tepkite krem\u0105 ant \u0161varios veido ir k\u016bno odos. D\u0117mesio: prie\u0161 naudojant krem\u0105 b\u016btina i\u0161bandyti ant nedidelio odos ploto. Jei pasirei\u0161kia alergin\u0117 reakcija, nustokite naudoti. Naudokite kaip nurodyta. Tik i\u0161oriniam naudojimui. Patekus \u012f akis, gerai nuplauti dideliu kiekiu tekan\u010dio vandens. Galimas individualus jautrumas kremo komponentams Laikyti nuo [&#8230;]\n","protected":false},"featured_media":87058,"template":"","meta":[],"product_cat":[1390],"product_tag":[],"class_list":{"0":"post-37674","1":"product","2":"type-product","3":"status-publish","4":"has-post-thumbnail","6":"product_brand-naturpro_ua-lt","7":"product_cat-kremai-aliejai-kuno-pienelis","9":"first","10":"instock","11":"taxable","12":"shipping-taxable","13":"product-type-simple"},"_links":{"self":[{"href":"https:\/\/e.kosmolat.eu\/lt\/wp-json\/wp\/v2\/product\/37674","targetHints":{"allow":["GET"]}}],"collection":[{"href":"https:\/\/e.kosmolat.eu\/lt\/wp-json\/wp\/v2\/product"}],"about":[{"href":"https:\/\/e.kosmolat.eu\/lt\/wp-json\/wp\/v2\/types\/product"}],"wp:featuredmedia":[{"embeddable":true,"href":"https:\/\/e.kosmolat.eu\/lt\/wp-json\/wp\/v2\/media\/87058"}],"wp:attachment":[{"href":"https:\/\/e.kosmolat.eu\/lt\/wp-json\/wp\/v2\/media?parent=37674"}],"wp:term":[{"taxonomy":"product_cat","embeddable":true,"href":"https:\/\/e.kosmolat.eu\/lt\/wp-json\/wp\/v2\/product_cat?post=37674"},{"taxonomy":"product_tag","embeddable":true,"href":"https:\/\/e.kosmolat.eu\/lt\/wp-json\/wp\/v2\/product_tag?post=37674"}],"curies":[{"name":"wp","href":"https:\/\/api.w.org\/{rel}","templated":true}]}}