{"id":37670,"date":"2023-12-22T20:12:14","date_gmt":"2023-12-22T20:12:14","guid":{"rendered":"https:\/\/e.kosmolat.eu\/product\/bd-universalais-krems-sejai-un-kermenim-250-ml\/"},"modified":"2026-01-05T07:28:48","modified_gmt":"2026-01-05T07:28:48","slug":"i_bd-universalais-krems-sejai-un-kermenim-250-ml","status":"publish","type":"product","link":"https:\/\/e.kosmolat.eu\/lt\/produktas\/i_bd-universalais-krems-sejai-un-kermenim-250-ml\/","title":{"rendered":"I_BEAUTYDERM Universalus kremas veidui ir k\u016bnui, 250 ml"},"content":{"rendered":"<p>Universalus veido ir k\u016bno kremas.<\/p>\n<p><strong>Naudojimas: <\/strong>tepkite krem\u0105 ant \u0161varios veido ir k\u016bno odos.<\/p>\n<p><strong>D\u0117mesio: <\/strong>prie\u0161 naudojant krem\u0105 b\u016btina i\u0161bandyti ant nedidelio odos ploto. Jei pasirei\u0161kia alergin\u0117 reakcija, nustokite vartoti. Naudokite kaip nurodyta. Tik i\u0161oriniam naudojimui. Patekus \u012f akis, gerai nuplauti dideliu kiekiu tekan\u010dio vandens.<\/p>\n<p><strong>Kontraindikacijos:<\/strong> individualus jautrumas kremo komponentams.<\/p>\n<p>Laikyti nuo +5&deg;C iki +25&deg;C temperat\u016broje, o santykin\u0117 oro dr\u0117gm\u0117 55-70%, apsaugota nuo tiesiogini\u0173 saul\u0117s spinduli\u0173, ma\u017eiausiai 1 m (m) atstumu nuo auk\u0161tos temperat\u016bros \u0161altini\u0173.<\/p>\n<p><strong>Galiojimo laikas:<\/strong> 36 m\u0117nesiai nuo pagaminimo datos, nurodytos ant pakuot\u0117s. Atidarius, sunaudoti per 12 m\u0117nesi\u0173, atsi\u017evelgiant \u012f ant pakuot\u0117s nurodyt\u0105 tinkamumo laik\u0105.<br \/>\n&nbsp;<\/p>\n","protected":false},"excerpt":{"rendered":"<p>Universalus veido ir k\u016bno kremas. Naudojimas: tepkite krem\u0105 ant \u0161varios veido ir k\u016bno odos. D\u0117mesio: prie\u0161 naudojant krem\u0105 b\u016btina i\u0161bandyti ant nedidelio odos ploto. Jei pasirei\u0161kia alergin\u0117 reakcija, nustokite vartoti. Naudokite kaip nurodyta. Tik i\u0161oriniam naudojimui. Patekus \u012f akis, gerai nuplauti dideliu kiekiu tekan\u010dio vandens. Kontraindikacijos: individualus jautrumas kremo komponentams. Laikyti nuo +5&deg;C iki +25&deg;C [&#8230;]\n","protected":false},"featured_media":87054,"template":"","meta":[],"product_cat":[1322],"product_tag":[],"class_list":{"0":"post-37670","1":"product","2":"type-product","3":"status-publish","4":"has-post-thumbnail","6":"product_brand-naturpro_ua-lt","7":"product_cat-veido-kremai","9":"first","10":"outofstock","11":"taxable","12":"shipping-taxable","13":"product-type-simple"},"_links":{"self":[{"href":"https:\/\/e.kosmolat.eu\/lt\/wp-json\/wp\/v2\/product\/37670","targetHints":{"allow":["GET"]}}],"collection":[{"href":"https:\/\/e.kosmolat.eu\/lt\/wp-json\/wp\/v2\/product"}],"about":[{"href":"https:\/\/e.kosmolat.eu\/lt\/wp-json\/wp\/v2\/types\/product"}],"wp:featuredmedia":[{"embeddable":true,"href":"https:\/\/e.kosmolat.eu\/lt\/wp-json\/wp\/v2\/media\/87054"}],"wp:attachment":[{"href":"https:\/\/e.kosmolat.eu\/lt\/wp-json\/wp\/v2\/media?parent=37670"}],"wp:term":[{"taxonomy":"product_cat","embeddable":true,"href":"https:\/\/e.kosmolat.eu\/lt\/wp-json\/wp\/v2\/product_cat?post=37670"},{"taxonomy":"product_tag","embeddable":true,"href":"https:\/\/e.kosmolat.eu\/lt\/wp-json\/wp\/v2\/product_tag?post=37670"}],"curies":[{"name":"wp","href":"https:\/\/api.w.org\/{rel}","templated":true}]}}